{"id":105759,"date":"2022-10-12T09:07:53","date_gmt":"2022-10-12T07:07:53","guid":{"rendered":"http:\/\/dev.claret.cat\/producte\/a-dios-ya-no-se-le-echa-en-falta\/"},"modified":"2024-05-02T16:16:12","modified_gmt":"2024-05-02T14:16:12","slug":"a-dios-ya-no-se-le-echa-en-falta-9788418303111","status":"publish","type":"product","link":"https:\/\/www.claret.cat\/es\/libro\/a-dios-ya-no-se-le-echa-en-falta-9788418303111\/","title":{"rendered":"A DIOS YA NO SE LE ECHA EN FALTA"},"content":{"rendered":"<p>El autor toma un pensamiento de Martin Heidegger como t\u00edtulo del presente estudio, pues, como gran genio, presagi\u00f3 el olvido de Dios debido a la huida del pensamiento. San Agust\u00edn invita a pensar desde la realidad m\u00e1s elemental observable: \u201cvides viventem, cogita morientem\u201d. La vida, que en su ser m\u00e1s \u00edntimo, es pasi\u00f3n de s\u00ed misma, lleva en su misma entra\u00f1a la muerte que aborrece cordialmente. La vivencia de esta realidad contradictoria que se vive en el coraz\u00f3n fue siempre una invitaci\u00f3n a la trascendencia. El primer grito del hombre es, como dice san Agust\u00edn, \u201cquiero vivir\u201d. Hoy d\u00eda se huye de esta sencilla manera de pensar porque resulta innecesaria e, incluso, molesta.Es preciso volver al Dios que est\u00e1 m\u00e1s all\u00e1 de la cultura, al Dios inefable y al que por la fe \u201cse ama sin entenderle\u201d. Hay que recuperar al Dios de los m\u00edsticos.La espiritualidad agustiniana, sabedora de que un coraz\u00f3n ciego es un entendimiento ciego, sale al paso de la indiferencia religiosa desde un \u00e1mbito emocional y no desde el intelectual. Amar es desear la eternidad para la persona amada. El amor lleva en s\u00ed la trascendencia.<\/p>\n","protected":false},"excerpt":{"rendered":"<p>CANCELO GARC\u00cdA, JOS\u00c9 LUIS<\/p>\n","protected":false},"featured_media":330475,"template":"","meta":{"_acf_changed":false,"om_disable_all_campaigns":false,"rs_blank_template":"","rs_page_bg_color":"","slide_template_v7":"","inline_featured_image":false,"_monsterinsights_skip_tracking":false,"_monsterinsights_sitenote_active":false,"_monsterinsights_sitenote_note":"","_monsterinsights_sitenote_category":0},"product_brand":[],"product_cat":[90,540],"product_tag":[],"class_list":{"0":"post-105759","1":"product","2":"type-product","3":"status-publish","4":"has-post-thumbnail","6":"product_cat-altres","7":"product_cat-otros","9":"first","10":"instock","11":"taxable","12":"shipping-taxable","13":"purchasable","14":"product-type-simple"},"acf":{"editorial":[{"ID":6309,"post_author":"3","post_date":"2022-07-28 17:49:25","post_date_gmt":"2022-07-28 15:49:25","post_content":"","post_title":"Monte Carmelo","post_excerpt":"","post_status":"publish","comment_status":"closed","ping_status":"closed","post_password":"","post_name":"monte-carmelo","to_ping":"","pinged":"","post_modified":"2022-07-28 17:49:25","post_modified_gmt":"2022-07-28 15:49:25","post_content_filtered":"","post_parent":0,"guid":"http:\/\/dev.claret.cat\/editorial\/monte-carmelo\/","menu_order":0,"post_type":"editorial","post_mime_type":"","comment_count":"0","filter":"raw"}],"autor":"CANCELO GARC\u00cdA, JOS\u00c9 LUIS","codart":"841830311","libros-coleccion":"ESPIRITU-NORTE","ediciones":"1","encuadernacion":"R\u00fastica","fecha_de_publicacion":"16\/09\/2020","novedad":"1","paginas":"274","subtitulo":"LA ESPIRITUALIDAD AGUSTINIANA REPENSADA PARA NUESTROS D\u00cdAS","orden":"0","portada":"0","idioma":"spa","autores-libros":[{"ID":160314,"post_author":"3","post_date":"2022-10-14 15:52:04","post_date_gmt":"2022-10-14 13:52:04","post_content":"","post_title":"JOS\u00c9 LUIS CANCELO GARC\u00cdA","post_excerpt":"","post_status":"publish","comment_status":"closed","ping_status":"closed","post_password":"","post_name":"jose-luis-cancelo-garcia","to_ping":"","pinged":"","post_modified":"2022-10-14 15:52:04","post_modified_gmt":"2022-10-14 13:52:04","post_content_filtered":"","post_parent":0,"guid":"http:\/\/dev.claret.cat\/autor\/jose-luis-cancelo-garcia\/","menu_order":0,"post_type":"autor","post_mime_type":"","comment_count":"0","filter":"raw"}]},"aioseo_notices":[],"_links":{"self":[{"href":"https:\/\/www.claret.cat\/es\/wp-json\/wp\/v2\/product\/105759","targetHints":{"allow":["GET"]}}],"collection":[{"href":"https:\/\/www.claret.cat\/es\/wp-json\/wp\/v2\/product"}],"about":[{"href":"https:\/\/www.claret.cat\/es\/wp-json\/wp\/v2\/types\/product"}],"wp:featuredmedia":[{"embeddable":true,"href":"https:\/\/www.claret.cat\/es\/wp-json\/wp\/v2\/media\/330475"}],"wp:attachment":[{"href":"https:\/\/www.claret.cat\/es\/wp-json\/wp\/v2\/media?parent=105759"}],"wp:term":[{"taxonomy":"product_brand","embeddable":true,"href":"https:\/\/www.claret.cat\/es\/wp-json\/wp\/v2\/product_brand?post=105759"},{"taxonomy":"product_cat","embeddable":true,"href":"https:\/\/www.claret.cat\/es\/wp-json\/wp\/v2\/product_cat?post=105759"},{"taxonomy":"product_tag","embeddable":true,"href":"https:\/\/www.claret.cat\/es\/wp-json\/wp\/v2\/product_tag?post=105759"}],"curies":[{"name":"wp","href":"https:\/\/api.w.org\/{rel}","templated":true}]}}