{"id":1057745,"date":"2025-10-07T15:40:12","date_gmt":"2025-10-07T13:40:12","guid":{"rendered":"https:\/\/www.claret.cat\/llibre\/el-pirata-9788484706946\/"},"modified":"2025-10-07T16:47:20","modified_gmt":"2025-10-07T14:47:20","slug":"el-pirata-9788484706946","status":"publish","type":"product","link":"https:\/\/www.claret.cat\/es\/libro\/el-pirata-9788484706946\/","title":{"rendered":"EL PIRATA"},"content":{"rendered":"<p>#Pirata #Halloween #Fondo marino #Animales marinos #Humor #Muerte<\/p>\n<p> Un \u00e1vido pirata, arrogante y codicioso, es asesinado y luego arrojado al mar. A medida que los animales marinos se le acercan, le quitan joyas, ropa e incluso partes del cuerpo. Pero con cada p\u00e9rdida, el pirata comienza a cambiar interiormente. Este recorrido bajo el agua se convierte en una profunda reflexi\u00f3n sobre la vida y la muerte, reflejada en la met\u00e1fora de los tesoros y la transformaci\u00f3n que revela.<\/p>\n<p> La vida como un tesoro y la muerte como una liberaci\u00f3n. <\/p>\n<p> Las im\u00e1genes del mar \u2014las figuras marinas que despojan al pirata y los fragmentos que recogen\u2014 crean una sinfon\u00eda visual y narrativa que impulsa a reflexionar sobre lo que realmente importa.  <\/p>\n<p> BolognaRagazzi Awards 2024 con una menci\u00f3n especial por el tratamiento del tema del mar y el ciclo de la vida.  <\/p>\n<p> \u00b7 Libro de aventuras de piratas  <\/p>\n<p> \u00b7 Vida y especies del fondo marino<\/p>\n<p> \u00b7 Ciclo de la vida<\/p>\n","protected":false},"excerpt":{"rendered":"<p>SHIMODA, MASAKATSU<\/p>\n","protected":false},"featured_media":1057746,"template":"","meta":{"_acf_changed":false,"om_disable_all_campaigns":false,"rs_blank_template":"","rs_page_bg_color":"","slide_template_v7":"","inline_featured_image":false,"_monsterinsights_skip_tracking":false,"_monsterinsights_sitenote_active":false,"_monsterinsights_sitenote_note":"","_monsterinsights_sitenote_category":0},"product_brand":[],"product_cat":[131,361],"product_tag":[],"class_list":{"0":"post-1057745","1":"product","2":"type-product","3":"status-publish","4":"has-post-thumbnail","6":"product_cat-contes-per-infants-0-6-anys","7":"product_cat-cuentos-para-ninos-0-6-anos","9":"first","10":"instock","11":"taxable","12":"shipping-taxable","13":"purchasable","14":"product-type-simple"},"acf":{"autor":"SHIMODA, MASAKATSU","codart":"848470694","libros-coleccion":"\u00c1lbumes ilustrados","ediciones":"1","encuadernacion":"Carpeta","fecha_de_publicacion":"01\/09\/2025","novedad":"1","paginas":"45","subtitulo":"","orden":"0","portada":"0","idioma":"spa","booktrailer":"","resenas":"","editorial":[{"ID":147951,"post_author":"3","post_date":"2022-10-14 11:54:29","post_date_gmt":"2022-10-14 09:54:29","post_content":"","post_title":"EDITORIAL CORIMBO","post_excerpt":"","post_status":"publish","comment_status":"closed","ping_status":"closed","post_password":"","post_name":"editorial-corimbo","to_ping":"","pinged":"","post_modified":"2022-10-14 11:54:29","post_modified_gmt":"2022-10-14 09:54:29","post_content_filtered":"","post_parent":0,"guid":"http:\/\/dev.claret.cat\/editorial\/editorial-corimbo\/","menu_order":0,"post_type":"editorial","post_mime_type":"","comment_count":"0","filter":"raw"}]},"aioseo_notices":[],"_links":{"self":[{"href":"https:\/\/www.claret.cat\/es\/wp-json\/wp\/v2\/product\/1057745","targetHints":{"allow":["GET"]}}],"collection":[{"href":"https:\/\/www.claret.cat\/es\/wp-json\/wp\/v2\/product"}],"about":[{"href":"https:\/\/www.claret.cat\/es\/wp-json\/wp\/v2\/types\/product"}],"wp:featuredmedia":[{"embeddable":true,"href":"https:\/\/www.claret.cat\/es\/wp-json\/wp\/v2\/media\/1057746"}],"wp:attachment":[{"href":"https:\/\/www.claret.cat\/es\/wp-json\/wp\/v2\/media?parent=1057745"}],"wp:term":[{"taxonomy":"product_brand","embeddable":true,"href":"https:\/\/www.claret.cat\/es\/wp-json\/wp\/v2\/product_brand?post=1057745"},{"taxonomy":"product_cat","embeddable":true,"href":"https:\/\/www.claret.cat\/es\/wp-json\/wp\/v2\/product_cat?post=1057745"},{"taxonomy":"product_tag","embeddable":true,"href":"https:\/\/www.claret.cat\/es\/wp-json\/wp\/v2\/product_tag?post=1057745"}],"curies":[{"name":"wp","href":"https:\/\/api.w.org\/{rel}","templated":true}]}}