{"id":1057908,"date":"2025-10-07T17:22:50","date_gmt":"2025-10-07T15:22:50","guid":{"rendered":"https:\/\/www.claret.cat\/llibre\/por-que-la-guerra-9788411076746\/"},"modified":"2026-01-17T13:15:41","modified_gmt":"2026-01-17T12:15:41","slug":"por-que-la-guerra-9788411076746","status":"publish","type":"product","link":"https:\/\/www.claret.cat\/es\/libro\/por-que-la-guerra-9788411076746\/","title":{"rendered":"\u00bfPOR QU\u00c9 LA GUERRA?"},"content":{"rendered":"<p>Para erradicar la tendencia humana a la agresividad, conviene conocer las ra\u00edces biol\u00f3gicas, antropol\u00f3gicas, hist\u00f3ricas y sociales que confluyen en las guerras.El gran historiador Richard Overy explora en este iluminador ensayo las causas y motivos que se ocultan tras uno de los fen\u00f3menos presentes en todos los tiempos y en todas las sociedades humanas: la guerra. Partiendo del intercambio de ideas que sobre este asunto mantuvieron Sigmund Freud y Albert Einstein en los a\u00f1os treinta, Overy focaliza el origen de la agresividad y el recurso a la violencia en dos posibles puntos de partida: el individuo y la sociedad. Si es cierto que la violencia est\u00e1 inscrita en nuestros genes o si, como postulaba Freud, existe un instinto de muerte enraizado en nuestro inconsciente, las perspectivas de acabar con las guerras son escasas. En cambio, si como pensaba Einstein, la guerra no es algo natural y el origen de esta tiene m\u00e1s que ver con la lucha de las sociedades por el poder, los recursos o la seguridad, \u00bfcabe aspirar a una futura resoluci\u00f3n pac\u00edfica de los conflictos? En este absorbente ensayo su autor, uno de los mayores conocedores de la historia militar del siglo xx, nos conduce desde el Neol\u00edtico hasta la actual guerra en Ucrania, compara la belicosidad de algunos grupos tribales con la que experimentamos en las modernas sociedades industriales e ilumina aspectos poco conocidos de personajes como Julio C\u00e9sar, Napole\u00f3n o Hitler.<\/p>\n","protected":false},"excerpt":{"rendered":"<p>OVERY, RICHARD<\/p>\n","protected":false},"featured_media":1074196,"template":"","meta":{"_acf_changed":false,"om_disable_all_campaigns":false,"rs_blank_template":"","rs_page_bg_color":"","slide_template_v7":"","inline_featured_image":false,"_monsterinsights_skip_tracking":false,"_monsterinsights_sitenote_active":false,"_monsterinsights_sitenote_note":"","_monsterinsights_sitenote_category":0},"product_brand":[],"product_cat":[157,370],"product_tag":[],"class_list":{"0":"post-1057908","1":"product","2":"type-product","3":"status-publish","4":"has-post-thumbnail","6":"product_cat-investigacio-i-corrents","7":"product_cat-investigacion-y-corrientes","9":"first","10":"instock","11":"taxable","12":"shipping-taxable","13":"purchasable","14":"product-type-simple"},"acf":{"autor":"OVERY, RICHARD","codart":"841107674","libros-coleccion":"Condici\u00f3n Humana","ediciones":"1","encuadernacion":"R\u00fastica","fecha_de_publicacion":"01\/10\/2025","novedad":"1","paginas":"379","subtitulo":"","orden":"0","portada":"0","idioma":"spa","booktrailer":"","resenas":"","editorial":[{"ID":8271,"post_author":"3","post_date":"2022-09-30 09:21:39","post_date_gmt":"2022-09-30 07:21:39","post_content":"","post_title":"TUSQUETS EDITORES","post_excerpt":"","post_status":"publish","comment_status":"closed","ping_status":"closed","post_password":"","post_name":"tusquets-editores","to_ping":"","pinged":"","post_modified":"2022-09-30 09:21:39","post_modified_gmt":"2022-09-30 07:21:39","post_content_filtered":"","post_parent":0,"guid":"http:\/\/dev.claret.cat\/editorial\/tusquets-editores\/","menu_order":0,"post_type":"editorial","post_mime_type":"","comment_count":"0","filter":"raw"}]},"aioseo_notices":[],"_links":{"self":[{"href":"https:\/\/www.claret.cat\/es\/wp-json\/wp\/v2\/product\/1057908","targetHints":{"allow":["GET"]}}],"collection":[{"href":"https:\/\/www.claret.cat\/es\/wp-json\/wp\/v2\/product"}],"about":[{"href":"https:\/\/www.claret.cat\/es\/wp-json\/wp\/v2\/types\/product"}],"wp:featuredmedia":[{"embeddable":true,"href":"https:\/\/www.claret.cat\/es\/wp-json\/wp\/v2\/media\/1074196"}],"wp:attachment":[{"href":"https:\/\/www.claret.cat\/es\/wp-json\/wp\/v2\/media?parent=1057908"}],"wp:term":[{"taxonomy":"product_brand","embeddable":true,"href":"https:\/\/www.claret.cat\/es\/wp-json\/wp\/v2\/product_brand?post=1057908"},{"taxonomy":"product_cat","embeddable":true,"href":"https:\/\/www.claret.cat\/es\/wp-json\/wp\/v2\/product_cat?post=1057908"},{"taxonomy":"product_tag","embeddable":true,"href":"https:\/\/www.claret.cat\/es\/wp-json\/wp\/v2\/product_tag?post=1057908"}],"curies":[{"name":"wp","href":"https:\/\/api.w.org\/{rel}","templated":true}]}}