{"id":105801,"date":"2022-10-12T09:08:30","date_gmt":"2022-10-12T07:08:30","guid":{"rendered":"http:\/\/dev.claret.cat\/producte\/la-naturaleza-como-totalidad\/"},"modified":"2023-01-28T18:23:45","modified_gmt":"2023-01-28T17:23:45","slug":"la-naturaleza-como-totalidad-9788412074390","status":"publish","type":"product","link":"https:\/\/www.claret.cat\/es\/libro\/la-naturaleza-como-totalidad-9788412074390\/","title":{"rendered":"LA NATURALEZA COMO TOTALIDAD"},"content":{"rendered":"<p>Cuando en los a\u00f1os sesenta David Bohm le mostr\u00f3 el problema de la totalidad en la teor\u00eda cu\u00e1ntica, Henri Bortoft encontr\u00f3 su origen nada menos que en la obra cient\u00edfica de un celebrado poeta y dramaturgo que vivi\u00f3 a caballo de los siglos xviii y xix: J. W. Goethe. Sin embargo, cuando \u00e9ste present\u00f3 sus teor\u00edas sobre el color tras veinte laboriosos a\u00f1os de trabajo, la comunidad cient\u00edfica reaccion\u00f3 con desd\u00e9n. El tiempo ha acabado dando la raz\u00f3n a las intuiciones goethianas, mientras que las teor\u00edas cient\u00edficas de su \u00e9poca se ven hoy como pintorescas reliquias del pasado.<br \/> Con sutil penetraci\u00f3n y gran claridad expositiva, Bortoft nos va introduciendo a trav\u00e9s<br \/> de la fenomenolog\u00eda hermen\u00e9utica de Goethe en las complejidades de la ciencia actual, a la vez que nos inicia en una ciencia de la naturaleza que no contradice sino que complementa a la corriente cient\u00edfica establecida. Ambas pueden ser ciertas, no porque la verdad sea relativa, sino porque revelan dos formas de ver diferentes. Mientras que la ciencia imperante nos descubre el orden causal de la naturaleza, el enfoque inaugurado por Goethe pone de manifiesto la totalidad en el fen\u00f3meno mediante una nueva consciencia hol\u00edstica, cada vez m\u00e1s necesaria.<\/p>\n","protected":false},"excerpt":{"rendered":"<p>BORTOFT, HENRI<\/p>\n","protected":false},"featured_media":105802,"template":"","meta":{"_acf_changed":false,"om_disable_all_campaigns":false,"rs_blank_template":"","rs_page_bg_color":"","slide_template_v7":"","inline_featured_image":false,"_monsterinsights_skip_tracking":false,"_monsterinsights_sitenote_active":false,"_monsterinsights_sitenote_note":"","_monsterinsights_sitenote_category":0},"product_brand":[],"product_cat":[104],"product_tag":[],"class_list":{"0":"post-105801","1":"product","2":"type-product","3":"status-publish","4":"has-post-thumbnail","6":"product_cat-ciencia","8":"first","9":"instock","10":"taxable","11":"shipping-taxable","12":"purchasable","13":"product-type-simple"},"acf":{"editorial":[{"ID":6199,"post_author":"3","post_date":"2022-07-28 17:46:59","post_date_gmt":"2022-07-28 15:46:59","post_content":"","post_title":"EDICIONES ATALANTA","post_excerpt":"","post_status":"publish","comment_status":"closed","ping_status":"closed","post_password":"","post_name":"ediciones-atalanta","to_ping":"","pinged":"","post_modified":"2022-07-28 17:46:59","post_modified_gmt":"2022-07-28 15:46:59","post_content_filtered":"","post_parent":0,"guid":"http:\/\/dev.claret.cat\/editorial\/ediciones-atalanta\/","menu_order":0,"post_type":"editorial","post_mime_type":"","comment_count":"0","filter":"raw"}],"autores-libros":[{"ID":157508,"post_author":"3","post_date":"2022-10-14 15:29:23","post_date_gmt":"2022-10-14 13:29:23","post_content":"","post_title":"HENRI BORTOFT","post_excerpt":"","post_status":"publish","comment_status":"closed","ping_status":"closed","post_password":"","post_name":"henri-bortoft","to_ping":"","pinged":"","post_modified":"2022-10-14 15:29:23","post_modified_gmt":"2022-10-14 13:29:23","post_content_filtered":"","post_parent":0,"guid":"http:\/\/dev.claret.cat\/autor\/henri-bortoft\/","menu_order":0,"post_type":"autor","post_mime_type":"","comment_count":"0","filter":"raw"}],"autor":"BORTOFT, HENRI","codart":"841207439","libros-coleccion":"FORA DE COL.LECCI\u00d3","ediciones":"1","encuadernacion":"Carton\u00e9","fecha_de_publicacion":"01\/07\/2020","novedad":"1","paginas":"544","subtitulo":"LA VISI\u00d3N CIENT\u00cdFICA DE GOETHE","orden":"0","portada":"0","idioma":"spa"},"aioseo_notices":[],"_links":{"self":[{"href":"https:\/\/www.claret.cat\/es\/wp-json\/wp\/v2\/product\/105801","targetHints":{"allow":["GET"]}}],"collection":[{"href":"https:\/\/www.claret.cat\/es\/wp-json\/wp\/v2\/product"}],"about":[{"href":"https:\/\/www.claret.cat\/es\/wp-json\/wp\/v2\/types\/product"}],"wp:featuredmedia":[{"embeddable":true,"href":"https:\/\/www.claret.cat\/es\/wp-json\/wp\/v2\/media\/105802"}],"wp:attachment":[{"href":"https:\/\/www.claret.cat\/es\/wp-json\/wp\/v2\/media?parent=105801"}],"wp:term":[{"taxonomy":"product_brand","embeddable":true,"href":"https:\/\/www.claret.cat\/es\/wp-json\/wp\/v2\/product_brand?post=105801"},{"taxonomy":"product_cat","embeddable":true,"href":"https:\/\/www.claret.cat\/es\/wp-json\/wp\/v2\/product_cat?post=105801"},{"taxonomy":"product_tag","embeddable":true,"href":"https:\/\/www.claret.cat\/es\/wp-json\/wp\/v2\/product_tag?post=105801"}],"curies":[{"name":"wp","href":"https:\/\/api.w.org\/{rel}","templated":true}]}}