{"id":105825,"date":"2022-10-12T09:08:50","date_gmt":"2022-10-12T07:08:50","guid":{"rendered":"http:\/\/dev.claret.cat\/producte\/mikeltube-2-mikeltube-y-la-isla-del-apocalipsis-final\/"},"modified":"2023-01-28T21:01:35","modified_gmt":"2023-01-28T20:01:35","slug":"mikeltube-2-mikeltube-y-la-isla-del-apocalipsis-final-9788408232070","status":"publish","type":"product","link":"https:\/\/www.claret.cat\/es\/libro\/mikeltube-2-mikeltube-y-la-isla-del-apocalipsis-final-9788408232070\/","title":{"rendered":"MIKELTUBE 2. MIKELTUBE Y LA ISLA DEL APOCALIPSIS FINAL"},"content":{"rendered":"<p>Tras haber salvado el mundo en el primer libro de la serie, Mikel y Leo reciben una invitaci\u00f3n para visitar la Isla de las Superaventuras, un gran parque de atracciones situado en otra dimensi\u00f3n\u2026<br \/> Pero cuando llegan a la isla no todo parece tan paradis\u00edaco: atracciones oxidadas que funcionan solas, m\u00fasica diab\u00f3lica, amenazantes nubes negras\u2026 Desde luego, si esta es la Isla de las Superaventuras, no era para nada como se la hab\u00edan imaginado. \u00bfTendr\u00e1n algo que ver la malvada Bruja Gunilda y su secuaz DogDark? \u00bfPodr\u00e1n vencer los peligros ocultos que encierra la isla y volver sanos y salvos a su dimensi\u00f3n?<br \/> Solo hay una forma de saberlo\u2026<br \/> \u00a1\u00bfEst\u00e1is listos?! Pues\u2026<br \/> \u00a1VAMOS ALL\u00c1!<\/p>\n","protected":false},"excerpt":{"rendered":"<p>MIKELTUBE<\/p>\n","protected":false},"featured_media":105826,"template":"","meta":{"_acf_changed":false,"om_disable_all_campaigns":false,"rs_blank_template":"","rs_page_bg_color":"","slide_template_v7":"","inline_featured_image":false,"_monsterinsights_skip_tracking":false,"_monsterinsights_sitenote_active":false,"_monsterinsights_sitenote_note":"","_monsterinsights_sitenote_category":0},"product_brand":[],"product_cat":[132],"product_tag":[],"class_list":{"0":"post-105825","1":"product","2":"type-product","3":"status-publish","4":"has-post-thumbnail","6":"product_cat-lectures-per-preadolescents-6-12-anys","8":"first","9":"instock","10":"taxable","11":"shipping-taxable","12":"purchasable","13":"product-type-simple"},"acf":{"editorial":[{"ID":6233,"post_author":"3","post_date":"2022-07-28 17:47:48","post_date_gmt":"2022-07-28 15:47:48","post_content":"","post_title":"EDITORIAL PLANETA","post_excerpt":"","post_status":"publish","comment_status":"closed","ping_status":"closed","post_password":"","post_name":"editorial-planeta","to_ping":"","pinged":"","post_modified":"2022-07-28 17:47:48","post_modified_gmt":"2022-07-28 15:47:48","post_content_filtered":"","post_parent":0,"guid":"http:\/\/dev.claret.cat\/editorial\/editorial-planeta\/","menu_order":0,"post_type":"editorial","post_mime_type":"","comment_count":"0","filter":"raw"}],"autores-libros":[{"ID":165076,"post_author":"3","post_date":"2022-10-14 17:52:12","post_date_gmt":"2022-10-14 15:52:12","post_content":"","post_title":"MIKELTUBE","post_excerpt":"","post_status":"publish","comment_status":"closed","ping_status":"closed","post_password":"","post_name":"mikeltube","to_ping":"","pinged":"","post_modified":"2022-10-14 17:52:12","post_modified_gmt":"2022-10-14 15:52:12","post_content_filtered":"","post_parent":0,"guid":"http:\/\/dev.claret.cat\/autor\/mikeltube\/","menu_order":0,"post_type":"autor","post_mime_type":"","comment_count":"0","filter":"raw"}],"autor":"MIKELTUBE","codart":"840823207","libros-coleccion":"Youtubers infantiles","ediciones":"1","encuadernacion":"Carton\u00e9","fecha_de_publicacion":"01\/09\/2020","novedad":"1","paginas":"160","subtitulo":"","orden":"0","portada":"0","idioma":"spa"},"aioseo_notices":[],"_links":{"self":[{"href":"https:\/\/www.claret.cat\/es\/wp-json\/wp\/v2\/product\/105825","targetHints":{"allow":["GET"]}}],"collection":[{"href":"https:\/\/www.claret.cat\/es\/wp-json\/wp\/v2\/product"}],"about":[{"href":"https:\/\/www.claret.cat\/es\/wp-json\/wp\/v2\/types\/product"}],"wp:featuredmedia":[{"embeddable":true,"href":"https:\/\/www.claret.cat\/es\/wp-json\/wp\/v2\/media\/105826"}],"wp:attachment":[{"href":"https:\/\/www.claret.cat\/es\/wp-json\/wp\/v2\/media?parent=105825"}],"wp:term":[{"taxonomy":"product_brand","embeddable":true,"href":"https:\/\/www.claret.cat\/es\/wp-json\/wp\/v2\/product_brand?post=105825"},{"taxonomy":"product_cat","embeddable":true,"href":"https:\/\/www.claret.cat\/es\/wp-json\/wp\/v2\/product_cat?post=105825"},{"taxonomy":"product_tag","embeddable":true,"href":"https:\/\/www.claret.cat\/es\/wp-json\/wp\/v2\/product_tag?post=105825"}],"curies":[{"name":"wp","href":"https:\/\/api.w.org\/{rel}","templated":true}]}}