{"id":1058392,"date":"2025-10-09T16:51:06","date_gmt":"2025-10-09T14:51:06","guid":{"rendered":"https:\/\/www.claret.cat\/llibre\/clementina-y-la-cocina-9788410208643\/"},"modified":"2025-10-09T17:52:42","modified_gmt":"2025-10-09T15:52:42","slug":"clementina-y-la-cocina-9788410208643","status":"publish","type":"product","link":"https:\/\/www.claret.cat\/es\/libro\/clementina-y-la-cocina-9788410208643\/","title":{"rendered":"CLEMENTINA Y LA COCINA"},"content":{"rendered":"<p>La gallina Clementina quiere preparar una cena espectacular para el cumplea\u00f1os de su pollito, pero necesita los mejores ingredientes. Para conseguirlos, sube a su zeppel\u00edn y recorre el mundo en busca de los platos m\u00e1s sabrosos. Desde una crujiente baguette en Par\u00eds hasta una deliciosa pizza en Roma, pasando por ex\u00f3ticas samosas en Bombay y refrescantes sorbetes en el Polo Sur, Clementina picotea y prueba de aqu\u00ed y de all\u00e1, sin parar.<\/p>\n<p> Pero \u00a1cuidado! No todo es f\u00e1cil en este viaje culinario\u2026<\/p>\n<p> \u00bfLlegar\u00e1 a tiempo con todo lo necesario para la gran fiesta?<\/p>\n<p> Jos\u00e9 Carlos Rom\u00e1n y Luj\u00e1n Fern\u00e1ndez vuelven a unir sus talentos en esta nueva aventura de Clementina, donde nos encontraremos un fest\u00edn lleno de sorpresas.<\/p>\n","protected":false},"excerpt":{"rendered":"<p>ROMAN, JOSE CARLOS<\/p>\n","protected":false},"featured_media":1058393,"template":"","meta":{"_acf_changed":false,"om_disable_all_campaigns":false,"rs_blank_template":"","rs_page_bg_color":"","slide_template_v7":"","inline_featured_image":false,"_monsterinsights_skip_tracking":false,"_monsterinsights_sitenote_active":false,"_monsterinsights_sitenote_note":"","_monsterinsights_sitenote_category":0},"product_brand":[],"product_cat":[131,361],"product_tag":[],"class_list":{"0":"post-1058392","1":"product","2":"type-product","3":"status-publish","4":"has-post-thumbnail","6":"product_cat-contes-per-infants-0-6-anys","7":"product_cat-cuentos-para-ninos-0-6-anos","9":"first","10":"instock","11":"taxable","12":"shipping-taxable","13":"purchasable","14":"product-type-simple"},"acf":{"autor":"ROMAN, JOSE CARLOS","codart":"841020864","libros-coleccion":"Miau","ediciones":"1","encuadernacion":"Carton\u00e9","fecha_de_publicacion":"01\/10\/2025","novedad":"1","paginas":"32","subtitulo":"","orden":"0","portada":"0","idioma":"spa","booktrailer":"","resenas":"","editorial":[{"ID":147821,"post_author":"3","post_date":"2022-10-14 11:53:28","post_date_gmt":"2022-10-14 09:53:28","post_content":"","post_title":"Ediciones Jaguar","post_excerpt":"","post_status":"publish","comment_status":"closed","ping_status":"closed","post_password":"","post_name":"ediciones-jaguar","to_ping":"","pinged":"","post_modified":"2022-10-14 11:53:28","post_modified_gmt":"2022-10-14 09:53:28","post_content_filtered":"","post_parent":0,"guid":"http:\/\/dev.claret.cat\/editorial\/ediciones-jaguar\/","menu_order":0,"post_type":"editorial","post_mime_type":"","comment_count":"0","filter":"raw"}]},"aioseo_notices":[],"_links":{"self":[{"href":"https:\/\/www.claret.cat\/es\/wp-json\/wp\/v2\/product\/1058392","targetHints":{"allow":["GET"]}}],"collection":[{"href":"https:\/\/www.claret.cat\/es\/wp-json\/wp\/v2\/product"}],"about":[{"href":"https:\/\/www.claret.cat\/es\/wp-json\/wp\/v2\/types\/product"}],"wp:featuredmedia":[{"embeddable":true,"href":"https:\/\/www.claret.cat\/es\/wp-json\/wp\/v2\/media\/1058393"}],"wp:attachment":[{"href":"https:\/\/www.claret.cat\/es\/wp-json\/wp\/v2\/media?parent=1058392"}],"wp:term":[{"taxonomy":"product_brand","embeddable":true,"href":"https:\/\/www.claret.cat\/es\/wp-json\/wp\/v2\/product_brand?post=1058392"},{"taxonomy":"product_cat","embeddable":true,"href":"https:\/\/www.claret.cat\/es\/wp-json\/wp\/v2\/product_cat?post=1058392"},{"taxonomy":"product_tag","embeddable":true,"href":"https:\/\/www.claret.cat\/es\/wp-json\/wp\/v2\/product_tag?post=1058392"}],"curies":[{"name":"wp","href":"https:\/\/api.w.org\/{rel}","templated":true}]}}