{"id":105840,"date":"2022-10-12T09:09:02","date_gmt":"2022-10-12T07:09:02","guid":{"rendered":"http:\/\/dev.claret.cat\/producte\/el-universo\/"},"modified":"2023-01-28T10:50:00","modified_gmt":"2023-01-28T09:50:00","slug":"el-universo-9788408216728","status":"publish","type":"product","link":"https:\/\/www.claret.cat\/es\/libro\/el-universo-9788408216728\/","title":{"rendered":"EL UNIVERSO"},"content":{"rendered":"<p>\u00a1Deja que Lonely Planet te lleve m\u00e1s lejos que nunca! Aterriza en los planetas de nuestro sistema solar, antes de continuar tu viaje a los confines del universo conocido a trav\u00e9s de exoplanetas, estrellas reci\u00e9n nacidas, restos de supernovas o superc\u00famulos de galaxias, a medida que descubres las vistas m\u00e1s asombrosas del espacio.<br \/> El universo, de Lonely Planet, ofrece un amplio panorama \u2013a veces sobrecogedor\u2013, un gran caudal de conocimiento e infinidad de datos curiosos sobre lo azaroso de nuestra existencia.<br \/> M\u00e1s all\u00e1 de las diferencias cualitativas entre los planetas tradicionales, este libro nos ayuda a asimilar las diferencias cuantitativas entre los planetas (y exoplanetas) y aquellas que existen entre nuestro Sol y las incontables estrellas, tanto las visibles como las invisibles. Todo ello se explica con todo lujo de detalles (y cifras).<\/p>\n","protected":false},"excerpt":{"rendered":"<p>BERRY, OLIVER \/ GARLICK, MARK A. \/ MACKENZIE, MARK \/ STIMAC, VALERIE<\/p>\n","protected":false},"featured_media":105841,"template":"","meta":{"_acf_changed":false,"om_disable_all_campaigns":false,"rs_blank_template":"","rs_page_bg_color":"","slide_template_v7":"","inline_featured_image":false,"_monsterinsights_skip_tracking":false,"_monsterinsights_sitenote_active":false,"_monsterinsights_sitenote_note":"","_monsterinsights_sitenote_category":0},"product_brand":[],"product_cat":[107],"product_tag":[],"class_list":{"0":"post-105840","1":"product","2":"type-product","3":"status-publish","4":"has-post-thumbnail","6":"product_cat-guies-de-viatge","8":"first","9":"instock","10":"taxable","11":"shipping-taxable","12":"purchasable","13":"product-type-simple"},"acf":{"editorial":[{"ID":6233,"post_author":"3","post_date":"2022-07-28 17:47:48","post_date_gmt":"2022-07-28 15:47:48","post_content":"","post_title":"EDITORIAL PLANETA","post_excerpt":"","post_status":"publish","comment_status":"closed","ping_status":"closed","post_password":"","post_name":"editorial-planeta","to_ping":"","pinged":"","post_modified":"2022-07-28 17:47:48","post_modified_gmt":"2022-07-28 15:47:48","post_content_filtered":"","post_parent":0,"guid":"http:\/\/dev.claret.cat\/editorial\/editorial-planeta\/","menu_order":0,"post_type":"editorial","post_mime_type":"","comment_count":"0","filter":"raw"}],"autores-libros":[{"ID":166168,"post_author":"3","post_date":"2022-10-14 18:00:58","post_date_gmt":"2022-10-14 16:00:58","post_content":"","post_title":"OLIVER BERRY","post_excerpt":"","post_status":"publish","comment_status":"closed","ping_status":"closed","post_password":"","post_name":"oliver-berry","to_ping":"","pinged":"","post_modified":"2022-10-14 18:00:58","post_modified_gmt":"2022-10-14 16:00:58","post_content_filtered":"","post_parent":0,"guid":"http:\/\/dev.claret.cat\/autor\/oliver-berry\/","menu_order":0,"post_type":"autor","post_mime_type":"","comment_count":"0","filter":"raw"},{"ID":164076,"post_author":"3","post_date":"2022-10-14 17:44:10","post_date_gmt":"2022-10-14 15:44:10","post_content":"","post_title":"MARK MACKENZIE","post_excerpt":"","post_status":"publish","comment_status":"closed","ping_status":"closed","post_password":"","post_name":"mark-mackenzie","to_ping":"","pinged":"","post_modified":"2022-10-14 17:44:10","post_modified_gmt":"2022-10-14 15:44:10","post_content_filtered":"","post_parent":0,"guid":"http:\/\/dev.claret.cat\/autor\/mark-mackenzie\/","menu_order":0,"post_type":"autor","post_mime_type":"","comment_count":"0","filter":"raw"},{"ID":170790,"post_author":"3","post_date":"2022-10-14 22:38:11","post_date_gmt":"2022-10-14 20:38:11","post_content":"","post_title":"VALERIE STIMAC","post_excerpt":"","post_status":"publish","comment_status":"closed","ping_status":"closed","post_password":"","post_name":"valerie-stimac","to_ping":"","pinged":"","post_modified":"2022-10-14 22:38:11","post_modified_gmt":"2022-10-14 20:38:11","post_content_filtered":"","post_parent":0,"guid":"http:\/\/dev.claret.cat\/autor\/valerie-stimac\/","menu_order":0,"post_type":"autor","post_mime_type":"","comment_count":"0","filter":"raw"},{"ID":164059,"post_author":"3","post_date":"2022-10-14 17:44:01","post_date_gmt":"2022-10-14 15:44:01","post_content":"","post_title":"MARK A. GARLICK","post_excerpt":"","post_status":"publish","comment_status":"closed","ping_status":"closed","post_password":"","post_name":"mark-a-garlick","to_ping":"","pinged":"","post_modified":"2022-10-14 17:44:01","post_modified_gmt":"2022-10-14 15:44:01","post_content_filtered":"","post_parent":0,"guid":"http:\/\/dev.claret.cat\/autor\/mark-a-garlick\/","menu_order":0,"post_type":"autor","post_mime_type":"","comment_count":"0","filter":"raw"}],"autor":"BERRY, OLIVER \/ GARLICK, MARK A. \/ MACKENZIE, MARK \/ STIMAC, VALERIE","codart":"840821672","libros-coleccion":"Viaje y aventura","ediciones":"1","encuadernacion":"R\u00fastica","fecha_de_publicacion":"01\/09\/2020","novedad":"1","paginas":"608","subtitulo":"GU\u00cdA DE VIAJE","orden":"0","portada":"0","idioma":"spa"},"aioseo_notices":[],"_links":{"self":[{"href":"https:\/\/www.claret.cat\/es\/wp-json\/wp\/v2\/product\/105840","targetHints":{"allow":["GET"]}}],"collection":[{"href":"https:\/\/www.claret.cat\/es\/wp-json\/wp\/v2\/product"}],"about":[{"href":"https:\/\/www.claret.cat\/es\/wp-json\/wp\/v2\/types\/product"}],"wp:featuredmedia":[{"embeddable":true,"href":"https:\/\/www.claret.cat\/es\/wp-json\/wp\/v2\/media\/105841"}],"wp:attachment":[{"href":"https:\/\/www.claret.cat\/es\/wp-json\/wp\/v2\/media?parent=105840"}],"wp:term":[{"taxonomy":"product_brand","embeddable":true,"href":"https:\/\/www.claret.cat\/es\/wp-json\/wp\/v2\/product_brand?post=105840"},{"taxonomy":"product_cat","embeddable":true,"href":"https:\/\/www.claret.cat\/es\/wp-json\/wp\/v2\/product_cat?post=105840"},{"taxonomy":"product_tag","embeddable":true,"href":"https:\/\/www.claret.cat\/es\/wp-json\/wp\/v2\/product_tag?post=105840"}],"curies":[{"name":"wp","href":"https:\/\/api.w.org\/{rel}","templated":true}]}}