{"id":1058427,"date":"2025-10-09T17:20:01","date_gmt":"2025-10-09T15:20:01","guid":{"rendered":"https:\/\/www.claret.cat\/llibre\/warren-xiii-i-el-bosc-dels-xiuxiuejos-9788447953288\/"},"modified":"2026-04-01T17:52:33","modified_gmt":"2026-04-01T15:52:33","slug":"warren-xiii-i-el-bosc-dels-xiuxiuejos-9788447953288","status":"publish","type":"product","link":"https:\/\/www.claret.cat\/es\/libro\/warren-xiii-i-el-bosc-dels-xiuxiuejos-9788447953288\/","title":{"rendered":"WARREN XIII I EL BOSC DELS XIUXIUEJOS"},"content":{"rendered":"<p>En Warren \u00e9s el jove propietari d\u2019un hotel m\u00e0gic ambulant. Viatja amb els seus hostes per destinacions fascinants fins que un dia s\u2019encalla enmig d\u2019un bosc misteri\u00f3s. Compte, perqu\u00e8 alg\u00fa podria aprofitar aquest contratemps per apoderarse de l\u2019edifici! Si vol evitar-ho, en Warren haur\u00e0 de respondre moltes preguntes: qui \u00e9s un tal Worrin i quin \u00e9s el seu nom de deb\u00f2? Per qu\u00e8 se senten xiuxiuejos al bosc? I qu\u00e8 deu ser un peusgrossos de la resina?<\/p>\n","protected":false},"excerpt":{"rendered":"<p>DEL RIO, TANIA<\/p>\n","protected":false},"featured_media":1094203,"template":"","meta":{"_acf_changed":false,"om_disable_all_campaigns":false,"rs_blank_template":"","rs_page_bg_color":"","slide_template_v7":"","inline_featured_image":false,"_monsterinsights_skip_tracking":false,"_monsterinsights_sitenote_active":false,"_monsterinsights_sitenote_note":"","_monsterinsights_sitenote_category":0},"product_brand":[],"product_cat":[132,362],"product_tag":[],"class_list":{"0":"post-1058427","1":"product","2":"type-product","3":"status-publish","4":"has-post-thumbnail","6":"product_cat-lectures-per-preadolescents-6-12-anys","7":"product_cat-libros-preadolescentes-6-12-anos","9":"first","10":"instock","11":"taxable","12":"shipping-taxable","13":"purchasable","14":"product-type-simple"},"acf":{"autor":"DEL RIO, TANIA","codart":"844795328","libros-coleccion":"FORA DE COL.LECCI\u00d3","ediciones":"1","encuadernacion":"Carton\u00e9","fecha_de_publicacion":"01\/10\/2025","novedad":"1","paginas":"387","subtitulo":"","orden":"0","portada":"0","idioma":"cat","booktrailer":"","resenas":"","editorial":[{"ID":147536,"post_author":"3","post_date":"2022-10-14 11:51:19","post_date_gmt":"2022-10-14 09:51:19","post_content":"","post_title":"BAULA-EDELVIVES-VALENCIANO\/CATALAN-TXT-","post_excerpt":"","post_status":"publish","comment_status":"closed","ping_status":"closed","post_password":"","post_name":"baula-edelvives-valenciano-catalan-txt","to_ping":"","pinged":"","post_modified":"2022-10-14 11:51:19","post_modified_gmt":"2022-10-14 09:51:19","post_content_filtered":"","post_parent":0,"guid":"http:\/\/dev.claret.cat\/editorial\/baula-edelvives-valenciano-catalan-txt\/","menu_order":0,"post_type":"editorial","post_mime_type":"","comment_count":"0","filter":"raw"}]},"aioseo_notices":[],"_links":{"self":[{"href":"https:\/\/www.claret.cat\/es\/wp-json\/wp\/v2\/product\/1058427","targetHints":{"allow":["GET"]}}],"collection":[{"href":"https:\/\/www.claret.cat\/es\/wp-json\/wp\/v2\/product"}],"about":[{"href":"https:\/\/www.claret.cat\/es\/wp-json\/wp\/v2\/types\/product"}],"wp:featuredmedia":[{"embeddable":true,"href":"https:\/\/www.claret.cat\/es\/wp-json\/wp\/v2\/media\/1094203"}],"wp:attachment":[{"href":"https:\/\/www.claret.cat\/es\/wp-json\/wp\/v2\/media?parent=1058427"}],"wp:term":[{"taxonomy":"product_brand","embeddable":true,"href":"https:\/\/www.claret.cat\/es\/wp-json\/wp\/v2\/product_brand?post=1058427"},{"taxonomy":"product_cat","embeddable":true,"href":"https:\/\/www.claret.cat\/es\/wp-json\/wp\/v2\/product_cat?post=1058427"},{"taxonomy":"product_tag","embeddable":true,"href":"https:\/\/www.claret.cat\/es\/wp-json\/wp\/v2\/product_tag?post=1058427"}],"curies":[{"name":"wp","href":"https:\/\/api.w.org\/{rel}","templated":true}]}}