{"id":105879,"date":"2022-10-12T09:09:35","date_gmt":"2022-10-12T07:09:35","guid":{"rendered":"http:\/\/dev.claret.cat\/producte\/beethoven-un-musico-sobre-un-mar-de-nubes\/"},"modified":"2024-06-04T12:00:49","modified_gmt":"2024-06-04T10:00:49","slug":"beethoven-un-musico-sobre-un-mar-de-nubes-9788417247812","status":"publish","type":"product","link":"https:\/\/www.claret.cat\/es\/libro\/beethoven-un-musico-sobre-un-mar-de-nubes-9788417247812\/","title":{"rendered":"BEETHOVEN. UN M\u00daSICO SOBRE UN MAR DE NUBES"},"content":{"rendered":"<p>\u00c1lbum ilustrado en el 250 aniversario del nacimiento de Beethoven, el  artista que revolucion\u00f3 la m\u00fasica para siempre, de Ramon Gener, el mejor divulgador musical. Ludwig van Beethoven es uno de los compositores m\u00e1s grandes de la  historia de la m\u00fasica. Pero \u00bfqu\u00e9 hay detr\u00e1s del artista? Este libro,  escrito por Ram\u00f3n Gener, es una biograf\u00eda -y un homenaje- para redescubrir a Beethoven en todas sus facetas. A trav\u00e9s de estas  maravillosas p\u00e1ginas ilustradas por Fernando Vicente, descubriremos al  genio y a la persona que habitaron en Ludwig van Beethoven. &#8216;Frente a la tumba de Beethoven tumba, me desborda el \u00e9xtasis y  entiendo porque estoy all\u00ed cuando siento la certeza de que el poder  abrumador de su obra es hoy m\u00e1s actual y m\u00e1s necesario que nunca&#8217;. Ramon Gener.<\/p>\n","protected":false},"excerpt":{"rendered":"<p>GENER, RAMON \/ VICENTE, FERNANDO<\/p>\n","protected":false},"featured_media":968772,"template":"","meta":{"_acf_changed":false,"om_disable_all_campaigns":false,"rs_blank_template":"","rs_page_bg_color":"","slide_template_v7":"","inline_featured_image":false,"_monsterinsights_skip_tracking":false,"_monsterinsights_sitenote_active":false,"_monsterinsights_sitenote_note":"","_monsterinsights_sitenote_category":0},"product_brand":[],"product_cat":[549,99,558,108],"product_tag":[],"class_list":{"0":"post-105879","1":"product","2":"type-product","3":"status-publish","4":"has-post-thumbnail","6":"product_cat-biografias","7":"product_cat-biografies","8":"product_cat-comic-3_infantil-juvenil-spa-spa","9":"product_cat-comic","11":"first","12":"outofstock","13":"taxable","14":"shipping-taxable","15":"purchasable","16":"product-type-simple"},"acf":{"autor":"GENER, RAMON \/ VICENTE, FERNANDO","codart":"841724781","libros-coleccion":"COMIC","ediciones":"1","encuadernacion":"Carton\u00e9","fecha_de_publicacion":"01\/09\/2020","novedad":"0","paginas":"144","subtitulo":"","orden":"0","portada":"0","idioma":"spa","editorial":[{"ID":148729,"post_author":"3","post_date":"2022-10-14 12:00:31","post_date_gmt":"2022-10-14 10:00:31","post_content":"","post_title":"Random C\u00f3mic","post_excerpt":"","post_status":"publish","comment_status":"closed","ping_status":"closed","post_password":"","post_name":"random-comic","to_ping":"","pinged":"","post_modified":"2022-10-14 12:00:31","post_modified_gmt":"2022-10-14 10:00:31","post_content_filtered":"","post_parent":0,"guid":"http:\/\/dev.claret.cat\/editorial\/random-comic\/","menu_order":0,"post_type":"editorial","post_mime_type":"","comment_count":"0","filter":"raw"}],"autores-libros":[{"ID":155878,"post_author":"3","post_date":"2022-10-14 15:16:21","post_date_gmt":"2022-10-14 13:16:21","post_content":"","post_title":"FERNANDO VICENTE","post_excerpt":"","post_status":"publish","comment_status":"closed","ping_status":"closed","post_password":"","post_name":"fernando-vicente","to_ping":"","pinged":"","post_modified":"2022-10-14 15:16:21","post_modified_gmt":"2022-10-14 13:16:21","post_content_filtered":"","post_parent":0,"guid":"http:\/\/dev.claret.cat\/autor\/fernando-vicente\/","menu_order":0,"post_type":"autor","post_mime_type":"","comment_count":"0","filter":"raw"},{"ID":167720,"post_author":"3","post_date":"2022-10-14 18:13:28","post_date_gmt":"2022-10-14 16:13:28","post_content":"","post_title":"RAMON GENER","post_excerpt":"","post_status":"publish","comment_status":"closed","ping_status":"closed","post_password":"","post_name":"ramon-gener","to_ping":"","pinged":"","post_modified":"2022-10-14 18:13:28","post_modified_gmt":"2022-10-14 16:13:28","post_content_filtered":"","post_parent":0,"guid":"http:\/\/dev.claret.cat\/autor\/ramon-gener\/","menu_order":0,"post_type":"autor","post_mime_type":"","comment_count":"0","filter":"raw"}]},"aioseo_notices":[],"_links":{"self":[{"href":"https:\/\/www.claret.cat\/es\/wp-json\/wp\/v2\/product\/105879","targetHints":{"allow":["GET"]}}],"collection":[{"href":"https:\/\/www.claret.cat\/es\/wp-json\/wp\/v2\/product"}],"about":[{"href":"https:\/\/www.claret.cat\/es\/wp-json\/wp\/v2\/types\/product"}],"wp:featuredmedia":[{"embeddable":true,"href":"https:\/\/www.claret.cat\/es\/wp-json\/wp\/v2\/media\/968772"}],"wp:attachment":[{"href":"https:\/\/www.claret.cat\/es\/wp-json\/wp\/v2\/media?parent=105879"}],"wp:term":[{"taxonomy":"product_brand","embeddable":true,"href":"https:\/\/www.claret.cat\/es\/wp-json\/wp\/v2\/product_brand?post=105879"},{"taxonomy":"product_cat","embeddable":true,"href":"https:\/\/www.claret.cat\/es\/wp-json\/wp\/v2\/product_cat?post=105879"},{"taxonomy":"product_tag","embeddable":true,"href":"https:\/\/www.claret.cat\/es\/wp-json\/wp\/v2\/product_tag?post=105879"}],"curies":[{"name":"wp","href":"https:\/\/api.w.org\/{rel}","templated":true}]}}