{"id":1058906,"date":"2025-10-13T13:46:06","date_gmt":"2025-10-13T11:46:06","guid":{"rendered":"https:\/\/www.claret.cat\/llibre\/elogio-de-la-madurez-9788416245833\/"},"modified":"2025-10-13T13:50:24","modified_gmt":"2025-10-13T11:50:24","slug":"elogio-de-la-madurez-9788416245833","status":"publish","type":"product","link":"https:\/\/www.claret.cat\/es\/libro\/elogio-de-la-madurez-9788416245833\/","title":{"rendered":"ELOGIO DE LA MADUREZ"},"content":{"rendered":"<p>Francesc Torralba presenta, con una prosa meditada y rica en met\u00e1foras, esta realidad mostrando la madurez como punto \u00e1lgido de la vida, como el momento de entregarse de lleno. Explora el universo de la persona adulta y re exiona sobre las profundas paradojas a las que se ve sometida. Por un lado, los j\u00f3venes con sus limitadas responsabilidades, su libertad impuesta y autonom\u00eda, sin necesitar a nadie. Por otro lado, los ancianos, son cada d\u00eda m\u00e1s dependientes, mientras su vida se escurre. Y en el centro, la persona adulta, con sus anhelos y deseos. Elogio de la madurez de ende que la persona que ingresa en la madurez puede vivir su existencia como una \u00e9poca de m\u00e1ximo esplendor y realizaci\u00f3n.<\/p>\n","protected":false},"excerpt":{"rendered":"<p>TORRALBA ROSELL\u00d3, FRANCESC<\/p>\n","protected":false},"featured_media":1058907,"template":"","meta":{"_acf_changed":false,"om_disable_all_campaigns":false,"rs_blank_template":"","rs_page_bg_color":"","slide_template_v7":"","inline_featured_image":false,"_monsterinsights_skip_tracking":false,"_monsterinsights_sitenote_active":false,"_monsterinsights_sitenote_note":"","_monsterinsights_sitenote_category":0},"product_brand":[],"product_cat":[373,166,445,175],"product_tag":[],"class_list":{"0":"post-1058906","1":"product","2":"type-product","3":"status-publish","4":"has-post-thumbnail","6":"product_cat-autores","7":"product_cat-autors-filosofia","8":"product_cat-etica-filosofia-2_humanidades","9":"product_cat-etica","11":"first","12":"instock","13":"taxable","14":"shipping-taxable","15":"purchasable","16":"product-type-simple"},"acf":{"autor":"TORRALBA ROSELL\u00d3, FRANCESC","codart":"841624583","libros-coleccion":"","ediciones":"1","encuadernacion":"R\u00fastica","fecha_de_publicacion":"01\/09\/2025","novedad":"1","paginas":"200","subtitulo":"","orden":"0","portada":"0","idioma":"spa","booktrailer":"","resenas":"","editorial":[{"ID":148587,"post_author":"3","post_date":"2022-10-14 11:59:24","post_date_gmt":"2022-10-14 09:59:24","post_content":"","post_title":"Now Books","post_excerpt":"","post_status":"publish","comment_status":"closed","ping_status":"closed","post_password":"","post_name":"now-books","to_ping":"","pinged":"","post_modified":"2022-10-14 11:59:24","post_modified_gmt":"2022-10-14 09:59:24","post_content_filtered":"","post_parent":0,"guid":"http:\/\/dev.claret.cat\/editorial\/now-books\/","menu_order":0,"post_type":"editorial","post_mime_type":"","comment_count":"0","filter":"raw"}]},"aioseo_notices":[],"_links":{"self":[{"href":"https:\/\/www.claret.cat\/es\/wp-json\/wp\/v2\/product\/1058906","targetHints":{"allow":["GET"]}}],"collection":[{"href":"https:\/\/www.claret.cat\/es\/wp-json\/wp\/v2\/product"}],"about":[{"href":"https:\/\/www.claret.cat\/es\/wp-json\/wp\/v2\/types\/product"}],"wp:featuredmedia":[{"embeddable":true,"href":"https:\/\/www.claret.cat\/es\/wp-json\/wp\/v2\/media\/1058907"}],"wp:attachment":[{"href":"https:\/\/www.claret.cat\/es\/wp-json\/wp\/v2\/media?parent=1058906"}],"wp:term":[{"taxonomy":"product_brand","embeddable":true,"href":"https:\/\/www.claret.cat\/es\/wp-json\/wp\/v2\/product_brand?post=1058906"},{"taxonomy":"product_cat","embeddable":true,"href":"https:\/\/www.claret.cat\/es\/wp-json\/wp\/v2\/product_cat?post=1058906"},{"taxonomy":"product_tag","embeddable":true,"href":"https:\/\/www.claret.cat\/es\/wp-json\/wp\/v2\/product_tag?post=1058906"}],"curies":[{"name":"wp","href":"https:\/\/api.w.org\/{rel}","templated":true}]}}