{"id":105894,"date":"2022-10-12T09:09:47","date_gmt":"2022-10-12T07:09:47","guid":{"rendered":"http:\/\/dev.claret.cat\/producte\/bautzen-1945\/"},"modified":"2023-01-28T22:04:11","modified_gmt":"2023-01-28T21:04:11","slug":"bautzen-1945-9788412206623","status":"publish","type":"product","link":"https:\/\/www.claret.cat\/es\/libro\/bautzen-1945-9788412206623\/","title":{"rendered":"BAUTZEN 1945"},"content":{"rendered":"<p>La colecci\u00f3n de Im\u00e1genes de Guerra se complace en presentar el primer libro publicado en espa\u00f1ol sobre la \u00faltima victoria alemana en la Segunda Guerra Mundial, que se produjo en los \u00faltimos d\u00edas de abril de 1945 durante la defensa, p\u00e9rdida y posterior recuperci\u00f3n de la ciudad sajona de Bautzen. Alli, los restos de otrora poderosas unidades germanas, como las divisiones Hermann G\u00f6ring, Brandenburg o Grossdeutsschland, inflingieron una derrota sin paliativos a las orgullosas unidades sovi\u00e9tico-polacas que apoyaban el avance hacia la capital del Reich. En este texto se narran los hechos acaecidos en esta ciudad del sur de Alemania, quedando de manifiesto como el combate se mantuvo hasta el final gracias a la posibilidad de frenar a los sovi\u00e9ticos, aunque s\u00f3lo fuera unas horas, en su arrollador avance para permitir la evacuaci\u00f3n de miles de alemanes en direcci\u00f3n oeste.<\/p>\n","protected":false},"excerpt":{"rendered":"<p>GIL MART\u00cdNEZ, EDUARDO MANUEL<\/p>\n","protected":false},"featured_media":105895,"template":"","meta":{"_acf_changed":false,"om_disable_all_campaigns":false,"rs_blank_template":"","rs_page_bg_color":"","slide_template_v7":"","inline_featured_image":false,"_monsterinsights_skip_tracking":false,"_monsterinsights_sitenote_active":false,"_monsterinsights_sitenote_note":"","_monsterinsights_sitenote_category":0},"product_brand":[],"product_cat":[148],"product_tag":[],"class_list":{"0":"post-105894","1":"product","2":"type-product","3":"status-publish","4":"has-post-thumbnail","6":"product_cat-antiga","8":"first","9":"instock","10":"taxable","11":"shipping-taxable","12":"purchasable","13":"product-type-simple"},"acf":{"editorial":[{"ID":147407,"post_author":"3","post_date":"2022-10-14 11:50:20","post_date_gmt":"2022-10-14 09:50:20","post_content":"","post_title":"Almena Ediciones","post_excerpt":"","post_status":"publish","comment_status":"closed","ping_status":"closed","post_password":"","post_name":"almena-ediciones","to_ping":"","pinged":"","post_modified":"2022-10-14 11:50:20","post_modified_gmt":"2022-10-14 09:50:20","post_content_filtered":"","post_parent":0,"guid":"http:\/\/dev.claret.cat\/editorial\/almena-ediciones\/","menu_order":0,"post_type":"editorial","post_mime_type":"","comment_count":"0","filter":"raw"}],"autores-libros":[{"ID":154599,"post_author":"3","post_date":"2022-10-14 15:06:06","post_date_gmt":"2022-10-14 13:06:06","post_content":"","post_title":"EDUARDO MANUEL GIL MART\u00cdNEZ","post_excerpt":"","post_status":"publish","comment_status":"closed","ping_status":"closed","post_password":"","post_name":"eduardo-manuel-gil-martinez","to_ping":"","pinged":"","post_modified":"2022-10-14 15:06:06","post_modified_gmt":"2022-10-14 13:06:06","post_content_filtered":"","post_parent":0,"guid":"http:\/\/dev.claret.cat\/autor\/eduardo-manuel-gil-martinez\/","menu_order":0,"post_type":"autor","post_mime_type":"","comment_count":"0","filter":"raw"}],"autor":"GIL MART\u00cdNEZ, EDUARDO MANUEL","codart":"841220662","libros-coleccion":"Im\u00e1genes de Guerra","ediciones":"1","encuadernacion":"R\u00fastica","fecha_de_publicacion":"01\/09\/2020","novedad":"1","paginas":"149","subtitulo":"LA \u00daLTIMA VICTORIA DEL III REICH","orden":"0","portada":"0","idioma":"spa"},"aioseo_notices":[],"_links":{"self":[{"href":"https:\/\/www.claret.cat\/es\/wp-json\/wp\/v2\/product\/105894","targetHints":{"allow":["GET"]}}],"collection":[{"href":"https:\/\/www.claret.cat\/es\/wp-json\/wp\/v2\/product"}],"about":[{"href":"https:\/\/www.claret.cat\/es\/wp-json\/wp\/v2\/types\/product"}],"wp:featuredmedia":[{"embeddable":true,"href":"https:\/\/www.claret.cat\/es\/wp-json\/wp\/v2\/media\/105895"}],"wp:attachment":[{"href":"https:\/\/www.claret.cat\/es\/wp-json\/wp\/v2\/media?parent=105894"}],"wp:term":[{"taxonomy":"product_brand","embeddable":true,"href":"https:\/\/www.claret.cat\/es\/wp-json\/wp\/v2\/product_brand?post=105894"},{"taxonomy":"product_cat","embeddable":true,"href":"https:\/\/www.claret.cat\/es\/wp-json\/wp\/v2\/product_cat?post=105894"},{"taxonomy":"product_tag","embeddable":true,"href":"https:\/\/www.claret.cat\/es\/wp-json\/wp\/v2\/product_tag?post=105894"}],"curies":[{"name":"wp","href":"https:\/\/api.w.org\/{rel}","templated":true}]}}