{"id":1059072,"date":"2025-10-14T13:30:09","date_gmt":"2025-10-14T11:30:09","guid":{"rendered":"https:\/\/www.claret.cat\/llibre\/olga-de-papel-el-viaje-extraordinario-9791387574116\/"},"modified":"2025-10-16T23:27:50","modified_gmt":"2025-10-16T21:27:50","slug":"olga-de-papel-el-viaje-extraordinario-9791387574116","status":"publish","type":"product","link":"https:\/\/www.claret.cat\/es\/libro\/olga-de-papel-el-viaje-extraordinario-9791387574116\/","title":{"rendered":"OLGA DE PAPEL. EL VIAJE EXTRAORDINARIO"},"content":{"rendered":"<p>De la autora de Fairy Oak, un nuevo mundo fant\u00e1stico que ha encantado a lectores de todas las edades<\/p>\n<p>\u00abUn himno a la delicadeza, a la sensibilidad y a la imperfecci\u00f3n que nos hace humanos.\u00bbEsta es una historia real. Es la historia de cuando el oso amaestrado del se\u00f1or Yubat, al final, me cort\u00f3 en dos y el hombrecito muelle me peg\u00f3 con celo. \u00c9l siempre lleva encima un rollo de celo, porque de vez en cuando se despega del fondo de la caja y cae fuera. La mujer voladora quer\u00eda prestarme una de sus tiritas, pero yo opino que, si te cortan en dos, hace falta algo m\u00e1s fuerte para mantenerte junta.La cr\u00edtica ha dicho:<br \/>\u00abM\u00e1gico, extraordinario, so\u00f1ador. Una historia sobre valores universales para todas las edades que, como reconoce la propia autora, busca fijar la atenci\u00f3n en &#8216;la fragilidad de las cosas delicadas&#8217;.\u00bb El Pa\u00eds<br \/>\u00abUn extraordinario viaje con ecos de cuentos cl\u00e1sicos cuyo tel\u00f3n de fondo es la fragilidad, la inadaptaci\u00f3n y, c\u00f3mo no, la amistad.\u00bb Cultura|s\u00a0La Vanguardia<br \/>\u00abUna historia de fantas\u00eda circense para mostrar con sensibilidad po\u00e9tica los valores universales que nos convierten en personas.\u00bb Qu\u00e9 Leer<br \/>\u00abUna historia que nos explica que la verdadera fuerza se encuentra en todo aquello que nos hace realmente humanos: la diferencia, la imperfecci\u00f3n, la sensibilidad y la delicadeza.\u00bb Top Cultural<\/p>\n","protected":false},"excerpt":{"rendered":"<p>GNONE, ELISABETTA<\/p>\n","protected":false},"featured_media":1060003,"template":"","meta":{"_acf_changed":false,"om_disable_all_campaigns":false,"rs_blank_template":"","rs_page_bg_color":"","slide_template_v7":"","inline_featured_image":false,"_monsterinsights_skip_tracking":false,"_monsterinsights_sitenote_active":false,"_monsterinsights_sitenote_note":"","_monsterinsights_sitenote_category":0},"product_brand":[],"product_cat":[133,363],"product_tag":[],"class_list":{"0":"post-1059072","1":"product","2":"type-product","3":"status-publish","4":"has-post-thumbnail","6":"product_cat-lectures-per-adolescents-12-18-anys","7":"product_cat-lecturas-por-adolescentes-12-18-anos","9":"first","10":"instock","11":"taxable","12":"shipping-taxable","13":"purchasable","14":"product-type-simple"},"acf":{"autor":"GNONE, ELISABETTA","codart":"138757411","libros-coleccion":"FORA DE COL.LECCI\u00d3","ediciones":"1","encuadernacion":"Carton\u00e9","fecha_de_publicacion":"01\/10\/2025","novedad":"1","paginas":"317","subtitulo":"","orden":"0","portada":"0","idioma":"spa","booktrailer":"","resenas":"","editorial":[{"ID":6188,"post_author":"3","post_date":"2022-07-28 17:46:47","post_date_gmt":"2022-07-28 15:46:47","post_content":"","post_title":"Duomo ediciones","post_excerpt":"","post_status":"publish","comment_status":"closed","ping_status":"closed","post_password":"","post_name":"duomo-ediciones","to_ping":"","pinged":"","post_modified":"2022-07-28 17:46:47","post_modified_gmt":"2022-07-28 15:46:47","post_content_filtered":"","post_parent":0,"guid":"http:\/\/dev.claret.cat\/editorial\/duomo-ediciones\/","menu_order":0,"post_type":"editorial","post_mime_type":"","comment_count":"0","filter":"raw"}]},"aioseo_notices":[],"_links":{"self":[{"href":"https:\/\/www.claret.cat\/es\/wp-json\/wp\/v2\/product\/1059072","targetHints":{"allow":["GET"]}}],"collection":[{"href":"https:\/\/www.claret.cat\/es\/wp-json\/wp\/v2\/product"}],"about":[{"href":"https:\/\/www.claret.cat\/es\/wp-json\/wp\/v2\/types\/product"}],"wp:featuredmedia":[{"embeddable":true,"href":"https:\/\/www.claret.cat\/es\/wp-json\/wp\/v2\/media\/1060003"}],"wp:attachment":[{"href":"https:\/\/www.claret.cat\/es\/wp-json\/wp\/v2\/media?parent=1059072"}],"wp:term":[{"taxonomy":"product_brand","embeddable":true,"href":"https:\/\/www.claret.cat\/es\/wp-json\/wp\/v2\/product_brand?post=1059072"},{"taxonomy":"product_cat","embeddable":true,"href":"https:\/\/www.claret.cat\/es\/wp-json\/wp\/v2\/product_cat?post=1059072"},{"taxonomy":"product_tag","embeddable":true,"href":"https:\/\/www.claret.cat\/es\/wp-json\/wp\/v2\/product_tag?post=1059072"}],"curies":[{"name":"wp","href":"https:\/\/api.w.org\/{rel}","templated":true}]}}