{"id":1059075,"date":"2025-10-14T13:30:40","date_gmt":"2025-10-14T11:30:40","guid":{"rendered":"https:\/\/www.claret.cat\/llibre\/estuche-coleccion-el-ultimo-oso-9791387574291\/"},"modified":"2025-10-14T13:37:13","modified_gmt":"2025-10-14T11:37:13","slug":"estuche-coleccion-el-ultimo-oso-9791387574291","status":"publish","type":"product","link":"https:\/\/www.claret.cat\/es\/libro\/estuche-coleccion-el-ultimo-oso-9791387574291\/","title":{"rendered":"ESTUCHE COLECCI\u00d3N EL \u00daLTIMO OSO"},"content":{"rendered":"<p>Precioso estuche regalo que incluye los libros m\u00e1s queridos de Hannah Gold<\/p>\n<p>Estuche regalo que incluye los t\u00edtulos El \u00faltimo oso y Buscando a Oso. Incluye todas las aventuras de April y Oso, que invitan a los j\u00f3venes a proteger el planeta y a descubrir el poder de una amistad inquebrantable.<\/p>\n<p>El \u00faltimo oso<br \/>Ya no quedan osos polares en la Isla del Oso. O, al menos, eso le dijo su padre el d\u00eda que se trasladaban al \u00c1rtico, donde \u00e9l iba a trabajar durante los siguientes seis meses. Pero un atardecer, a April le parece ver una enorme silueta en el horizonte. Recortado contra el sol, algo se mueve. Sucede en un abrir y cerrar de ojos. Algo grande que avanza a grandes pasos y totalmente inesperado. April vuelve a parpadear. Sea lo que sea, ya no est\u00e1. Pero podr\u00eda jurar que acaba de ver un oso polar.<br \/>Buscando a Oso<br \/>April Wood ha vuelto a casa de su aventura en Svalbard. Pero cuando un oso polar recibe un disparo, est\u00e1 convencida de que es su amigo Oso y emprende junto a su padre un nuevo viaje a los confines del \u00c1rtico. All\u00ed, quien corre peligro es un peque\u00f1o osezno\u2026 \u00bfConseguir\u00e1 April afrontar sus miedos y adentrarse en la tundra \u00e1rtica para salvarlo?<\/p>\n<p>Han dicho:<br \/>\u00abUn grito de guerra para salvar el mundo.\u00bb\u00a0Qu\u00e9 Leer<br \/>\u00abUna tierna historia que no deja indiferente.\u00bb\u00a0P\u00e1gina Dos, TVE<br \/>\u00abEl rugido polar que empodera a los ni\u00f1os para cambiar el mundo.\u00bb\u00a0El Espa\u00f1ol<br \/>\u00abUn canto de esperanza contra el cambio clim\u00e1tico.\u00bb\u00a0La Vanguardia<br \/>\u00abEl inspirador \u00e9xito infantil que muestra que hay otra forma de abordar el cambio clim\u00e1tico.\u00bb\u00a0ABC<br \/>\u00abEsta historia de supervivencia con preciosas ilustraciones es cient\u00edficamente rigurosa, adem\u00e1s de m\u00e1gica e inspiradora.\u00bb\u00a0Daily Mail<br \/>\u00abUna historia bellamente escrita e ilustrada sobre la valent\u00eda y la esperanza.\u00bb\u00a0The Sun<\/p>\n","protected":false},"excerpt":{"rendered":"<p>GOLD, HANNAH<\/p>\n","protected":false},"featured_media":1059084,"template":"","meta":{"_acf_changed":false,"om_disable_all_campaigns":false,"rs_blank_template":"","rs_page_bg_color":"","slide_template_v7":"","inline_featured_image":false,"_monsterinsights_skip_tracking":false,"_monsterinsights_sitenote_active":false,"_monsterinsights_sitenote_note":"","_monsterinsights_sitenote_category":0},"product_brand":[],"product_cat":[133,363],"product_tag":[],"class_list":{"0":"post-1059075","1":"product","2":"type-product","3":"status-publish","4":"has-post-thumbnail","6":"product_cat-lectures-per-adolescents-12-18-anys","7":"product_cat-lecturas-por-adolescentes-12-18-anos","9":"first","10":"instock","11":"taxable","12":"shipping-taxable","13":"purchasable","14":"product-type-simple"},"acf":{"autor":"GOLD, HANNAH","codart":"138757429","libros-coleccion":"FORA DE COL.LECCI\u00d3","ediciones":"1","encuadernacion":"R\u00fastica","fecha_de_publicacion":"01\/10\/2025","novedad":"1","paginas":"0","subtitulo":"","orden":"0","portada":"0","idioma":"spa","booktrailer":"","resenas":"","editorial":[{"ID":6188,"post_author":"3","post_date":"2022-07-28 17:46:47","post_date_gmt":"2022-07-28 15:46:47","post_content":"","post_title":"Duomo ediciones","post_excerpt":"","post_status":"publish","comment_status":"closed","ping_status":"closed","post_password":"","post_name":"duomo-ediciones","to_ping":"","pinged":"","post_modified":"2022-07-28 17:46:47","post_modified_gmt":"2022-07-28 15:46:47","post_content_filtered":"","post_parent":0,"guid":"http:\/\/dev.claret.cat\/editorial\/duomo-ediciones\/","menu_order":0,"post_type":"editorial","post_mime_type":"","comment_count":"0","filter":"raw"}]},"aioseo_notices":[],"_links":{"self":[{"href":"https:\/\/www.claret.cat\/es\/wp-json\/wp\/v2\/product\/1059075","targetHints":{"allow":["GET"]}}],"collection":[{"href":"https:\/\/www.claret.cat\/es\/wp-json\/wp\/v2\/product"}],"about":[{"href":"https:\/\/www.claret.cat\/es\/wp-json\/wp\/v2\/types\/product"}],"wp:featuredmedia":[{"embeddable":true,"href":"https:\/\/www.claret.cat\/es\/wp-json\/wp\/v2\/media\/1059084"}],"wp:attachment":[{"href":"https:\/\/www.claret.cat\/es\/wp-json\/wp\/v2\/media?parent=1059075"}],"wp:term":[{"taxonomy":"product_brand","embeddable":true,"href":"https:\/\/www.claret.cat\/es\/wp-json\/wp\/v2\/product_brand?post=1059075"},{"taxonomy":"product_cat","embeddable":true,"href":"https:\/\/www.claret.cat\/es\/wp-json\/wp\/v2\/product_cat?post=1059075"},{"taxonomy":"product_tag","embeddable":true,"href":"https:\/\/www.claret.cat\/es\/wp-json\/wp\/v2\/product_tag?post=1059075"}],"curies":[{"name":"wp","href":"https:\/\/api.w.org\/{rel}","templated":true}]}}