{"id":1059089,"date":"2025-10-14T13:40:26","date_gmt":"2025-10-14T11:40:26","guid":{"rendered":"https:\/\/www.claret.cat\/llibre\/logica-9788430993635\/"},"modified":"2025-10-14T13:41:04","modified_gmt":"2025-10-14T11:41:04","slug":"logica-9788430993635","status":"publish","type":"product","link":"https:\/\/www.claret.cat\/es\/libro\/logica-9788430993635\/","title":{"rendered":"L\u00d3GICA"},"content":{"rendered":"<p>La l\u00f3gica es la columna vertebral de la civilizaci\u00f3n occidental, lo que sostiene nuestros sistemas de filosof\u00eda, ciencia y legislaci\u00f3n. La l\u00f3gica tambi\u00e9n se encuentra en nuestra vida cotidiana, desde los idiomas que hablamos hasta las operaciones m\u00e1s b\u00e1sicas de nuestros tel\u00e9fonos m\u00f3viles. Nos puede incluso informar sobre c\u00f3mo est\u00e1 dise\u00f1ada una telenovela.<br \/> L\u00f3gica, una gu\u00eda ilustrada es una introducci\u00f3n ilustrada a esta \u00e1rea fascinante, que es transversal a la filosof\u00eda, a la ciencia y a muchas otras cosas.<\/p>\n","protected":false},"excerpt":{"rendered":"<p>CRYAN, DAN \/ SHATIL, SHARRON<\/p>\n","protected":false},"featured_media":1059090,"template":"","meta":{"_acf_changed":false,"om_disable_all_campaigns":false,"rs_blank_template":"","rs_page_bg_color":"","slide_template_v7":"","inline_featured_image":false,"_monsterinsights_skip_tracking":false,"_monsterinsights_sitenote_active":false,"_monsterinsights_sitenote_note":"","_monsterinsights_sitenote_category":0},"product_brand":[],"product_cat":[173,444],"product_tag":[],"class_list":{"0":"post-1059089","1":"product","2":"type-product","3":"status-publish","4":"has-post-thumbnail","6":"product_cat-logica","7":"product_cat-logica-filosofia-2_humanidades","9":"first","10":"instock","11":"taxable","12":"shipping-taxable","13":"purchasable","14":"product-type-simple"},"acf":{"autor":"CRYAN, DAN \/ SHATIL, SHARRON","codart":"843099363","libros-coleccion":"Filosof\u00eda - Filosof\u00eda Y Ensayo","ediciones":"1","encuadernacion":"R\u00fastica","fecha_de_publicacion":"01\/10\/2025","novedad":"1","paginas":"188","subtitulo":"UNA GU\u00cdA ILUSTRADA","orden":"0","portada":"0","idioma":"spa","booktrailer":"","resenas":"","editorial":[{"ID":6373,"post_author":"3","post_date":"2022-07-28 17:50:48","post_date_gmt":"2022-07-28 15:50:48","post_content":"","post_title":"Tecnos","post_excerpt":"","post_status":"publish","comment_status":"closed","ping_status":"closed","post_password":"","post_name":"tecnos","to_ping":"","pinged":"","post_modified":"2022-07-28 17:50:48","post_modified_gmt":"2022-07-28 15:50:48","post_content_filtered":"","post_parent":0,"guid":"http:\/\/dev.claret.cat\/editorial\/tecnos\/","menu_order":0,"post_type":"editorial","post_mime_type":"","comment_count":"0","filter":"raw"}]},"aioseo_notices":[],"_links":{"self":[{"href":"https:\/\/www.claret.cat\/es\/wp-json\/wp\/v2\/product\/1059089","targetHints":{"allow":["GET"]}}],"collection":[{"href":"https:\/\/www.claret.cat\/es\/wp-json\/wp\/v2\/product"}],"about":[{"href":"https:\/\/www.claret.cat\/es\/wp-json\/wp\/v2\/types\/product"}],"wp:featuredmedia":[{"embeddable":true,"href":"https:\/\/www.claret.cat\/es\/wp-json\/wp\/v2\/media\/1059090"}],"wp:attachment":[{"href":"https:\/\/www.claret.cat\/es\/wp-json\/wp\/v2\/media?parent=1059089"}],"wp:term":[{"taxonomy":"product_brand","embeddable":true,"href":"https:\/\/www.claret.cat\/es\/wp-json\/wp\/v2\/product_brand?post=1059089"},{"taxonomy":"product_cat","embeddable":true,"href":"https:\/\/www.claret.cat\/es\/wp-json\/wp\/v2\/product_cat?post=1059089"},{"taxonomy":"product_tag","embeddable":true,"href":"https:\/\/www.claret.cat\/es\/wp-json\/wp\/v2\/product_tag?post=1059089"}],"curies":[{"name":"wp","href":"https:\/\/api.w.org\/{rel}","templated":true}]}}