{"id":105918,"date":"2022-10-12T09:10:09","date_gmt":"2022-10-12T07:10:09","guid":{"rendered":"http:\/\/dev.claret.cat\/producte\/beethoven-un-music-sobre-un-mar-de-nuvols\/"},"modified":"2023-01-28T13:14:00","modified_gmt":"2023-01-28T12:14:00","slug":"beethoven-un-music-sobre-un-mar-de-nuvols-9788417247799","status":"publish","type":"product","link":"https:\/\/www.claret.cat\/es\/libro\/beethoven-un-music-sobre-un-mar-de-nuvols-9788417247799\/","title":{"rendered":"BEETHOVEN. UN M\u00daSIC SOBRE UN MAR DE N\u00daVOLS"},"content":{"rendered":"<p>\u00c0lbum il\u00b7lustrat en el 250 aniversari del naixement de Beethoven,  l&#8221;artista que va revolucionar la m\u00fasica per sempre, de Ramon Gener, el millor divulgador musical. Ludwig van Beethoven \u00e9s un dels compositors \u00e9s grans de la hist\u00f2ria de  la m\u00fasica. Per\u00f2, qu\u00e8 hi ha darrere l&#8221;artista? Aquest llibre, escrit per  Ramon Gener, \u00e9s un a biografia -i un homenatge- per redescobrir  Beethoven en totes les seves facetes. A trav\u00e9s d&#8221;aquestes meravelloses  p\u00e0gines il\u00b7lustrades per Fernando Vicente, descobrirem el geni i la persona que van habitar en Ludwig van Beethoven. &#8216;Davant la tomba de Beethoven, em desborda l&#8221;\u00e8xtasi i entenc per qu\u00e8  estic all\u00e0 quan sento la certesa de que el poder aclaparador de la seva obra \u00e9s avui m\u00e9s actual i m\u00e9s necessari que mai&#8217;. Ramon Gener.<\/p>\n","protected":false},"excerpt":{"rendered":"<p>GENER, RAMON \/ VICENTE, FERNANDO<\/p>\n","protected":false},"featured_media":105919,"template":"","meta":{"_acf_changed":false,"om_disable_all_campaigns":false,"rs_blank_template":"","rs_page_bg_color":"","slide_template_v7":"","inline_featured_image":false,"_monsterinsights_skip_tracking":false,"_monsterinsights_sitenote_active":false,"_monsterinsights_sitenote_note":"","_monsterinsights_sitenote_category":0},"product_brand":[],"product_cat":[99,108],"product_tag":[],"class_list":{"0":"post-105918","1":"product","2":"type-product","3":"status-publish","4":"has-post-thumbnail","6":"product_cat-biografies","7":"product_cat-comic","9":"first","10":"instock","11":"taxable","12":"shipping-taxable","13":"purchasable","14":"product-type-simple"},"acf":{"autor":"GENER, RAMON \/ VICENTE, FERNANDO","codart":"841724779","libros-coleccion":"COMIC","ediciones":"1","encuadernacion":"Carton\u00e9","fecha_de_publicacion":"01\/09\/2020","novedad":"1","paginas":"140","subtitulo":"","orden":"0","portada":"0","idioma":"cat","editorial":[{"ID":148729,"post_author":"3","post_date":"2022-10-14 12:00:31","post_date_gmt":"2022-10-14 10:00:31","post_content":"","post_title":"Random C\u00f3mic","post_excerpt":"","post_status":"publish","comment_status":"closed","ping_status":"closed","post_password":"","post_name":"random-comic","to_ping":"","pinged":"","post_modified":"2022-10-14 12:00:31","post_modified_gmt":"2022-10-14 10:00:31","post_content_filtered":"","post_parent":0,"guid":"http:\/\/dev.claret.cat\/editorial\/random-comic\/","menu_order":0,"post_type":"editorial","post_mime_type":"","comment_count":"0","filter":"raw"}],"autores-libros":[{"ID":155878,"post_author":"3","post_date":"2022-10-14 15:16:21","post_date_gmt":"2022-10-14 13:16:21","post_content":"","post_title":"FERNANDO VICENTE","post_excerpt":"","post_status":"publish","comment_status":"closed","ping_status":"closed","post_password":"","post_name":"fernando-vicente","to_ping":"","pinged":"","post_modified":"2022-10-14 15:16:21","post_modified_gmt":"2022-10-14 13:16:21","post_content_filtered":"","post_parent":0,"guid":"http:\/\/dev.claret.cat\/autor\/fernando-vicente\/","menu_order":0,"post_type":"autor","post_mime_type":"","comment_count":"0","filter":"raw"},{"ID":167720,"post_author":"3","post_date":"2022-10-14 18:13:28","post_date_gmt":"2022-10-14 16:13:28","post_content":"","post_title":"RAMON GENER","post_excerpt":"","post_status":"publish","comment_status":"closed","ping_status":"closed","post_password":"","post_name":"ramon-gener","to_ping":"","pinged":"","post_modified":"2022-10-14 18:13:28","post_modified_gmt":"2022-10-14 16:13:28","post_content_filtered":"","post_parent":0,"guid":"http:\/\/dev.claret.cat\/autor\/ramon-gener\/","menu_order":0,"post_type":"autor","post_mime_type":"","comment_count":"0","filter":"raw"}]},"aioseo_notices":[],"_links":{"self":[{"href":"https:\/\/www.claret.cat\/es\/wp-json\/wp\/v2\/product\/105918","targetHints":{"allow":["GET"]}}],"collection":[{"href":"https:\/\/www.claret.cat\/es\/wp-json\/wp\/v2\/product"}],"about":[{"href":"https:\/\/www.claret.cat\/es\/wp-json\/wp\/v2\/types\/product"}],"wp:featuredmedia":[{"embeddable":true,"href":"https:\/\/www.claret.cat\/es\/wp-json\/wp\/v2\/media\/105919"}],"wp:attachment":[{"href":"https:\/\/www.claret.cat\/es\/wp-json\/wp\/v2\/media?parent=105918"}],"wp:term":[{"taxonomy":"product_brand","embeddable":true,"href":"https:\/\/www.claret.cat\/es\/wp-json\/wp\/v2\/product_brand?post=105918"},{"taxonomy":"product_cat","embeddable":true,"href":"https:\/\/www.claret.cat\/es\/wp-json\/wp\/v2\/product_cat?post=105918"},{"taxonomy":"product_tag","embeddable":true,"href":"https:\/\/www.claret.cat\/es\/wp-json\/wp\/v2\/product_tag?post=105918"}],"curies":[{"name":"wp","href":"https:\/\/api.w.org\/{rel}","templated":true}]}}