{"id":1059382,"date":"2025-10-14T18:21:22","date_gmt":"2025-10-14T16:21:22","guid":{"rendered":"https:\/\/www.claret.cat\/llibre\/mi-querida-lucia-9788448044800\/"},"modified":"2026-02-16T12:10:48","modified_gmt":"2026-02-16T11:10:48","slug":"mi-querida-lucia-9788448044800","status":"publish","type":"product","link":"https:\/\/www.claret.cat\/es\/libro\/mi-querida-lucia-9788448044800\/","title":{"rendered":"MI QUERIDA LUC\u00cdA"},"content":{"rendered":"<p><strong>Una deslumbrante novela negra<\/strong> que no te dejar\u00e1 indiferente. Aquel asfixiante verano de 2002, <strong>Luc\u00eda Romasanta<\/strong>, madre soltera, astr\u00f3loga y redactora de la secci\u00f3n del hor\u00f3scopo m\u00e1s exitosa del pa\u00eds, <strong>recibe una perturbadora carta de un admirador an\u00f3nimo<\/strong>. Un texto manuscrito que la hace <strong>directamente responsable del fallecimiento de una desconocida<\/strong> en caso de que no tome partido.<\/p>\n<p> A esta primera carta le seguir\u00e1n otras, cada vez <strong>m\u00e1s amenazadoras, m\u00e1s violentas, m\u00e1s personales<\/strong>\u2026 Una historia que pasar\u00e1 a formar parte de las investigaciones de la Polic\u00eda Judicial como el famoso <strong>\u00abCaso del hor\u00f3scopo\u00bb<\/strong>.<\/p>\n<p> Ahora, la pregunta para Luc\u00eda es di\u00e1fana: <strong>\u00bfpodr\u00eda haber evitado sus muertes?<\/strong><\/p>\n<p><strong> <\/strong>Mi querida Luc\u00eda es un <strong>inquietante thriller, real y sin artificios<\/strong>. Una historia psicol\u00f3gica, apasionante e impredecible hasta el final, que profundiza en <strong>la presi\u00f3n que puede soportar una madre<\/strong> en una situaci\u00f3n l\u00edmite.<\/p>\n","protected":false},"excerpt":{"rendered":"<p>LA VECINA RUBIA<\/p>\n","protected":false},"featured_media":1059723,"template":"","meta":{"_acf_changed":false,"om_disable_all_campaigns":false,"rs_blank_template":"","rs_page_bg_color":"","slide_template_v7":"","inline_featured_image":false,"_monsterinsights_skip_tracking":false,"_monsterinsights_sitenote_active":false,"_monsterinsights_sitenote_note":"","_monsterinsights_sitenote_category":0},"product_brand":[],"product_cat":[127,357],"product_tag":[],"class_list":{"0":"post-1059382","1":"product","2":"type-product","3":"status-publish","4":"has-post-thumbnail","6":"product_cat-novella-contemporania","7":"product_cat-novela-contemporanea","9":"first","10":"instock","11":"taxable","12":"shipping-taxable","13":"purchasable","14":"product-type-simple"},"acf":{"autor":"LA VECINA RUBIA","codart":"844804480","libros-coleccion":"Novela","ediciones":"1","encuadernacion":"R\u00fastica","fecha_de_publicacion":"01\/10\/2025","novedad":"1","paginas":"443","subtitulo":"","orden":"0","portada":"0","idioma":"spa","booktrailer":"","resenas":"","editorial":[{"ID":148426,"post_author":"3","post_date":"2022-10-14 11:58:09","post_date_gmt":"2022-10-14 09:58:09","post_content":"","post_title":"LIBROS C\u00daPULA","post_excerpt":"","post_status":"publish","comment_status":"closed","ping_status":"closed","post_password":"","post_name":"libros-cupula","to_ping":"","pinged":"","post_modified":"2022-10-14 11:58:09","post_modified_gmt":"2022-10-14 09:58:09","post_content_filtered":"","post_parent":0,"guid":"http:\/\/dev.claret.cat\/editorial\/libros-cupula\/","menu_order":0,"post_type":"editorial","post_mime_type":"","comment_count":"0","filter":"raw"}]},"aioseo_notices":[],"_links":{"self":[{"href":"https:\/\/www.claret.cat\/es\/wp-json\/wp\/v2\/product\/1059382","targetHints":{"allow":["GET"]}}],"collection":[{"href":"https:\/\/www.claret.cat\/es\/wp-json\/wp\/v2\/product"}],"about":[{"href":"https:\/\/www.claret.cat\/es\/wp-json\/wp\/v2\/types\/product"}],"wp:featuredmedia":[{"embeddable":true,"href":"https:\/\/www.claret.cat\/es\/wp-json\/wp\/v2\/media\/1059723"}],"wp:attachment":[{"href":"https:\/\/www.claret.cat\/es\/wp-json\/wp\/v2\/media?parent=1059382"}],"wp:term":[{"taxonomy":"product_brand","embeddable":true,"href":"https:\/\/www.claret.cat\/es\/wp-json\/wp\/v2\/product_brand?post=1059382"},{"taxonomy":"product_cat","embeddable":true,"href":"https:\/\/www.claret.cat\/es\/wp-json\/wp\/v2\/product_cat?post=1059382"},{"taxonomy":"product_tag","embeddable":true,"href":"https:\/\/www.claret.cat\/es\/wp-json\/wp\/v2\/product_tag?post=1059382"}],"curies":[{"name":"wp","href":"https:\/\/api.w.org\/{rel}","templated":true}]}}