{"id":1059662,"date":"2025-10-15T17:25:24","date_gmt":"2025-10-15T15:25:24","guid":{"rendered":"https:\/\/www.claret.cat\/llibre\/amo-a-rusia-9791399039122\/"},"modified":"2025-12-17T18:25:56","modified_gmt":"2025-12-17T17:25:56","slug":"amo-a-rusia-9791399039122","status":"publish","type":"product","link":"https:\/\/www.claret.cat\/es\/libro\/amo-a-rusia-9791399039122\/","title":{"rendered":"AMO A RUSIA"},"content":{"rendered":"<p>Este libro es el incansable intento de Elena Kostyuchenko por documentar la experiencia de su pa\u00eds a trav\u00e9s de quienes este pa\u00eds elimina sistem\u00e1tica y brutalmente: ni\u00f1as de pueblos reclutadas para el trabajo sexual, personas queer en las provincias, pacientes y m\u00e9dicos de una maternidad ucraniana y reporteros como ella. En marzo de 2022, como corresponsal de Novaya Gazeta, Kostyuchenko cruz\u00f3 la frontera con Ucrania para cubrir la guerra. Su misi\u00f3n era asegurar que los rusos fueran testigos de los horrores que Putin comet\u00eda en su nombre. Escribi\u00f3 sus art\u00edculos sabiendo que, si regresaba a casa, probablemente ser\u00eda procesada y condenada a hasta quince a\u00f1os de prisi\u00f3n. Sin embargo, impulsada por la convicci\u00f3n de que la mayor expresi\u00f3n de amor y patriotismo es la cr\u00edtica, contin\u00faa escribiendo. Amo a Rusia combina reportajes de los \u00faltimos quince a\u00f1os con ensayos personales, con una narrativa caleidosc\u00f3pica que, seg\u00fan Kostyuchenko, podr\u00eda ser la \u00faltima obra sobre su tierra natal que publique en mucho tiempo, quiz\u00e1s para siempre.<\/p>\n","protected":false},"excerpt":{"rendered":"<p>KOSTYUCHENKO, ELENA<\/p>\n","protected":false},"featured_media":1059736,"template":"","meta":{"_acf_changed":false,"om_disable_all_campaigns":false,"rs_blank_template":"","rs_page_bg_color":"","slide_template_v7":"","inline_featured_image":false,"_monsterinsights_skip_tracking":false,"_monsterinsights_sitenote_active":false,"_monsterinsights_sitenote_note":"","_monsterinsights_sitenote_category":0},"product_brand":[],"product_cat":[152,429,157,370],"product_tag":[],"class_list":{"0":"post-1059662","1":"product","2":"type-product","3":"status-publish","4":"has-post-thumbnail","6":"product_cat-el-mon-actual","7":"product_cat-el-mundo-actual","8":"product_cat-investigacio-i-corrents","9":"product_cat-investigacion-y-corrientes","11":"first","12":"instock","13":"taxable","14":"shipping-taxable","15":"purchasable","16":"product-type-simple"},"acf":{"autor":"KOSTYUCHENKO, ELENA","codart":"139903912","libros-coleccion":"Ensayo","ediciones":"1","encuadernacion":"R\u00fastica","fecha_de_publicacion":"01\/10\/2025","novedad":"1","paginas":"397","subtitulo":"","orden":"0","portada":"0","idioma":"spa","booktrailer":"","resenas":"","editorial":[{"ID":6153,"post_author":"3","post_date":"2022-07-28 17:46:01","post_date_gmt":"2022-07-28 15:46:01","post_content":"","post_title":"CAPITAN SWING LIBROS","post_excerpt":"","post_status":"publish","comment_status":"closed","ping_status":"closed","post_password":"","post_name":"capitan-swing-libros","to_ping":"","pinged":"","post_modified":"2022-07-28 17:46:01","post_modified_gmt":"2022-07-28 15:46:01","post_content_filtered":"","post_parent":0,"guid":"http:\/\/dev.claret.cat\/editorial\/capitan-swing-libros\/","menu_order":0,"post_type":"editorial","post_mime_type":"","comment_count":"0","filter":"raw"}]},"aioseo_notices":[],"_links":{"self":[{"href":"https:\/\/www.claret.cat\/es\/wp-json\/wp\/v2\/product\/1059662","targetHints":{"allow":["GET"]}}],"collection":[{"href":"https:\/\/www.claret.cat\/es\/wp-json\/wp\/v2\/product"}],"about":[{"href":"https:\/\/www.claret.cat\/es\/wp-json\/wp\/v2\/types\/product"}],"wp:featuredmedia":[{"embeddable":true,"href":"https:\/\/www.claret.cat\/es\/wp-json\/wp\/v2\/media\/1059736"}],"wp:attachment":[{"href":"https:\/\/www.claret.cat\/es\/wp-json\/wp\/v2\/media?parent=1059662"}],"wp:term":[{"taxonomy":"product_brand","embeddable":true,"href":"https:\/\/www.claret.cat\/es\/wp-json\/wp\/v2\/product_brand?post=1059662"},{"taxonomy":"product_cat","embeddable":true,"href":"https:\/\/www.claret.cat\/es\/wp-json\/wp\/v2\/product_cat?post=1059662"},{"taxonomy":"product_tag","embeddable":true,"href":"https:\/\/www.claret.cat\/es\/wp-json\/wp\/v2\/product_tag?post=1059662"}],"curies":[{"name":"wp","href":"https:\/\/api.w.org\/{rel}","templated":true}]}}