{"id":1059897,"date":"2025-10-16T13:45:15","date_gmt":"2025-10-16T11:45:15","guid":{"rendered":"https:\/\/www.claret.cat\/llibre\/dilexi-te-the-estimat-9788491366379\/"},"modified":"2026-04-06T23:07:39","modified_gmt":"2026-04-06T21:07:39","slug":"dilexi-te-the-estimat-9788491366379","status":"publish","type":"product","link":"https:\/\/www.claret.cat\/es\/libro\/dilexi-te-the-estimat-9788491366379\/","title":{"rendered":"DILEXI TE \u00abT&#8217;HE ESTIMAT\u00bb"},"content":{"rendered":"<p>En la seva <strong>primera exhortaci\u00f3<\/strong>, el <strong>Papa<\/strong> parla sobretot de <strong>l\u2019amor envers els pobres<\/strong>, que \u00e9s <strong>a l\u2019arrel de la fe<\/strong> i de <strong>la vida cristiana<\/strong>. Insisteix en la <strong>inseparable connexi\u00f3 entre la fe cristiana i l\u2019amor preferencial pels pobres<\/strong>, continuant el <strong>magisteri del papa Francesc<\/strong>. El document, que repr\u00e8n un projecte del <strong>papa Francesc<\/strong>, insta l\u2019<strong>Esgl\u00e9sia cat\u00f2lica<\/strong> a viure <strong>l\u2019Evangeli<\/strong> mitjan\u00e7ant <strong>gestos concrets de solidaritat<\/strong>, <strong>cura<\/strong>, <strong>just\u00edcia<\/strong> i <strong>acompanyament cap als m\u00e9s necessitats<\/strong>, rebutjant <strong>ideologies<\/strong> o <strong>pol\u00edtiques<\/strong> que desfiguren aquest missatge d\u2019amor i servei.<\/p>\n<p><em>Dilexi te<\/em> no \u00e9s nom\u00e9s una crida als <strong>l\u00edders religiosos<\/strong> o als <strong>governs<\/strong>. \u00c9s tamb\u00e9 una <strong>invitaci\u00f3 a tota la societat<\/strong>, creient o no, a <strong>recon\u00e8ixer la dignitat de cada persona<\/strong> i a actuar amb <strong>compassi\u00f3<\/strong> i <strong>responsabilitat<\/strong>. \u00c9s una <strong>proposta per a tots els cristians i cristianes<\/strong>, una <strong>invitaci\u00f3 a viure amb cor i mans obertes<\/strong>, a <strong>comprometre\u2019s amb els altres<\/strong> all\u00e0 on un \u00e9s, i a <strong>fer que l\u2019amor sigui concret<\/strong> i transformador.<\/p>\n<p><\/p>\n<p><strong class='ql-size-large'>Aquest llibre \u00e9s ideal per a:<\/strong><\/p>\n<ul>\n<li><strong>Persones cristianes i no cristianes <\/strong>que vulguin apropar-se a la mirada del papa Lle\u00f3 XIV sobre un tema tan transcendental com l&#8217;amor al pro\u00efsme i cap als pobres.<\/li>\n<li><strong> Membres de parr\u00f2quies, di\u00f2cesis i responsables pastorals<\/strong> que busquen&nbsp;reflexionar sobre el servei, la missi\u00f3 i la proximitat pastoral a trav\u00e9s de l&#8217;\u00faltima exhortaci\u00f3 apost\u00f2lica de l&#8217;Esgl\u00e9sia Cat\u00f2lica.<\/li>\n<li><strong>Apassionats de la teologia i la hist\u00f2ria de l&#8217;Esgl\u00e9sia<\/strong> que volen entendre com cal viure la fe en els nostres temps.<\/li>\n<li><strong>Seminaristes, estudiants i docents de centres de formaci\u00f3 religiosa<\/strong><\/li>\n<\/ul>\n<p><strong><span class='ql-cursor'><\/span><\/strong><\/p>\n<p><em>Aquest llibre ha estat impr\u00e8s amb paper certificat pel&nbsp;<\/em>&nbsp;<a href='https:\/\/fsc.org\/en' rel='noopener noreferrer' target='_blank'><em>Forest Stewardship Council (FSC)<\/em><\/a>&nbsp;<em>, que compleix amb els principis de gesti\u00f3 econ\u00f2mica, social i ambiental sostenibles.<\/em><\/p>\n","protected":false},"excerpt":{"rendered":"<p>LLE\u00d3 XIV<\/p>\n","protected":false},"featured_media":1073719,"template":"","meta":{"_acf_changed":false,"om_disable_all_campaigns":false,"rs_blank_template":"","rs_page_bg_color":"","slide_template_v7":"","inline_featured_image":false,"_monsterinsights_skip_tracking":false,"_monsterinsights_sitenote_active":false,"_monsterinsights_sitenote_note":"","_monsterinsights_sitenote_category":0},"product_brand":[],"product_cat":[307,581,468,207],"product_tag":[],"class_list":{"0":"post-1059897","1":"product","2":"type-product","3":"status-publish","4":"has-post-thumbnail","6":"product_cat-catala","7":"product_cat-editorial-claret","8":"product_cat-epistolas-catolicas","9":"product_cat-epistoles-catoliques","11":"first","12":"instock","13":"taxable","14":"shipping-taxable","15":"purchasable","16":"product-type-simple"},"acf":{"autor":"LLE\u00d3 XIV","codart":"849136637","libros-coleccion":"","ediciones":"1","encuadernacion":"R\u00fastica","fecha_de_publicacion":"22\/10\/2025","novedad":"1","paginas":"102","subtitulo":"EXHORTACI\u00d3 APOST\u00d2LICA","orden":"9","portada":"1","idioma":"cat","booktrailer":"","resenas":"<p>Catalunya Religi\u00f3, 17\/10\/2025<\/p>\n<p><a href=\"https:\/\/www.catalunyareligio.cat\/ca\/exhortacio-dilexi-te-lleo-xiv-en-catala?utm_source=enviament&amp;utm_medium=whatsapp\" rel=\"noopener noreferrer\" target=\"_blank\">https:\/\/www.catalunyareligio.cat\/ca\/exhortacio-dilexi-te-lleo-xiv-en-catala?utm_source=enviament&amp;utm_medium=whatsapp<\/a><\/p>\n<p><\/p>\n<p>Ag\u00e8ncia Flama, 23\/10\/2025<\/p>\n<p><a href=\"https:\/\/www.agenciaflama.cat\/primera-exhortacio-lleoxiv-catala-claret\/\" rel=\"noopener noreferrer\" target=\"_blank\">https:\/\/www.agenciaflama.cat\/primera-exhortacio-lleoxiv-catala-claret\/<\/a><\/p>\n<p><\/p>\n<p>Catalunya Cristiana, 23\/10\/2025<\/p>\n<p><a href=\"https:\/\/www.catalunyacristiana.cat\/arriba-a-les-llibreries-dilexi-te-en-catala\" rel=\"noopener noreferrer\" target=\"_blank\">https:\/\/www.catalunyacristiana.cat\/arriba-a-les-llibreries-dilexi-te-en-catala<\/a><\/p>\n<p><\/p>\n<p>Catalunya Cristiana, 16\/11\/2025<\/p>\n<p><a href=\"https:\/\/drive.google.com\/file\/d\/14N3qXfOe9_IfsO1ZfTztSamog-Ch44W3\/view?usp=sharing\" rel=\"noopener noreferrer\" target=\"_blank\">https:\/\/drive.google.com\/file\/d\/14N3qXfOe9_IfsO1ZfTztSamog-Ch44W3\/view?usp=sharing<\/a><\/p>\n<p><\/p>\n<p>Catalunya Cristiana (castell\u00e0), 16\/11\/2025<\/p>\n<p><a href=\"https:\/\/drive.google.com\/file\/d\/1d9lzXB32rJOtFEu1k-HxeC0KWRqvvGHX\/view?usp=sharing\" rel=\"noopener noreferrer\" target=\"_blank\">https:\/\/drive.google.com\/file\/d\/1d9lzXB32rJOtFEu1k-HxeC0KWRqvvGHX\/view?usp=sharing<\/a><\/p>\n","editorial":[{"ID":6158,"post_author":"3","post_date":"2022-07-28 17:46:08","post_date_gmt":"2022-07-28 15:46:08","post_content":"","post_title":"CLARET","post_excerpt":"","post_status":"publish","comment_status":"closed","ping_status":"closed","post_password":"","post_name":"claret","to_ping":"","pinged":"","post_modified":"2022-07-28 17:46:08","post_modified_gmt":"2022-07-28 15:46:08","post_content_filtered":"","post_parent":0,"guid":"http:\/\/dev.claret.cat\/editorial\/claret\/","menu_order":0,"post_type":"editorial","post_mime_type":"","comment_count":"0","filter":"raw"}],"linkebook":"","ficha":"","muestra":"","precioebook":"0","presentacion":"","autores-libros":[{"ID":1059900,"post_author":"3","post_date":"2025-10-16 13:50:44","post_date_gmt":"2025-10-16 11:50:44","post_content":"<strong>Robert Francis Prevost<\/strong> (Estats Units, 1955), va n\u00e9ixer a Chicago. El 30 de gener de 2023, el Papa Francesc el va nomenar prefecte del Dicasteri per als Bisbes i president de la Pontif\u00edcia Comissi\u00f3 per a Am\u00e8rica Llatina. Va ser creat i proclamat Cardenal pel Papa Francesc el 30 de setembre de 2023. El 8 de maig de 2025 \u2013sota el nom de Lle\u00f3 XIV\u2013 ha estat elegit el Rom\u00e0 Pont\u00edfex n\u00famero 267.","post_title":"LLE\u00d3 XIV","post_excerpt":"","post_status":"publish","comment_status":"closed","ping_status":"closed","post_password":"","post_name":"lleo-xiv","to_ping":"","pinged":"","post_modified":"2025-10-23 12:39:54","post_modified_gmt":"2025-10-23 10:39:54","post_content_filtered":"","post_parent":0,"guid":"https:\/\/www.claret.cat\/autor\/lleo-xiv\/","menu_order":0,"post_type":"autor","post_mime_type":"","comment_count":"0","filter":"raw"}]},"aioseo_notices":[],"_links":{"self":[{"href":"https:\/\/www.claret.cat\/es\/wp-json\/wp\/v2\/product\/1059897","targetHints":{"allow":["GET"]}}],"collection":[{"href":"https:\/\/www.claret.cat\/es\/wp-json\/wp\/v2\/product"}],"about":[{"href":"https:\/\/www.claret.cat\/es\/wp-json\/wp\/v2\/types\/product"}],"wp:featuredmedia":[{"embeddable":true,"href":"https:\/\/www.claret.cat\/es\/wp-json\/wp\/v2\/media\/1073719"}],"wp:attachment":[{"href":"https:\/\/www.claret.cat\/es\/wp-json\/wp\/v2\/media?parent=1059897"}],"wp:term":[{"taxonomy":"product_brand","embeddable":true,"href":"https:\/\/www.claret.cat\/es\/wp-json\/wp\/v2\/product_brand?post=1059897"},{"taxonomy":"product_cat","embeddable":true,"href":"https:\/\/www.claret.cat\/es\/wp-json\/wp\/v2\/product_cat?post=1059897"},{"taxonomy":"product_tag","embeddable":true,"href":"https:\/\/www.claret.cat\/es\/wp-json\/wp\/v2\/product_tag?post=1059897"}],"curies":[{"name":"wp","href":"https:\/\/api.w.org\/{rel}","templated":true}]}}