{"id":1059964,"date":"2025-10-16T23:19:53","date_gmt":"2025-10-16T21:19:53","guid":{"rendered":"https:\/\/www.claret.cat\/llibre\/tutti-frutti-el-juego-no-oficial-para-fans-de-potter-9788410845633\/"},"modified":"2025-10-16T23:43:33","modified_gmt":"2025-10-16T21:43:33","slug":"tutti-frutti-el-juego-no-oficial-para-fans-de-potter-9788410845633","status":"publish","type":"product","link":"https:\/\/www.claret.cat\/es\/libro\/tutti-frutti-el-juego-no-oficial-para-fans-de-potter-9788410845633\/","title":{"rendered":"TUTTI FRUTTI. EL JUEGO NO OFICIAL PARA FANS DE POTTER"},"content":{"rendered":"<p>\u00a1Atenci\u00f3n, Potterheads, aceptad el reto de esta competici\u00f3n m\u00e1gica y poned a prueba vuestros conocimientos sobre el universo de Harry Potter. \u00bfQui\u00e9n conoce m\u00e1s hechizos y es el m\u00e1s r\u00e1pido en encontrar el t\u00e9rmino correcto? \u00bfQui\u00e9n quedar\u00e1 hechizado y tendr\u00e1 que abandonar una ronda? \u00a1Se requieren conocimientos de magia, creatividad y rapidez! Este juego de cartas funciona como el Stop o Tutti frutti. M\u00e1s de 60 categor\u00edas con las que vas a demostrar tu creatividad y agilidad mental.<\/p>\n","protected":false},"excerpt":{"rendered":"<p>AA.VV.<\/p>\n","protected":false},"featured_media":1059965,"template":"","meta":{"_acf_changed":false,"om_disable_all_campaigns":false,"rs_blank_template":"","rs_page_bg_color":"","slide_template_v7":"","inline_featured_image":false,"_monsterinsights_skip_tracking":false,"_monsterinsights_sitenote_active":false,"_monsterinsights_sitenote_note":"","_monsterinsights_sitenote_category":0},"product_brand":[],"product_cat":[132,362],"product_tag":[],"class_list":{"0":"post-1059964","1":"product","2":"type-product","3":"status-publish","4":"has-post-thumbnail","6":"product_cat-lectures-per-preadolescents-6-12-anys","7":"product_cat-libros-preadolescentes-6-12-anos","9":"first","10":"instock","11":"taxable","12":"shipping-taxable","13":"purchasable","14":"product-type-simple"},"acf":{"autor":"AA.VV.","codart":"841084563","libros-coleccion":"FORA DE COL.LECCI\u00d3","ediciones":"1","encuadernacion":"Carpeta","fecha_de_publicacion":"01\/09\/2025","novedad":"1","paginas":"1","subtitulo":"","orden":"0","portada":"0","idioma":"spa","booktrailer":"","resenas":"","editorial":[{"ID":148846,"post_author":"3","post_date":"2022-10-14 12:01:27","post_date_gmt":"2022-10-14 10:01:27","post_content":"","post_title":"SUSAETA EDICIONES","post_excerpt":"","post_status":"publish","comment_status":"closed","ping_status":"closed","post_password":"","post_name":"susaeta-ediciones","to_ping":"","pinged":"","post_modified":"2022-10-14 12:01:27","post_modified_gmt":"2022-10-14 10:01:27","post_content_filtered":"","post_parent":0,"guid":"http:\/\/dev.claret.cat\/editorial\/susaeta-ediciones\/","menu_order":0,"post_type":"editorial","post_mime_type":"","comment_count":"0","filter":"raw"}]},"aioseo_notices":[],"_links":{"self":[{"href":"https:\/\/www.claret.cat\/es\/wp-json\/wp\/v2\/product\/1059964","targetHints":{"allow":["GET"]}}],"collection":[{"href":"https:\/\/www.claret.cat\/es\/wp-json\/wp\/v2\/product"}],"about":[{"href":"https:\/\/www.claret.cat\/es\/wp-json\/wp\/v2\/types\/product"}],"wp:featuredmedia":[{"embeddable":true,"href":"https:\/\/www.claret.cat\/es\/wp-json\/wp\/v2\/media\/1059965"}],"wp:attachment":[{"href":"https:\/\/www.claret.cat\/es\/wp-json\/wp\/v2\/media?parent=1059964"}],"wp:term":[{"taxonomy":"product_brand","embeddable":true,"href":"https:\/\/www.claret.cat\/es\/wp-json\/wp\/v2\/product_brand?post=1059964"},{"taxonomy":"product_cat","embeddable":true,"href":"https:\/\/www.claret.cat\/es\/wp-json\/wp\/v2\/product_cat?post=1059964"},{"taxonomy":"product_tag","embeddable":true,"href":"https:\/\/www.claret.cat\/es\/wp-json\/wp\/v2\/product_tag?post=1059964"}],"curies":[{"name":"wp","href":"https:\/\/api.w.org\/{rel}","templated":true}]}}