{"id":1060083,"date":"2025-10-17T16:00:09","date_gmt":"2025-10-17T14:00:09","guid":{"rendered":"https:\/\/www.claret.cat\/llibre\/los-tres-mundos-serie-julio-cesar-3-9788466682701\/"},"modified":"2026-04-18T13:10:39","modified_gmt":"2026-04-18T11:10:39","slug":"los-tres-mundos-serie-julio-cesar-3-9788466682701","status":"publish","type":"product","link":"https:\/\/www.claret.cat\/es\/libro\/los-tres-mundos-serie-julio-cesar-3-9788466682701\/","title":{"rendered":"LOS TRES MUNDOS (SERIE JULIO C\u00c9SAR 3)"},"content":{"rendered":"<p><strong class='ql-size-large'>UN HOMBRE. TRES MUNDOS. EL PRECIO DE LA GLORIA NUNCA FUE TAN ALTO. <\/strong><\/p>\n<p>Tras el \u00e9xito imparable de <strong><em>Roma soy yo<\/em><\/strong> y <strong><em>Maldita Roma,<\/em><\/strong> contin\u00faa el gran proyecto literario de <a href='https:\/\/www.claret.cat\/cataleg\/?b=Santiago+Posteguillo' rel='noopener noreferrer' target='_blank'><strong>Santiago Posteguillo<\/strong><\/a> con su novela m\u00e1s esperada: <strong>la conquista de las Galias por Julio C\u00e9sar<\/strong>, narrada por el escritor que mejor nos hace vivir la Historia. En el 58 a. C., Roma, la Galia y Egipto eran tres mundos distintos que, sin saberlo, iban camino de un \u00fanico destino\u2026 <\/p>\n<p><\/p>\n<p>Si en<a href='https:\/\/www.claret.cat\/es\/libro\/roma-soy-yo-serie-julio-cesar-1-9788413149288\/?c=' rel='noopener noreferrer' target='_blank'><strong><em> Roma soy yo <\/em><\/strong><\/a>conoc\u00edamos los or\u00edgenes de Julio C\u00e9sar y en<a href='https:\/\/www.claret.cat\/es\/libro\/maldita-roma-serie-julio-cesar-2-9788410381933\/?c=' rel='noopener noreferrer' target='_blank'><strong><em> Maldita Roma <\/em><\/strong><\/a>asist\u00edamos a su ascenso pol\u00edtico, ahora C\u00e9sar se enfrenta a uno de los mayores desaf\u00edos hist\u00f3ricos de todos los tiempos: la conquista de las Galias, un territorio siempre hostil a Roma, vasto, inmenso y, a ojos de los enemigos de C\u00e9sar, un lugar inconquistable destinado a ser su tumba. <\/p>\n<p><\/p>\n<p>Con una rigurosa documentaci\u00f3n y un ritmo soberbio vivimos el sufrimiento y la \u00e9pica de <strong>la guerra de las Galias<\/strong>, pero tambi\u00e9n presenciamos la lucha pol\u00edtica fratricida en Roma y viajamos al exilio con el fara\u00f3n <strong>Tolomeo XII<\/strong>, expulsado de Egipto en compa\u00f1\u00eda de su hija, la joven y m\u00edtica <strong>Cleopatra. <\/strong>La Galia, Roma y Egipto, una colisi\u00f3n inexorable de tres mundos legendarios en la que culmina la Trilog\u00eda del Ascenso, el primer ciclo de la serie sobre Julio C\u00e9sar.<\/p>\n<p><\/p>\n<p><strong class='ql-size-large'>La cr\u00edtica ha dicho&#8230;<\/strong><\/p>\n<blockquote><p> \u00abEl gran escritor hist\u00f3rico novela al m\u00e1s genial de los hombres\u00bb.<strong> El Mundo <\/strong><\/p><\/blockquote>\n<blockquote><p>\u00abSantiago Posteguillo aporta ritmo y rigor al mito\u00bb. <strong>El Pa\u00eds<\/strong> <\/p><\/blockquote>\n<blockquote><p>\u00abEl mayor best seller de la novela hist\u00f3rica en espa\u00f1ol\u00bb. <strong>El Confidencial<\/strong> <\/p><\/blockquote>\n<blockquote><p>\u00abEl emperador de las letras\u00bb. <strong>La Vanguardia<\/strong><\/p><\/blockquote>\n","protected":false},"excerpt":{"rendered":"<p>POSTEGUILLO, SANTIAGO<\/p>\n","protected":false},"featured_media":1070162,"template":"","meta":{"_acf_changed":false,"om_disable_all_campaigns":false,"rs_blank_template":"","rs_page_bg_color":"","slide_template_v7":"","inline_featured_image":false,"_monsterinsights_skip_tracking":false,"_monsterinsights_sitenote_active":false,"_monsterinsights_sitenote_note":"","_monsterinsights_sitenote_category":0},"product_brand":[],"product_cat":[308,130,360],"product_tag":[],"class_list":{"0":"post-1060083","1":"product","2":"type-product","3":"status-publish","4":"has-post-thumbnail","6":"product_cat-castella","7":"product_cat-novella-historica-i-ficcio","8":"product_cat-novela-historica-y-ficcion","10":"first","11":"instock","12":"taxable","13":"shipping-taxable","14":"purchasable","15":"product-type-simple"},"acf":{"autor":"POSTEGUILLO, SANTIAGO","codart":"846668270","libros-coleccion":"HIST\u00d3RICA","ediciones":"1","encuadernacion":"Carton\u00e9","fecha_de_publicacion":"21\/10\/2025","novedad":"1","paginas":"1032","subtitulo":"","orden":"8","portada":"1","idioma":"spa","booktrailer":"","resenas":"","editorial":[{"ID":6200,"post_author":"3","post_date":"2022-07-28 17:47:00","post_date_gmt":"2022-07-28 15:47:00","post_content":"","post_title":"EDICIONES B","post_excerpt":"","post_status":"publish","comment_status":"closed","ping_status":"closed","post_password":"","post_name":"ediciones-b","to_ping":"","pinged":"","post_modified":"2022-07-28 17:47:00","post_modified_gmt":"2022-07-28 15:47:00","post_content_filtered":"","post_parent":0,"guid":"http:\/\/dev.claret.cat\/editorial\/ediciones-b\/","menu_order":0,"post_type":"editorial","post_mime_type":"","comment_count":"0","filter":"raw"}],"linkebook":"","ficha":"","muestra":"","precioebook":"0","presentacion":"","autores-libros":[{"ID":6019,"post_author":"3","post_date":"2022-07-28 17:36:26","post_date_gmt":"2022-07-28 15:36:26","post_content":"","post_title":"SANTIAGO POSTEGUILLO","post_excerpt":"","post_status":"publish","comment_status":"closed","ping_status":"closed","post_password":"","post_name":"santiago-posteguillo","to_ping":"","pinged":"","post_modified":"2022-07-28 17:36:26","post_modified_gmt":"2022-07-28 15:36:26","post_content_filtered":"","post_parent":0,"guid":"http:\/\/dev.claret.cat\/autor\/santiago-posteguillo\/","menu_order":0,"post_type":"autor","post_mime_type":"","comment_count":"0","filter":"raw"},{"ID":299552,"post_author":"3","post_date":"2022-12-16 01:39:00","post_date_gmt":"2022-12-16 00:39:00","post_content":"","post_title":"SANTIAGO POSTEGUILLO G\u00d3MEZ","post_excerpt":"","post_status":"publish","comment_status":"closed","ping_status":"closed","post_password":"","post_name":"santiago-posteguillo-gomez","to_ping":"","pinged":"","post_modified":"2022-12-16 01:39:00","post_modified_gmt":"2022-12-16 00:39:00","post_content_filtered":"","post_parent":0,"guid":"http:\/\/dev.claret.cat\/autor\/santiago-posteguillo-gomez\/","menu_order":0,"post_type":"autor","post_mime_type":"","comment_count":"0","filter":"raw"}],"traductores-libros":"","ilustradores-libros":"","formato":"","ebookportada":false,"recomendamos":"","mas_vendido":""},"aioseo_notices":[],"_links":{"self":[{"href":"https:\/\/www.claret.cat\/es\/wp-json\/wp\/v2\/product\/1060083","targetHints":{"allow":["GET"]}}],"collection":[{"href":"https:\/\/www.claret.cat\/es\/wp-json\/wp\/v2\/product"}],"about":[{"href":"https:\/\/www.claret.cat\/es\/wp-json\/wp\/v2\/types\/product"}],"wp:featuredmedia":[{"embeddable":true,"href":"https:\/\/www.claret.cat\/es\/wp-json\/wp\/v2\/media\/1070162"}],"wp:attachment":[{"href":"https:\/\/www.claret.cat\/es\/wp-json\/wp\/v2\/media?parent=1060083"}],"wp:term":[{"taxonomy":"product_brand","embeddable":true,"href":"https:\/\/www.claret.cat\/es\/wp-json\/wp\/v2\/product_brand?post=1060083"},{"taxonomy":"product_cat","embeddable":true,"href":"https:\/\/www.claret.cat\/es\/wp-json\/wp\/v2\/product_cat?post=1060083"},{"taxonomy":"product_tag","embeddable":true,"href":"https:\/\/www.claret.cat\/es\/wp-json\/wp\/v2\/product_tag?post=1060083"}],"curies":[{"name":"wp","href":"https:\/\/api.w.org\/{rel}","templated":true}]}}