{"id":1060128,"date":"2025-10-17T17:40:26","date_gmt":"2025-10-17T15:40:26","guid":{"rendered":"https:\/\/www.claret.cat\/llibre\/la-meva-capsa-secreta-de-dracs-9788447953073\/"},"modified":"2026-01-05T12:10:06","modified_gmt":"2026-01-05T11:10:06","slug":"la-meva-capsa-secreta-de-dracs-9788447953073","status":"publish","type":"product","link":"https:\/\/www.claret.cat\/es\/libro\/la-meva-capsa-secreta-de-dracs-9788447953073\/","title":{"rendered":"LA MEVA CAPSA SECRETA DE DRACS"},"content":{"rendered":"<p>Converteix-te en el millor entrenador de dracs de la hist\u00f2ria! A l&#8221;interior d\u2019aquesta capsa trobar\u00e0s tot el que necessites: un llibre per aprendre les caracter\u00edstiques i la personalitat de cada drac, jocs per entrenar o desafiar els amics i la fam\u00edlia (tres en ratlla, joc de mem\u00f2ria, jocs de taula i de cartes&#8230;), i moltes sorpreses por poder ensinistrar les teves cries de drac!<\/p>\n","protected":false},"excerpt":{"rendered":"<p>WHITE STAR, S.R.L.<\/p>\n","protected":false},"featured_media":1060129,"template":"","meta":{"_acf_changed":false,"om_disable_all_campaigns":false,"rs_blank_template":"","rs_page_bg_color":"","slide_template_v7":"","inline_featured_image":false,"_monsterinsights_skip_tracking":false,"_monsterinsights_sitenote_active":false,"_monsterinsights_sitenote_note":"","_monsterinsights_sitenote_category":0},"product_brand":[],"product_cat":[132,362],"product_tag":[],"class_list":{"0":"post-1060128","1":"product","2":"type-product","3":"status-publish","4":"has-post-thumbnail","6":"product_cat-lectures-per-preadolescents-6-12-anys","7":"product_cat-libros-preadolescentes-6-12-anos","9":"first","10":"instock","11":"taxable","12":"shipping-taxable","13":"purchasable","14":"product-type-simple"},"acf":{"autor":"WHITE STAR, S.R.L.","codart":"844795307","libros-coleccion":"FORA DE COL.LECCI\u00d3","ediciones":"1","encuadernacion":"Carpeta","fecha_de_publicacion":"01\/10\/2025","novedad":"1","paginas":"1","subtitulo":"","orden":"0","portada":"0","idioma":"cat","booktrailer":"","resenas":"","editorial":[{"ID":147536,"post_author":"3","post_date":"2022-10-14 11:51:19","post_date_gmt":"2022-10-14 09:51:19","post_content":"","post_title":"BAULA-EDELVIVES-VALENCIANO\/CATALAN-TXT-","post_excerpt":"","post_status":"publish","comment_status":"closed","ping_status":"closed","post_password":"","post_name":"baula-edelvives-valenciano-catalan-txt","to_ping":"","pinged":"","post_modified":"2022-10-14 11:51:19","post_modified_gmt":"2022-10-14 09:51:19","post_content_filtered":"","post_parent":0,"guid":"http:\/\/dev.claret.cat\/editorial\/baula-edelvives-valenciano-catalan-txt\/","menu_order":0,"post_type":"editorial","post_mime_type":"","comment_count":"0","filter":"raw"}]},"aioseo_notices":[],"_links":{"self":[{"href":"https:\/\/www.claret.cat\/es\/wp-json\/wp\/v2\/product\/1060128","targetHints":{"allow":["GET"]}}],"collection":[{"href":"https:\/\/www.claret.cat\/es\/wp-json\/wp\/v2\/product"}],"about":[{"href":"https:\/\/www.claret.cat\/es\/wp-json\/wp\/v2\/types\/product"}],"wp:featuredmedia":[{"embeddable":true,"href":"https:\/\/www.claret.cat\/es\/wp-json\/wp\/v2\/media\/1060129"}],"wp:attachment":[{"href":"https:\/\/www.claret.cat\/es\/wp-json\/wp\/v2\/media?parent=1060128"}],"wp:term":[{"taxonomy":"product_brand","embeddable":true,"href":"https:\/\/www.claret.cat\/es\/wp-json\/wp\/v2\/product_brand?post=1060128"},{"taxonomy":"product_cat","embeddable":true,"href":"https:\/\/www.claret.cat\/es\/wp-json\/wp\/v2\/product_cat?post=1060128"},{"taxonomy":"product_tag","embeddable":true,"href":"https:\/\/www.claret.cat\/es\/wp-json\/wp\/v2\/product_tag?post=1060128"}],"curies":[{"name":"wp","href":"https:\/\/api.w.org\/{rel}","templated":true}]}}