{"id":1060146,"date":"2025-10-17T19:21:05","date_gmt":"2025-10-17T17:21:05","guid":{"rendered":"https:\/\/www.claret.cat\/llibre\/2-la-gran-poppytective-actividad-paranormal-9788468375816\/"},"modified":"2025-10-31T18:35:37","modified_gmt":"2025-10-31T17:35:37","slug":"2-la-gran-poppytective-actividad-paranormal-9788468375816","status":"publish","type":"product","link":"https:\/\/www.claret.cat\/es\/libro\/2-la-gran-poppytective-actividad-paranormal-9788468375816\/","title":{"rendered":"2. LA GRAN POPPYTECTIVE. ACTIVIDAD PARANORMAL"},"content":{"rendered":"<p>Ahora que Poppy sabe exactamente lo que es un misterio y que Trufas est\u00e1 de acuerdo (m\u00e1s o menos) en ser su ayudante, la gran pareja de detectives ha vuelto. Y esta vez tienen un caso entre patas que pone los pelos de punta. Cuando una nueva vecina y su gatita vienen a vivir a la casa de al lado, Trufas quiere conocerla. \u00a1Por fin alguien que podr\u00e1 comprenderlo y no es un cachorro sobreexcitado! Pero es muy raro que no se vea a la gatita por ning\u00fan sitio. A Poppy eso no le interesa nada, ya que hay alguien muy travieso que lo mordisquea todo y quiere descubrir qui\u00e9n es. Una noche que decide organizar una pijamada (o, mejor dicho, una vigilancia nocturna) para atrapar al culpable, ve que los juguetes de Trufas se mueven solos. \u00bfSer\u00e1 un fa-fa-fantasma el responsable? Algo da mala espina, y no es la de las chuches de at\u00fan de Trufas. Poppy pondr\u00e1 en marcha sus habilidades de Poppytective para averiguar la verdad sobre este animal encantado y enfrentarse al reto m\u00e1s dif\u00edcil de todos: hacer nuevos amigos, \u00a1incluso si son fantasmas!<\/p>\n","protected":false},"excerpt":{"rendered":"<p>TYSOE, ALINA<\/p>\n","protected":false},"featured_media":1060252,"template":"","meta":{"_acf_changed":false,"om_disable_all_campaigns":false,"rs_blank_template":"","rs_page_bg_color":"","slide_template_v7":"","inline_featured_image":false,"_monsterinsights_skip_tracking":false,"_monsterinsights_sitenote_active":false,"_monsterinsights_sitenote_note":"","_monsterinsights_sitenote_category":0},"product_brand":[],"product_cat":[132,362],"product_tag":[],"class_list":{"0":"post-1060146","1":"product","2":"type-product","3":"status-publish","4":"has-post-thumbnail","6":"product_cat-lectures-per-preadolescents-6-12-anys","7":"product_cat-libros-preadolescentes-6-12-anos","9":"first","10":"instock","11":"taxable","12":"shipping-taxable","13":"purchasable","14":"product-type-simple"},"acf":{"autor":"TYSOE, ALINA","codart":"846837581","libros-coleccion":"FORA DE COL.LECCI\u00d3","ediciones":"1","encuadernacion":"Carton\u00e9","fecha_de_publicacion":"01\/10\/2025","novedad":"1","paginas":"123","subtitulo":"","orden":"0","portada":"0","idioma":"spa","booktrailer":"","resenas":"","editorial":[{"ID":6193,"post_author":"3","post_date":"2022-07-28 17:46:53","post_date_gmt":"2022-07-28 15:46:53","post_content":"","post_title":"EDEBE GUADIEL","post_excerpt":"","post_status":"publish","comment_status":"closed","ping_status":"closed","post_password":"","post_name":"edebe-guadiel","to_ping":"","pinged":"","post_modified":"2022-07-28 17:46:53","post_modified_gmt":"2022-07-28 15:46:53","post_content_filtered":"","post_parent":0,"guid":"http:\/\/dev.claret.cat\/editorial\/edebe-guadiel\/","menu_order":0,"post_type":"editorial","post_mime_type":"","comment_count":"0","filter":"raw"}]},"aioseo_notices":[],"_links":{"self":[{"href":"https:\/\/www.claret.cat\/es\/wp-json\/wp\/v2\/product\/1060146","targetHints":{"allow":["GET"]}}],"collection":[{"href":"https:\/\/www.claret.cat\/es\/wp-json\/wp\/v2\/product"}],"about":[{"href":"https:\/\/www.claret.cat\/es\/wp-json\/wp\/v2\/types\/product"}],"wp:featuredmedia":[{"embeddable":true,"href":"https:\/\/www.claret.cat\/es\/wp-json\/wp\/v2\/media\/1060252"}],"wp:attachment":[{"href":"https:\/\/www.claret.cat\/es\/wp-json\/wp\/v2\/media?parent=1060146"}],"wp:term":[{"taxonomy":"product_brand","embeddable":true,"href":"https:\/\/www.claret.cat\/es\/wp-json\/wp\/v2\/product_brand?post=1060146"},{"taxonomy":"product_cat","embeddable":true,"href":"https:\/\/www.claret.cat\/es\/wp-json\/wp\/v2\/product_cat?post=1060146"},{"taxonomy":"product_tag","embeddable":true,"href":"https:\/\/www.claret.cat\/es\/wp-json\/wp\/v2\/product_tag?post=1060146"}],"curies":[{"name":"wp","href":"https:\/\/api.w.org\/{rel}","templated":true}]}}