{"id":106035,"date":"2022-10-12T09:11:49","date_gmt":"2022-10-12T07:11:49","guid":{"rendered":"http:\/\/dev.claret.cat\/producte\/mi-casa\/"},"modified":"2023-01-28T15:55:10","modified_gmt":"2023-01-28T14:55:10","slug":"mi-casa-9788417742072","status":"publish","type":"product","link":"https:\/\/www.claret.cat\/es\/libro\/mi-casa-9788417742072\/","title":{"rendered":"MI CASA"},"content":{"rendered":"<p>Archibaldo invita a los lectores a conocer su casa. Cuenta c\u00f3mo es, c\u00f3mo la percibe un d\u00eda y c\u00f3mo al otro le resulta completamente distinta&#8230; Y adem\u00e1s, describe las casas de cada uno de sus amigos y las compara.<br \/> \u00bfCu\u00e1l ser\u00e1 al final su preferida?<\/p>\n<p> Archibaldo, el simp\u00e1tico personaje querido por todos los ni\u00f1os, ya ha presentado a su pap\u00e1, a su mam\u00e1, a su hermanita, a su amigo\u2026 Ha compartido sus dudas, su mayor deseo, sus reflexiones, sus sentimientos\u2026<br \/> En esta nueva entrega de la serie toca un tema fundamental para los peque\u00f1os: la casa, el hogar, el refugio.<\/p>\n<p> Los autores de Mi amor, Un amor de hermanita, Lo  que pap\u00e1 me ha dicho, Lo que de verdad me gusta y muchos \u00e1lbumes m\u00e1s, despliegan a lo largo de estas p\u00e1ginas, un juego de humor inteligente, \u00e1gil, ingenioso y perfectamente entrelazado entre el breve texto y las tiernas ilustraciones en el mismo estilo de los libros anteriores.<\/p>\n<p> Todos los ni\u00f1os se divertir\u00e1n, se sentir\u00e1n muy identificados y confirmar\u00e1n que la mejor casa es el abrazo de la familia que la habita, la que los espera, los contiene, los cuida y los ama.<\/p>\n","protected":false},"excerpt":{"rendered":"<p>DESBORDES, ASTRID<\/p>\n","protected":false},"featured_media":106036,"template":"","meta":{"_acf_changed":false,"om_disable_all_campaigns":false,"rs_blank_template":"","rs_page_bg_color":"","slide_template_v7":"","inline_featured_image":false,"_monsterinsights_skip_tracking":false,"_monsterinsights_sitenote_active":false,"_monsterinsights_sitenote_note":"","_monsterinsights_sitenote_category":0},"product_brand":[],"product_cat":[131],"product_tag":[],"class_list":{"0":"post-106035","1":"product","2":"type-product","3":"status-publish","4":"has-post-thumbnail","6":"product_cat-contes-per-infants-0-6-anys","8":"first","9":"instock","10":"taxable","11":"shipping-taxable","12":"purchasable","13":"product-type-simple"},"acf":{"autor":"DESBORDES, ASTRID","codart":"841774207","libros-coleccion":"","ediciones":"1","encuadernacion":"Carton\u00e9","fecha_de_publicacion":"01\/09\/2020","novedad":"1","paginas":"36","subtitulo":"","orden":"0","portada":"0","idioma":"spa","editorial":[{"ID":147996,"post_author":"3","post_date":"2022-10-14 11:54:50","post_date_gmt":"2022-10-14 09:54:50","post_content":"","post_title":"Editorial K\u00f3kinos","post_excerpt":"","post_status":"publish","comment_status":"closed","ping_status":"closed","post_password":"","post_name":"editorial-kokinos","to_ping":"","pinged":"","post_modified":"2022-10-14 11:54:50","post_modified_gmt":"2022-10-14 09:54:50","post_content_filtered":"","post_parent":0,"guid":"http:\/\/dev.claret.cat\/editorial\/editorial-kokinos\/","menu_order":0,"post_type":"editorial","post_mime_type":"","comment_count":"0","filter":"raw"}],"autores-libros":[{"ID":151206,"post_author":"3","post_date":"2022-10-14 14:39:03","post_date_gmt":"2022-10-14 12:39:03","post_content":"","post_title":"ASTRID DESBORDES","post_excerpt":"","post_status":"publish","comment_status":"closed","ping_status":"closed","post_password":"","post_name":"astrid-desbordes","to_ping":"","pinged":"","post_modified":"2022-10-14 14:39:03","post_modified_gmt":"2022-10-14 12:39:03","post_content_filtered":"","post_parent":0,"guid":"http:\/\/dev.claret.cat\/autor\/astrid-desbordes\/","menu_order":0,"post_type":"autor","post_mime_type":"","comment_count":"0","filter":"raw"}]},"aioseo_notices":[],"_links":{"self":[{"href":"https:\/\/www.claret.cat\/es\/wp-json\/wp\/v2\/product\/106035","targetHints":{"allow":["GET"]}}],"collection":[{"href":"https:\/\/www.claret.cat\/es\/wp-json\/wp\/v2\/product"}],"about":[{"href":"https:\/\/www.claret.cat\/es\/wp-json\/wp\/v2\/types\/product"}],"wp:featuredmedia":[{"embeddable":true,"href":"https:\/\/www.claret.cat\/es\/wp-json\/wp\/v2\/media\/106036"}],"wp:attachment":[{"href":"https:\/\/www.claret.cat\/es\/wp-json\/wp\/v2\/media?parent=106035"}],"wp:term":[{"taxonomy":"product_brand","embeddable":true,"href":"https:\/\/www.claret.cat\/es\/wp-json\/wp\/v2\/product_brand?post=106035"},{"taxonomy":"product_cat","embeddable":true,"href":"https:\/\/www.claret.cat\/es\/wp-json\/wp\/v2\/product_cat?post=106035"},{"taxonomy":"product_tag","embeddable":true,"href":"https:\/\/www.claret.cat\/es\/wp-json\/wp\/v2\/product_tag?post=106035"}],"curies":[{"name":"wp","href":"https:\/\/api.w.org\/{rel}","templated":true}]}}