{"id":1060381,"date":"2025-10-20T15:55:19","date_gmt":"2025-10-20T13:55:19","guid":{"rendered":"https:\/\/www.claret.cat\/llibre\/manuela-jones-edicio-en-catala-3-el-quadre-secret-del-prado-9788427249592\/"},"modified":"2026-04-07T15:50:26","modified_gmt":"2026-04-07T13:50:26","slug":"manuela-jones-3-el-quadre-secret-del-prado-9788427249592","status":"publish","type":"product","link":"https:\/\/www.claret.cat\/es\/libro\/manuela-jones-3-el-quadre-secret-del-prado-9788427249592\/","title":{"rendered":"MANUELA JONES 3 &#8211; EL QUADRE SECRET DEL PRADO"},"content":{"rendered":"<p>La s\u00e8rie middle grade per a nens plena de misteri, acci\u00f3 trepidant i un ritme fren\u00e8tic. Ser la filla dels responsables del Museu Arqueol\u00f2gic Nacional de Madrid pot ser un luxe: la Manuela Jones viatja per tot el m\u00f3n i descobreix coses incre\u00efbles, per\u00f2 ha de fer tot aix\u00f2 amb el seu germ\u00e0 bess\u00f3, en J. J., i el que \u00e9s encara pitjor, sense wifi! Aquesta vegada Manuela no viatjar\u00e0 massa lluny: el seu col\u00b7legi ha organitzat una excursi\u00f3 al Museo del Prado. Per\u00f2 el que semblava un dia normal es converteix en una perillosa aventura per a detenir a una astuta lladre que planeja descobrir un secret ocult en les obres mestres de Vel\u00e1zquez i Goya. Si comences a llegir, no podr\u00e0s parar!<br \/>Qu\u00e8 trobar\u00e0s en aquest llibre?<br \/>* Intrigues, aventures i un ritme fren\u00e8tic que enganxa des de la primera p\u00e0gina.<br \/>* Uns protagonistes amb qu\u00e8 els lectors i les lectores se sentiran identificats.<br \/>* Una lectura acompanyada d&#8217;il\u00b7lustracions a p\u00e0gina completa.<br \/>* Entreteniment i aprenentatge sobre temes hist\u00f2rics: el llibre cont\u00e9 dades sorprenents i contrastades sobre el misteri que s&#8217;hi resol.<br \/>* Contingut de qualitat: amb l&#8221;assessorament de l&#8217;arque\u00f2loga i l&#8221;egipt\u00f2loga Myriam Seco, referent entre els professionals del seu camp.<\/p>\n","protected":false},"excerpt":{"rendered":"<p>MOSQUERA, MIRIAM \/ SECO \u00c1LVAREZ, MYRIAM<\/p>\n","protected":false},"featured_media":1095084,"template":"","meta":{"_acf_changed":false,"om_disable_all_campaigns":false,"rs_blank_template":"","rs_page_bg_color":"","slide_template_v7":"","inline_featured_image":false,"_monsterinsights_skip_tracking":false,"_monsterinsights_sitenote_active":false,"_monsterinsights_sitenote_note":"","_monsterinsights_sitenote_category":0},"product_brand":[],"product_cat":[90,540],"product_tag":[],"class_list":{"0":"post-1060381","1":"product","2":"type-product","3":"status-publish","4":"has-post-thumbnail","6":"product_cat-altres","7":"product_cat-otros","9":"first","10":"instock","11":"taxable","12":"shipping-taxable","13":"purchasable","14":"product-type-simple"},"acf":{"autor":"MOSQUERA, MIRIAM \/ SECO \u00c1LVAREZ, MYRIAM","codart":"842724959","libros-coleccion":"","ediciones":"1","encuadernacion":"Carton\u00e9","fecha_de_publicacion":"01\/10\/2025","novedad":"1","paginas":"176","subtitulo":"","orden":"0","portada":"0","idioma":"cat","booktrailer":"","resenas":"","editorial":[{"ID":6346,"post_author":"3","post_date":"2022-07-28 17:50:13","post_date_gmt":"2022-07-28 15:50:13","post_content":"","post_title":"RBA Molino","post_excerpt":"","post_status":"publish","comment_status":"closed","ping_status":"closed","post_password":"","post_name":"rba-molino","to_ping":"","pinged":"","post_modified":"2022-07-28 17:50:13","post_modified_gmt":"2022-07-28 15:50:13","post_content_filtered":"","post_parent":0,"guid":"http:\/\/dev.claret.cat\/editorial\/rba-molino\/","menu_order":0,"post_type":"editorial","post_mime_type":"","comment_count":"0","filter":"raw"}]},"aioseo_notices":[],"_links":{"self":[{"href":"https:\/\/www.claret.cat\/es\/wp-json\/wp\/v2\/product\/1060381","targetHints":{"allow":["GET"]}}],"collection":[{"href":"https:\/\/www.claret.cat\/es\/wp-json\/wp\/v2\/product"}],"about":[{"href":"https:\/\/www.claret.cat\/es\/wp-json\/wp\/v2\/types\/product"}],"wp:featuredmedia":[{"embeddable":true,"href":"https:\/\/www.claret.cat\/es\/wp-json\/wp\/v2\/media\/1095084"}],"wp:attachment":[{"href":"https:\/\/www.claret.cat\/es\/wp-json\/wp\/v2\/media?parent=1060381"}],"wp:term":[{"taxonomy":"product_brand","embeddable":true,"href":"https:\/\/www.claret.cat\/es\/wp-json\/wp\/v2\/product_brand?post=1060381"},{"taxonomy":"product_cat","embeddable":true,"href":"https:\/\/www.claret.cat\/es\/wp-json\/wp\/v2\/product_cat?post=1060381"},{"taxonomy":"product_tag","embeddable":true,"href":"https:\/\/www.claret.cat\/es\/wp-json\/wp\/v2\/product_tag?post=1060381"}],"curies":[{"name":"wp","href":"https:\/\/api.w.org\/{rel}","templated":true}]}}