{"id":1060449,"date":"2025-10-20T16:45:02","date_gmt":"2025-10-20T14:45:02","guid":{"rendered":"https:\/\/www.claret.cat\/llibre\/la-rita-i-el-sr-os-bon-dia-mans-petitones-9788410318236\/"},"modified":"2026-02-25T11:15:12","modified_gmt":"2026-02-25T10:15:12","slug":"la-rita-i-el-sr-os-bon-dia-mans-petitones-9788410318236","status":"publish","type":"product","link":"https:\/\/www.claret.cat\/es\/libro\/la-rita-i-el-sr-os-bon-dia-mans-petitones-9788410318236\/","title":{"rendered":"LA RITA I EL SR. OS &#8211; BON DIA! (MANS PETITONES)"},"content":{"rendered":"<p>Una preciosa col\u00b7lecci\u00f3 interactiva amb mecanismes per lliscar, girar i somiar. La Rita i el Sr. Os comencen un nou dia.<br \/>Junts descobriran que no passa res si avui no tenen temps de fer-ho tot.<br \/>Descobreix la s\u00e8rie de tot cart\u00f3 perfecta! Ideal per mans petitones! <br \/> Per qu\u00e8 els encantar\u00e0 La Rita i el Sr. Os? &#8211; Un conte interactiu que captivar\u00e0 els m\u00e9s petits quan els seus dits llisquin els mecanismes aptes per a mans petites, perfectes per desenvolupar la psicomotricitat fina.<br \/>&#8211; Text rimat i escenes quotidianes que n&#8221;estimulen el desenvolupament amb un munt de detallets per identificar diferents accions, objectes i animals.<br \/>&#8211; Perfecte per a primers aprenentatges: cada mecanisme estimula la curiositat i el descobriment i, a m\u00e9s de convidar a explorar, desperta latenci\u00f3 i afavoreix el desenvolupament sensorial.<br \/>&#8211; Missatges imprescindibles a cada conte: La Rita i el Sr. Os Bon dia! ens recorda que no passa res si avui no ens d\u00f3na temps a fer-ho tot, perqu\u00e8, passi el que passi, dem\u00e0 ser\u00e0 un altre dia i tornarem a intentar-ho.<br \/>&#8211; Ideal per convertir la lectura en una experi\u00e8ncia divertida des de petits: llegir jugant mentre s&#8221;enforteix l&#8221;enlla\u00e7 entre pares i fills des dels primers mesos.<br \/>&#8211; F\u00e0cil de manipular i impr\u00e8s amb materials amb cantonades arrodonides, resistents i assegurances, pensats per a les mans petitones.<br \/>&#8211; Il\u00b7lustrat per Marta Cabrol, que tamb\u00e9 somia viure en una cabana de l&#8221;arbre i acompanyar La Rita i el Sr. Os en totes les seves aventures. Altres t\u00edtols de la col\u00b7lecci\u00f3: &#8211; La Rita i el Sr. Os Bon dia!<br \/>&#8211; La Rita i el Sr. Os Bona nit!<\/p>\n","protected":false},"excerpt":{"rendered":"<p>CABROL, MARTA<\/p>\n","protected":false},"featured_media":1060450,"template":"","meta":{"_acf_changed":false,"om_disable_all_campaigns":false,"rs_blank_template":"","rs_page_bg_color":"","slide_template_v7":"","inline_featured_image":false,"_monsterinsights_skip_tracking":false,"_monsterinsights_sitenote_active":false,"_monsterinsights_sitenote_note":"","_monsterinsights_sitenote_category":0},"product_brand":[],"product_cat":[131,361],"product_tag":[],"class_list":{"0":"post-1060449","1":"product","2":"type-product","3":"status-publish","4":"has-post-thumbnail","6":"product_cat-contes-per-infants-0-6-anys","7":"product_cat-cuentos-para-ninos-0-6-anos","9":"first","10":"instock","11":"taxable","12":"shipping-taxable","13":"purchasable","14":"product-type-simple"},"acf":{"autor":"CABROL, MARTA","codart":"841031823","libros-coleccion":"","ediciones":"1","encuadernacion":"Carpeta","fecha_de_publicacion":"01\/10\/2025","novedad":"1","paginas":"12","subtitulo":"LLIBRE AMB MECANISMES PER LLISCAR, GIRAR I SOMIAR","orden":"0","portada":"0","idioma":"cat","booktrailer":"","resenas":"","editorial":[{"ID":148657,"post_author":"3","post_date":"2022-10-14 11:59:58","post_date_gmt":"2022-10-14 09:59:58","post_content":"","post_title":"Penguin Kids","post_excerpt":"","post_status":"publish","comment_status":"closed","ping_status":"closed","post_password":"","post_name":"penguin-kids","to_ping":"","pinged":"","post_modified":"2022-10-14 11:59:58","post_modified_gmt":"2022-10-14 09:59:58","post_content_filtered":"","post_parent":0,"guid":"http:\/\/dev.claret.cat\/editorial\/penguin-kids\/","menu_order":0,"post_type":"editorial","post_mime_type":"","comment_count":"0","filter":"raw"}]},"aioseo_notices":[],"_links":{"self":[{"href":"https:\/\/www.claret.cat\/es\/wp-json\/wp\/v2\/product\/1060449","targetHints":{"allow":["GET"]}}],"collection":[{"href":"https:\/\/www.claret.cat\/es\/wp-json\/wp\/v2\/product"}],"about":[{"href":"https:\/\/www.claret.cat\/es\/wp-json\/wp\/v2\/types\/product"}],"wp:featuredmedia":[{"embeddable":true,"href":"https:\/\/www.claret.cat\/es\/wp-json\/wp\/v2\/media\/1060450"}],"wp:attachment":[{"href":"https:\/\/www.claret.cat\/es\/wp-json\/wp\/v2\/media?parent=1060449"}],"wp:term":[{"taxonomy":"product_brand","embeddable":true,"href":"https:\/\/www.claret.cat\/es\/wp-json\/wp\/v2\/product_brand?post=1060449"},{"taxonomy":"product_cat","embeddable":true,"href":"https:\/\/www.claret.cat\/es\/wp-json\/wp\/v2\/product_cat?post=1060449"},{"taxonomy":"product_tag","embeddable":true,"href":"https:\/\/www.claret.cat\/es\/wp-json\/wp\/v2\/product_tag?post=1060449"}],"curies":[{"name":"wp","href":"https:\/\/api.w.org\/{rel}","templated":true}]}}