{"id":1060490,"date":"2025-10-20T17:30:44","date_gmt":"2025-10-20T15:30:44","guid":{"rendered":"https:\/\/www.claret.cat\/llibre\/nadal-en-els-contes-classics-9788410845176\/"},"modified":"2025-12-24T09:35:47","modified_gmt":"2025-12-24T08:35:47","slug":"nadal-en-els-contes-classics-9788410845176","status":"publish","type":"product","link":"https:\/\/www.claret.cat\/es\/libro\/nadal-en-els-contes-classics-9788410845176\/","title":{"rendered":"NADAL EN ELS CONTES CL\u00c0SSICS"},"content":{"rendered":"<p><strong>Ja arriba Nadal!<\/strong> Nom\u00e9s falten 24 dies\u2026, i amb aquest calendari d\u2019advent podem aprofitar cadascun d\u2019ells per a entrar al m\u00f3n m\u00e0gic dels contes. <strong>La Blancaneu, el Peter Pan, la Ventafocs<\/strong> i altres personatges que coneixes b\u00e9 estan preparant sorpreses per a passar les festes de Nadal: jocs, objectes decoratius, receptes \u2026 A m\u00e9s, alguns ens conviden a escoltar les seves nadales preferides: <strong>nom\u00e9s has d\u2019escanejar el gr\u00e0fic<\/strong> que trobar\u00e0s a les solapes. Per\u00f2 no les obris totes! <strong>Haur\u00e0s d\u2019obrir una per cada dia del calendari<\/strong>. Bon Nadal! <\/p>\n<p><\/p>\n","protected":false},"excerpt":{"rendered":"<p>SUSAETA EDICIONES<\/p>\n","protected":false},"featured_media":1066439,"template":"","meta":{"_acf_changed":false,"om_disable_all_campaigns":false,"rs_blank_template":"","rs_page_bg_color":"","slide_template_v7":"","inline_featured_image":false,"_monsterinsights_skip_tracking":false,"_monsterinsights_sitenote_active":false,"_monsterinsights_sitenote_note":"","_monsterinsights_sitenote_category":0},"product_brand":[],"product_cat":[131,361],"product_tag":[],"class_list":{"0":"post-1060490","1":"product","2":"type-product","3":"status-publish","4":"has-post-thumbnail","6":"product_cat-contes-per-infants-0-6-anys","7":"product_cat-cuentos-para-ninos-0-6-anos","9":"first","10":"instock","11":"taxable","12":"shipping-taxable","13":"purchasable","14":"product-type-simple"},"acf":{"autor":"SUSAETA EDICIONES","codart":"841084517","libros-coleccion":"FORA DE COL.LECCI\u00d3","ediciones":"1","encuadernacion":"Carpeta","fecha_de_publicacion":"01\/10\/2025","novedad":"1","paginas":"20","subtitulo":"","orden":"0","portada":"0","idioma":"cat","booktrailer":"","resenas":"","editorial":[{"ID":148846,"post_author":"3","post_date":"2022-10-14 12:01:27","post_date_gmt":"2022-10-14 10:01:27","post_content":"","post_title":"SUSAETA EDICIONES","post_excerpt":"","post_status":"publish","comment_status":"closed","ping_status":"closed","post_password":"","post_name":"susaeta-ediciones","to_ping":"","pinged":"","post_modified":"2022-10-14 12:01:27","post_modified_gmt":"2022-10-14 10:01:27","post_content_filtered":"","post_parent":0,"guid":"http:\/\/dev.claret.cat\/editorial\/susaeta-ediciones\/","menu_order":0,"post_type":"editorial","post_mime_type":"","comment_count":"0","filter":"raw"}]},"aioseo_notices":[],"_links":{"self":[{"href":"https:\/\/www.claret.cat\/es\/wp-json\/wp\/v2\/product\/1060490","targetHints":{"allow":["GET"]}}],"collection":[{"href":"https:\/\/www.claret.cat\/es\/wp-json\/wp\/v2\/product"}],"about":[{"href":"https:\/\/www.claret.cat\/es\/wp-json\/wp\/v2\/types\/product"}],"wp:featuredmedia":[{"embeddable":true,"href":"https:\/\/www.claret.cat\/es\/wp-json\/wp\/v2\/media\/1066439"}],"wp:attachment":[{"href":"https:\/\/www.claret.cat\/es\/wp-json\/wp\/v2\/media?parent=1060490"}],"wp:term":[{"taxonomy":"product_brand","embeddable":true,"href":"https:\/\/www.claret.cat\/es\/wp-json\/wp\/v2\/product_brand?post=1060490"},{"taxonomy":"product_cat","embeddable":true,"href":"https:\/\/www.claret.cat\/es\/wp-json\/wp\/v2\/product_cat?post=1060490"},{"taxonomy":"product_tag","embeddable":true,"href":"https:\/\/www.claret.cat\/es\/wp-json\/wp\/v2\/product_tag?post=1060490"}],"curies":[{"name":"wp","href":"https:\/\/api.w.org\/{rel}","templated":true}]}}