{"id":1060592,"date":"2025-10-21T12:40:02","date_gmt":"2025-10-21T10:40:02","guid":{"rendered":"https:\/\/www.claret.cat\/llibre\/feliz-navidad-9788428572828\/"},"modified":"2025-12-19T19:35:42","modified_gmt":"2025-12-19T18:35:42","slug":"feliz-navidad-9788428572828","status":"publish","type":"product","link":"https:\/\/www.claret.cat\/es\/libro\/feliz-navidad-9788428572828\/","title":{"rendered":"\u00a1FELIZ NAVIDAD!"},"content":{"rendered":"<p>Este libro en cart\u00f3n resistente narra la primera Navidad, presentada en un original formato compuesto por divertidas p\u00e1ginas con contorno troquelado, que se superponen para formar la escena completa del nacimiento del ni\u00f1o Jes\u00fas. Lleno de color y detalles captar\u00e1 la atenci\u00f3n de los m\u00e1s peque\u00f1os, y su formato peque\u00f1o y compacto les permitir\u00e1 manejarlo con comodidad. Con un lenguaje cercano, el libro invita a ni\u00f1as y ni\u00f1os a viajar junto a Mar\u00eda, Jos\u00e9, los pastores y los Reyes Magos hasta el humilde portal\u2026 donde brilla la luz del amor, la paz y la esperanza.<\/p>\n","protected":false},"excerpt":{"rendered":"<p>AA.VV.<\/p>\n","protected":false},"featured_media":1060708,"template":"","meta":{"_acf_changed":false,"om_disable_all_campaigns":false,"rs_blank_template":"","rs_page_bg_color":"","slide_template_v7":"","inline_featured_image":false,"_monsterinsights_skip_tracking":false,"_monsterinsights_sitenote_active":false,"_monsterinsights_sitenote_note":"","_monsterinsights_sitenote_category":0},"product_brand":[],"product_cat":[131,420,296,361],"product_tag":[],"class_list":{"0":"post-1060592","1":"product","2":"type-product","3":"status-publish","4":"has-post-thumbnail","6":"product_cat-contes-per-infants-0-6-anys","7":"product_cat-biblias","8":"product_cat-biblies","9":"product_cat-cuentos-para-ninos-0-6-anos","11":"first","12":"instock","13":"taxable","14":"shipping-taxable","15":"purchasable","16":"product-type-simple"},"acf":{"autor":"AA.VV.","codart":"842857282","libros-coleccion":"Adviento y Navidad","ediciones":"1","encuadernacion":"Carpeta","fecha_de_publicacion":"01\/10\/2025","novedad":"1","paginas":"12","subtitulo":"","orden":"0","portada":"0","idioma":"spa","booktrailer":"","resenas":"","editorial":[{"ID":6356,"post_author":"3","post_date":"2022-07-28 17:50:26","post_date_gmt":"2022-07-28 15:50:26","post_content":"","post_title":"SAN PABLO COMUNICACI\u00d3N","post_excerpt":"","post_status":"publish","comment_status":"closed","ping_status":"closed","post_password":"","post_name":"san-pablo-comunicacion","to_ping":"","pinged":"","post_modified":"2022-07-28 17:50:26","post_modified_gmt":"2022-07-28 15:50:26","post_content_filtered":"","post_parent":0,"guid":"http:\/\/dev.claret.cat\/editorial\/san-pablo-comunicacion\/","menu_order":0,"post_type":"editorial","post_mime_type":"","comment_count":"0","filter":"raw"}]},"aioseo_notices":[],"_links":{"self":[{"href":"https:\/\/www.claret.cat\/es\/wp-json\/wp\/v2\/product\/1060592","targetHints":{"allow":["GET"]}}],"collection":[{"href":"https:\/\/www.claret.cat\/es\/wp-json\/wp\/v2\/product"}],"about":[{"href":"https:\/\/www.claret.cat\/es\/wp-json\/wp\/v2\/types\/product"}],"wp:featuredmedia":[{"embeddable":true,"href":"https:\/\/www.claret.cat\/es\/wp-json\/wp\/v2\/media\/1060708"}],"wp:attachment":[{"href":"https:\/\/www.claret.cat\/es\/wp-json\/wp\/v2\/media?parent=1060592"}],"wp:term":[{"taxonomy":"product_brand","embeddable":true,"href":"https:\/\/www.claret.cat\/es\/wp-json\/wp\/v2\/product_brand?post=1060592"},{"taxonomy":"product_cat","embeddable":true,"href":"https:\/\/www.claret.cat\/es\/wp-json\/wp\/v2\/product_cat?post=1060592"},{"taxonomy":"product_tag","embeddable":true,"href":"https:\/\/www.claret.cat\/es\/wp-json\/wp\/v2\/product_tag?post=1060592"}],"curies":[{"name":"wp","href":"https:\/\/api.w.org\/{rel}","templated":true}]}}