{"id":1060746,"date":"2025-10-21T16:25:31","date_gmt":"2025-10-21T14:25:31","guid":{"rendered":"https:\/\/www.claret.cat\/llibre\/el-arte-japones-de-pedir-perdon-9791387575410\/"},"modified":"2025-10-21T16:26:15","modified_gmt":"2025-10-21T14:26:15","slug":"el-arte-japones-de-pedir-perdon-9791387575410","status":"publish","type":"product","link":"https:\/\/www.claret.cat\/es\/libro\/el-arte-japones-de-pedir-perdon-9791387575410\/","title":{"rendered":"EL ARTE JAPON\u00c9S DE PEDIR PERD\u00d3N"},"content":{"rendered":"<p>PEDIR PERD\u00d3N TE HAR\u00c1 LIBREUna gu\u00eda para fortalecer v\u00ednculos y desarrollar la inteligencia emocional\u00bfCrees que amar significa no tener que pedir perd\u00f3n? \u00a1Te equivocas! Disculparse es dif\u00edcil, incluso frustrante, pero es uno de los actos m\u00e1s poderosos y transformadores del ser humano.<br \/>Por ello, en estas p\u00e1ginas encontrar\u00e1s una nueva perspectiva sobre el valor del perd\u00f3n y aprender\u00e1s a disculparte de forma genuina, sincera y desde el coraz\u00f3n. Este libro te invita a embarcarte en un viaje de autoconocimiento donde mejorar\u00e1s tu amor propio, forjar\u00e1s relaciones m\u00e1s sanas, superar\u00e1s el orgullo y fortalecer\u00e1s tu empat\u00eda.<br \/>A trav\u00e9s de herramientas pr\u00e1cticas, reflexiones y consejos, desarrollar\u00e1s las habilidades necesarias para afrontar conversaciones dif\u00edciles, reconstruir v\u00ednculos da\u00f1ados y liberarte de la carga emocional que arrastras. Gracias a ejemplos reales, testimonios conmovedores y estrategias que podr\u00e1s aplicar en tu vida diaria, descubrir\u00e1s que una disculpa honesta no solo sana al otro\u2026, tambi\u00e9n te transforma a ti. Porque pedir perd\u00f3n no cambia el pasado, pero s\u00ed tiene el poder de cambiar tu presente y sacar lo mejor que llevas dentro.CRECE, SANA Y CONVI\u00c9RTETE EN TU MEJOR VERSI\u00d3N\u00abGracias a este libro he abierto los ojos. Me ha cambiado la vida.\u00bb<br \/>\u00abJam\u00e1s imagin\u00e9 que pedir perd\u00f3n ser\u00eda tan liberador.\u00bb<br \/>\u00abHar\u00e1 que te perdones a ti mismo. Imprescindible y transformador.\u00bb<\/p>\n","protected":false},"excerpt":{"rendered":"<p>UCHIDA, HIROSHI<\/p>\n","protected":false},"featured_media":1060747,"template":"","meta":{"_acf_changed":false,"om_disable_all_campaigns":false,"rs_blank_template":"","rs_page_bg_color":"","slide_template_v7":"","inline_featured_image":false,"_monsterinsights_skip_tracking":false,"_monsterinsights_sitenote_active":false,"_monsterinsights_sitenote_note":"","_monsterinsights_sitenote_category":0},"product_brand":[],"product_cat":[179,377],"product_tag":[],"class_list":{"0":"post-1060746","1":"product","2":"type-product","3":"status-publish","4":"has-post-thumbnail","6":"product_cat-autoajuda-i-salut-mental","7":"product_cat-autoayuda-y-salud-mental","9":"first","10":"instock","11":"taxable","12":"shipping-taxable","13":"purchasable","14":"product-type-simple"},"acf":{"autor":"UCHIDA, HIROSHI","codart":"138757541","libros-coleccion":"FORA DE COL.LECCI\u00d3","ediciones":"1","encuadernacion":"R\u00fastica","fecha_de_publicacion":"01\/10\/2025","novedad":"1","paginas":"180","subtitulo":"","orden":"0","portada":"0","idioma":"spa","booktrailer":"","resenas":"","editorial":[{"ID":386718,"post_author":"3","post_date":"2023-02-10 19:28:07","post_date_gmt":"2023-02-10 18:28:07","post_content":"","post_title":"Newton Compton Editores","post_excerpt":"","post_status":"publish","comment_status":"closed","ping_status":"closed","post_password":"","post_name":"newton-compton-editores","to_ping":"","pinged":"","post_modified":"2023-02-10 19:28:07","post_modified_gmt":"2023-02-10 18:28:07","post_content_filtered":"","post_parent":0,"guid":"https:\/\/www.claret.cat\/editorial\/newton-compton-editores\/","menu_order":0,"post_type":"editorial","post_mime_type":"","comment_count":"0","filter":"raw"}]},"aioseo_notices":[],"_links":{"self":[{"href":"https:\/\/www.claret.cat\/es\/wp-json\/wp\/v2\/product\/1060746","targetHints":{"allow":["GET"]}}],"collection":[{"href":"https:\/\/www.claret.cat\/es\/wp-json\/wp\/v2\/product"}],"about":[{"href":"https:\/\/www.claret.cat\/es\/wp-json\/wp\/v2\/types\/product"}],"wp:featuredmedia":[{"embeddable":true,"href":"https:\/\/www.claret.cat\/es\/wp-json\/wp\/v2\/media\/1060747"}],"wp:attachment":[{"href":"https:\/\/www.claret.cat\/es\/wp-json\/wp\/v2\/media?parent=1060746"}],"wp:term":[{"taxonomy":"product_brand","embeddable":true,"href":"https:\/\/www.claret.cat\/es\/wp-json\/wp\/v2\/product_brand?post=1060746"},{"taxonomy":"product_cat","embeddable":true,"href":"https:\/\/www.claret.cat\/es\/wp-json\/wp\/v2\/product_cat?post=1060746"},{"taxonomy":"product_tag","embeddable":true,"href":"https:\/\/www.claret.cat\/es\/wp-json\/wp\/v2\/product_tag?post=1060746"}],"curies":[{"name":"wp","href":"https:\/\/api.w.org\/{rel}","templated":true}]}}