{"id":1060761,"date":"2025-10-21T16:30:21","date_gmt":"2025-10-21T14:30:21","guid":{"rendered":"https:\/\/www.claret.cat\/llibre\/estuche-magic-animals-9788408309987\/"},"modified":"2025-10-21T16:48:49","modified_gmt":"2025-10-21T14:48:49","slug":"estuche-magic-animals-9788408309987","status":"publish","type":"product","link":"https:\/\/www.claret.cat\/es\/libro\/estuche-magic-animals-9788408309987\/","title":{"rendered":"ESTUCHE MAGIC ANIMALS"},"content":{"rendered":"<p>En el misterioso valle de Blim habitan seres fant\u00e1sticos capaces de adoptar forma de ni\u00f1o y de animal. Seres que, a trav\u00e9s de un amuleto m\u00e1gico, pueden transformarse en MAGIC ANIMALS con poderes incre\u00edbles. Ellos son Abi, \u00c9ric, Cloe, Yuna, Nico y la enigm\u00e1tica Hela Crow. Su misi\u00f3n: detener los planes del malvado mago Otto.<br \/> \u00bfQuieres acompa\u00f1arlos en sus tres primeras aventuras?<br \/> \u00a0<br \/> \u00a0<br \/> \u00a0<br \/> *<br \/> \u00a0<br \/> Una colecci\u00f3n para primeros lectores, con cap\u00edtulos breves, letra grande y lenguaje adaptado al nivel lector.<br \/> Una serie de libros ideal para\u00a0aprender a leer,\u00a0con\u00a0parte narrativa y parte de c\u00f3mic\u00a0y perfecta para pasar horas de diversi\u00f3n y entretenimiento.<br \/> Ilustraciones a todo color y con p\u00e1ginas en\u00a0formato c\u00f3mic, que facilitan la lectura y la comprensi\u00f3n del lector,\u00a0creadas por\u00a0Carles Dalmau y Nil L\u00f3pez.<br \/> Una colecci\u00f3n llena de magia, poderes, animales, ni\u00f1os y ni\u00f1as, misterios\u00a0recomendada para ni\u00f1os de 6 a 8 a\u00f1os. Perfecta para ni\u00f1os y ni\u00f1as lectores de\u00a0Anna Kadabra y Marcus Pocus.<br \/> \u00a0<br \/> G\u00c9NERO<\/p>\n<p> Acci\u00f3n y aventura<br \/> Misterios y magia<br \/> Animales y poderes\u00a0<br \/> Humor y diversi\u00f3n<\/p>\n<p> \u00a0<br \/> LA AUTORA<br \/> Susanna Isern\u00a0es una de las autoras m\u00e1s importantes del panorama de la literatura infantil. Ha publicado m\u00e1s de 90 t\u00edtulos que se han traducido a m\u00e1s de 30 idiomas y lleva m\u00e1s de 1.000.000 de ejemplares vendidos a nivel mundial.<\/p>\n","protected":false},"excerpt":{"rendered":"<p>ISERN, SUSANNA \/ DALMAU, CARLES \/ L\u00d3PEZ, NIL<\/p>\n","protected":false},"featured_media":1060762,"template":"","meta":{"_acf_changed":false,"om_disable_all_campaigns":false,"rs_blank_template":"","rs_page_bg_color":"","slide_template_v7":"","inline_featured_image":false,"_monsterinsights_skip_tracking":false,"_monsterinsights_sitenote_active":false,"_monsterinsights_sitenote_note":"","_monsterinsights_sitenote_category":0},"product_brand":[],"product_cat":[132,362],"product_tag":[],"class_list":{"0":"post-1060761","1":"product","2":"type-product","3":"status-publish","4":"has-post-thumbnail","6":"product_cat-lectures-per-preadolescents-6-12-anys","7":"product_cat-libros-preadolescentes-6-12-anos","9":"first","10":"instock","11":"taxable","12":"shipping-taxable","13":"purchasable","14":"product-type-simple"},"acf":{"autor":"ISERN, SUSANNA \/ DALMAU, CARLES \/ L\u00d3PEZ, NIL","codart":"840830998","libros-coleccion":"FORA DE COL.LECCI\u00d3","ediciones":"1","encuadernacion":"R\u00fastica","fecha_de_publicacion":"01\/10\/2025","novedad":"1","paginas":"1","subtitulo":"","orden":"0","portada":"0","idioma":"spa","booktrailer":"","resenas":"","editorial":[{"ID":6233,"post_author":"3","post_date":"2022-07-28 17:47:48","post_date_gmt":"2022-07-28 15:47:48","post_content":"","post_title":"EDITORIAL PLANETA","post_excerpt":"","post_status":"publish","comment_status":"closed","ping_status":"closed","post_password":"","post_name":"editorial-planeta","to_ping":"","pinged":"","post_modified":"2022-07-28 17:47:48","post_modified_gmt":"2022-07-28 15:47:48","post_content_filtered":"","post_parent":0,"guid":"http:\/\/dev.claret.cat\/editorial\/editorial-planeta\/","menu_order":0,"post_type":"editorial","post_mime_type":"","comment_count":"0","filter":"raw"}]},"aioseo_notices":[],"_links":{"self":[{"href":"https:\/\/www.claret.cat\/es\/wp-json\/wp\/v2\/product\/1060761","targetHints":{"allow":["GET"]}}],"collection":[{"href":"https:\/\/www.claret.cat\/es\/wp-json\/wp\/v2\/product"}],"about":[{"href":"https:\/\/www.claret.cat\/es\/wp-json\/wp\/v2\/types\/product"}],"wp:featuredmedia":[{"embeddable":true,"href":"https:\/\/www.claret.cat\/es\/wp-json\/wp\/v2\/media\/1060762"}],"wp:attachment":[{"href":"https:\/\/www.claret.cat\/es\/wp-json\/wp\/v2\/media?parent=1060761"}],"wp:term":[{"taxonomy":"product_brand","embeddable":true,"href":"https:\/\/www.claret.cat\/es\/wp-json\/wp\/v2\/product_brand?post=1060761"},{"taxonomy":"product_cat","embeddable":true,"href":"https:\/\/www.claret.cat\/es\/wp-json\/wp\/v2\/product_cat?post=1060761"},{"taxonomy":"product_tag","embeddable":true,"href":"https:\/\/www.claret.cat\/es\/wp-json\/wp\/v2\/product_tag?post=1060761"}],"curies":[{"name":"wp","href":"https:\/\/api.w.org\/{rel}","templated":true}]}}