{"id":1060779,"date":"2025-10-21T16:31:53","date_gmt":"2025-10-21T14:31:53","guid":{"rendered":"https:\/\/www.claret.cat\/llibre\/osito-tito-sobre-ruedas-tren-9788408304265\/"},"modified":"2025-10-21T16:48:04","modified_gmt":"2025-10-21T14:48:04","slug":"osito-tito-sobre-ruedas-tren-9788408304265","status":"publish","type":"product","link":"https:\/\/www.claret.cat\/es\/libro\/osito-tito-sobre-ruedas-tren-9788408304265\/","title":{"rendered":"OSITO TITO. \u00a1SOBRE RUEDAS! TREN"},"content":{"rendered":"<p>\u00a1Un nuevo formato de la colecci\u00f3n Osito Tito con ruedas que giran de verdad!\u00a1Todos a bordo! Ayuda a Osito Tito a conducir el tren en este libro con ruedas.<br \/> \u00a0<br \/> En esta nueva aventura, Osito Tito conduce el tren rumbo a la playa. Por el camino cruzan un paso a nivel y los pasajeros disfrutan del viaje mientras Tito dirige la locomotora. Un trayecto lleno de detalles ilustrados que termina con una merecida tarde de juego en la arena.<br \/> \u00a0<\/p>\n<p> Un libro en formato tren con 4 ruedas funcionales, perfecto para rodar por el suelo. Conecta con el inter\u00e9s de los m\u00e1s peque\u00f1os por los veh\u00edculos y el movimiento.<br \/> Con textos rimados y escenas din\u00e1micas, ideales para leer en voz alta.<br \/> Un formato innovador y coleccionable dentro del universo Osito Tito.<br \/> Con propuestas de preguntas para desarrollar vocabulario y reforzar el inter\u00e9s por el libro.<br \/> Ideal para ni\u00f1os y ni\u00f1as a partir de 1 a\u00f1o.<\/p>\n<p> \u00a0<br \/> Un libro para jugar, leer y empujar&#8230; \u00a1en marcha con Osito Tito!<br \/> T\u00edtulos de la colecci\u00f3n de Osito Tito:<\/p>\n<p> El gran libro de Osito Tito<br \/> Osito Tito. Libro y peluche<br \/> Osito Tito. Juega y construye<br \/> Osito Tito. \u00a1Disfr\u00e1zame!<br \/> Osito Tito. Parque de atracciones<br \/> Osito Tito. \u00a1Vamos en barco!<br \/> Osito Tito. \u00a1Hoy toca pizza!<br \/> Osito Tito. Estrellas del bal\u00f3n<br \/> Osito Tito. \u00a1Todos al tren!<br \/> Osito Tito. \u00a1Vamos en avi\u00f3n!<br \/> Osito Tito. Un d\u00eda en el castillo<br \/> Osito Tito. \u00a1Vamos a construir!<br \/> Osito Tito. La gran carrera<br \/> Osito Tito. \u00a1Manos a la obra!<br \/> Osito Tito. Emergencia al volante<br \/> Osito Tito. Vamos de viaje<br \/> Osito Tito. La casa encantada<br \/> Osito Tito. Misi\u00f3n espacial<br \/> Osito Tito. \u00a1Vamos al zoo!<br \/> Osito Tito. Aventura pirata<br \/> Osito Tito. Bomberos al rescate<br \/> Osito Tito. Un d\u00eda en la granja<br \/> Osito Tito. \u00a1Vamos a jugar!<br \/> Osito Tito. Aventura submarina<br \/> Osito Tito. Un d\u00eda en el cole<br \/> Osito Tito. Safari de dinosaurios<br \/> Osito Tito. Vamos al veterinario<br \/> Osito Tito. Un d\u00eda en la nieve<br \/> Osito Tito. \u00a1Feliz Navidad!<br \/> Osito Tito. \u00a1Vamos de acampada!<br \/> Osito Tito. Chapuz\u00f3n en la piscina<br \/> Osito Tito. El cami\u00f3n de reciclaje<br \/> Osito Tito. Mi primer libro de memoria. Animales<br \/> Osito Tito. Mi primer libro de memoria. Veh\u00edculos<br \/> Osito Tito. Mi primer libro de memoria. Navidad<br \/> Osito Tito. Mi primer libro de pegatinas. Animales<br \/> Osito Tito. Mi primer libro de pegatinas. Veh\u00edculos<br \/> Osito Tito. Mi primer libro de pegatinas. \u00a1Feliz Navidad!<br \/> Osito Tito. Mi primer libro de pegatinas. Aventuras<br \/> Osito Tito. \u00a1Sobre ruedas! Tren<br \/> Osito Tito. \u00a1Sobre ruedas! Cami\u00f3n de bomberos<\/p>\n","protected":false},"excerpt":{"rendered":"<p>DAVIES, BENJI<\/p>\n","protected":false},"featured_media":1060780,"template":"","meta":{"_acf_changed":false,"om_disable_all_campaigns":false,"rs_blank_template":"","rs_page_bg_color":"","slide_template_v7":"","inline_featured_image":false,"_monsterinsights_skip_tracking":false,"_monsterinsights_sitenote_active":false,"_monsterinsights_sitenote_note":"","_monsterinsights_sitenote_category":0},"product_brand":[],"product_cat":[131,361],"product_tag":[],"class_list":{"0":"post-1060779","1":"product","2":"type-product","3":"status-publish","4":"has-post-thumbnail","6":"product_cat-contes-per-infants-0-6-anys","7":"product_cat-cuentos-para-ninos-0-6-anos","9":"first","10":"instock","11":"taxable","12":"shipping-taxable","13":"purchasable","14":"product-type-simple"},"acf":{"autor":"DAVIES, BENJI","codart":"840830426","libros-coleccion":"Osito Tito","ediciones":"1","encuadernacion":"Carpeta","fecha_de_publicacion":"01\/10\/2025","novedad":"1","paginas":"10","subtitulo":"","orden":"0","portada":"0","idioma":"spa","booktrailer":"","resenas":"","editorial":[{"ID":6233,"post_author":"3","post_date":"2022-07-28 17:47:48","post_date_gmt":"2022-07-28 15:47:48","post_content":"","post_title":"EDITORIAL PLANETA","post_excerpt":"","post_status":"publish","comment_status":"closed","ping_status":"closed","post_password":"","post_name":"editorial-planeta","to_ping":"","pinged":"","post_modified":"2022-07-28 17:47:48","post_modified_gmt":"2022-07-28 15:47:48","post_content_filtered":"","post_parent":0,"guid":"http:\/\/dev.claret.cat\/editorial\/editorial-planeta\/","menu_order":0,"post_type":"editorial","post_mime_type":"","comment_count":"0","filter":"raw"}]},"aioseo_notices":[],"_links":{"self":[{"href":"https:\/\/www.claret.cat\/es\/wp-json\/wp\/v2\/product\/1060779","targetHints":{"allow":["GET"]}}],"collection":[{"href":"https:\/\/www.claret.cat\/es\/wp-json\/wp\/v2\/product"}],"about":[{"href":"https:\/\/www.claret.cat\/es\/wp-json\/wp\/v2\/types\/product"}],"wp:featuredmedia":[{"embeddable":true,"href":"https:\/\/www.claret.cat\/es\/wp-json\/wp\/v2\/media\/1060780"}],"wp:attachment":[{"href":"https:\/\/www.claret.cat\/es\/wp-json\/wp\/v2\/media?parent=1060779"}],"wp:term":[{"taxonomy":"product_brand","embeddable":true,"href":"https:\/\/www.claret.cat\/es\/wp-json\/wp\/v2\/product_brand?post=1060779"},{"taxonomy":"product_cat","embeddable":true,"href":"https:\/\/www.claret.cat\/es\/wp-json\/wp\/v2\/product_cat?post=1060779"},{"taxonomy":"product_tag","embeddable":true,"href":"https:\/\/www.claret.cat\/es\/wp-json\/wp\/v2\/product_tag?post=1060779"}],"curies":[{"name":"wp","href":"https:\/\/api.w.org\/{rel}","templated":true}]}}