{"id":1060830,"date":"2025-10-21T16:42:22","date_gmt":"2025-10-21T14:42:22","guid":{"rendered":"https:\/\/www.claret.cat\/llibre\/el-ministerio-de-catequista-9788428843188\/"},"modified":"2025-10-21T16:46:16","modified_gmt":"2025-10-21T14:46:16","slug":"el-ministerio-de-catequista-9788428843188","status":"publish","type":"product","link":"https:\/\/www.claret.cat\/es\/libro\/el-ministerio-de-catequista-9788428843188\/","title":{"rendered":"EL MINISTERIO DE CATEQUISTA"},"content":{"rendered":"<p class='ql-align-justify'><strong><em>El ministerio de catequista&nbsp;<\/em><\/strong>re\u00fane los materiales de las 39.\u00aa Jornadas de la Asociaci\u00f3n Espa\u00f1ola de Catequetas (<strong>AECA<\/strong>), desarrolladas en diciembre de 2024,en torno a la acogida eclesial en Espa\u00f1a de este ministerio instituido por el papa Francisco en&nbsp;<em>Antiquum documentum<\/em>.<\/p>\n<p class='ql-align-justify'>En esta reflexi\u00f3n se ha tenido en cuenta la complejidad teol\u00f3gica y pastoral que la instituci\u00f3n de los ministerios laicales, en general, y el de catequista, en particular, traen consigo, porque las dificultades que se observan en la recepci\u00f3n de los ministerios instituidos no solo responden a la inercia pastoral o a la falta de candidatos, sino a motivos m\u00e1s hondos sobre los que es preciso reflexionar y tratar de ofrecer pistas operativas para poder avanzar.<\/p>\n<p><\/p>\n","protected":false},"excerpt":{"rendered":"<p>ASOCIACI\u00d3N ESPA\u00d1OLA DE CATEQUETAS<\/p>\n","protected":false},"featured_media":1060831,"template":"","meta":{"_acf_changed":false,"om_disable_all_campaigns":false,"rs_blank_template":"","rs_page_bg_color":"","slide_template_v7":"","inline_featured_image":false,"_monsterinsights_skip_tracking":false,"_monsterinsights_sitenote_active":false,"_monsterinsights_sitenote_note":"","_monsterinsights_sitenote_category":0},"product_brand":[],"product_cat":[513,287],"product_tag":[],"class_list":{"0":"post-1060830","1":"product","2":"type-product","3":"status-publish","4":"has-post-thumbnail","6":"product_cat-ministerios-ordenados","7":"product_cat-ministeris-ordenats","9":"first","10":"instock","11":"taxable","12":"shipping-taxable","13":"purchasable","14":"product-type-simple"},"acf":{"autor":"ASOCIACI\u00d3N ESPA\u00d1OLA DE CATEQUETAS","codart":"842884318","libros-coleccion":"Didaj\u00e9","ediciones":"1","encuadernacion":"R\u00fastica","fecha_de_publicacion":"16\/10\/2025","novedad":"1","paginas":"152","subtitulo":"CUADERNOS AECA ","orden":"0","portada":"1","idioma":"spa","booktrailer":"","resenas":"","editorial":[{"ID":6335,"post_author":"3","post_date":"2022-07-28 17:49:59","post_date_gmt":"2022-07-28 15:49:59","post_content":"","post_title":"PPC altres","post_excerpt":"","post_status":"publish","comment_status":"closed","ping_status":"closed","post_password":"","post_name":"ppc-altres","to_ping":"","pinged":"","post_modified":"2022-07-28 17:49:59","post_modified_gmt":"2022-07-28 15:49:59","post_content_filtered":"","post_parent":0,"guid":"http:\/\/dev.claret.cat\/editorial\/ppc-altres\/","menu_order":0,"post_type":"editorial","post_mime_type":"","comment_count":"0","filter":"raw"}]},"aioseo_notices":[],"_links":{"self":[{"href":"https:\/\/www.claret.cat\/es\/wp-json\/wp\/v2\/product\/1060830","targetHints":{"allow":["GET"]}}],"collection":[{"href":"https:\/\/www.claret.cat\/es\/wp-json\/wp\/v2\/product"}],"about":[{"href":"https:\/\/www.claret.cat\/es\/wp-json\/wp\/v2\/types\/product"}],"wp:featuredmedia":[{"embeddable":true,"href":"https:\/\/www.claret.cat\/es\/wp-json\/wp\/v2\/media\/1060831"}],"wp:attachment":[{"href":"https:\/\/www.claret.cat\/es\/wp-json\/wp\/v2\/media?parent=1060830"}],"wp:term":[{"taxonomy":"product_brand","embeddable":true,"href":"https:\/\/www.claret.cat\/es\/wp-json\/wp\/v2\/product_brand?post=1060830"},{"taxonomy":"product_cat","embeddable":true,"href":"https:\/\/www.claret.cat\/es\/wp-json\/wp\/v2\/product_cat?post=1060830"},{"taxonomy":"product_tag","embeddable":true,"href":"https:\/\/www.claret.cat\/es\/wp-json\/wp\/v2\/product_tag?post=1060830"}],"curies":[{"name":"wp","href":"https:\/\/api.w.org\/{rel}","templated":true}]}}