{"id":1060867,"date":"2025-10-21T16:56:24","date_gmt":"2025-10-21T14:56:24","guid":{"rendered":"https:\/\/www.claret.cat\/llibre\/asombro-y-milagros-9788411213912\/"},"modified":"2025-12-29T12:15:29","modified_gmt":"2025-12-29T11:15:29","slug":"asombro-y-milagros-9788411213912","status":"publish","type":"product","link":"https:\/\/www.claret.cat\/es\/libro\/asombro-y-milagros-9788411213912\/","title":{"rendered":"ASOMBRO Y MILAGROS"},"content":{"rendered":"<p><strong>Elaine Pagels<\/strong>, reconocida historiadora de la religi\u00f3n y autora de <em>Los Evangelios Gn\u00f3sticos<\/em> y <em>El Evangelio de Judas<\/em>, <strong>revoluciona nuestra comprensi\u00f3n de los or\u00edgenes del cristianismo<\/strong> con su nueva obra: <em>Asombro y milagros<\/em>. En este libro, Pagels se adentra en <strong>la figura m\u00e1s trascendental de la historia: Jes\u00fas de Nazaret<\/strong>.<\/p>\n<p>Con el pulso de un thriller hist\u00f3rico, cada cap\u00edtulo <strong>desvela<\/strong> <strong>enigmas sobre los Evangelios<\/strong>: \u00bfpor qu\u00e9 se afirma que <strong>Jes\u00fas naci\u00f3 de una virgen<\/strong>?, \u00bfqu\u00e9 <strong>significado oculto<\/strong> tienen sus <strong>milagros<\/strong>?, \u00bfc\u00f3mo surgi\u00f3 la <strong>creencia en la resurrecci\u00f3n<\/strong>? A trav\u00e9s de una narrativa envolvente y rigurosa, Pagels ofrece una <strong>reinterpretaci\u00f3n fascinante del cristianismo primitivo<\/strong>.<\/p>\n<p>La autora retrata a un <strong>Jes\u00fas humano y espiritual<\/strong>, y a sus primeros seguidores, mostrando c\u00f3mo algunos de los relatos m\u00e1s conocidos pudieron ser <strong>construcciones teol\u00f3gicas<\/strong> destinadas a <strong>ocultar verdades inc\u00f3modas<\/strong> \u2014como su posible origen ileg\u00edtimo o la falta de sepultura digna tras su crucifixi\u00f3n\u2014.<\/p>\n<p><em>Asombro y milagros<\/em> trasciende la investigaci\u00f3n hist\u00f3rica para convertirse en una profunda <strong>reflexi\u00f3n sobre el poder espiritual de Jes\u00fas<\/strong>, su <strong>mensaje de esperanza y su capacidad para inspirar a la humanidad<\/strong> a lo largo de los siglos.<\/p>\n<p><\/p>\n","protected":false},"excerpt":{"rendered":"<p>PAGELS, ELAINE<\/p>\n","protected":false},"featured_media":1061148,"template":"","meta":{"_acf_changed":false,"om_disable_all_campaigns":false,"rs_blank_template":"","rs_page_bg_color":"","slide_template_v7":"","inline_featured_image":false,"_monsterinsights_skip_tracking":false,"_monsterinsights_sitenote_active":false,"_monsterinsights_sitenote_note":"","_monsterinsights_sitenote_category":0},"product_brand":[],"product_cat":[91,541],"product_tag":[],"class_list":{"0":"post-1060867","1":"product","2":"type-product","3":"status-publish","4":"has-post-thumbnail","6":"product_cat-cristologia","7":"product_cat-cristologia-1_espiritualidad-spa","9":"first","10":"instock","11":"taxable","12":"shipping-taxable","13":"purchasable","14":"product-type-simple"},"acf":{"autor":"PAGELS, ELAINE","codart":"841121391","libros-coleccion":"Ensayo","ediciones":"1","encuadernacion":"R\u00fastica","fecha_de_publicacion":"01\/10\/2025","novedad":"1","paginas":"384","subtitulo":"EL MISTERIO HIST\u00d3RICO DE JES\u00daS","orden":"0","portada":"1","idioma":"spa","booktrailer":"","resenas":"","editorial":[{"ID":147993,"post_author":"3","post_date":"2022-10-14 11:54:48","post_date_gmt":"2022-10-14 09:54:48","post_content":"","post_title":"Editorial Kair\u00f3s SA","post_excerpt":"","post_status":"publish","comment_status":"closed","ping_status":"closed","post_password":"","post_name":"editorial-kairos-sa","to_ping":"","pinged":"","post_modified":"2022-10-14 11:54:48","post_modified_gmt":"2022-10-14 09:54:48","post_content_filtered":"","post_parent":0,"guid":"http:\/\/dev.claret.cat\/editorial\/editorial-kairos-sa\/","menu_order":0,"post_type":"editorial","post_mime_type":"","comment_count":"0","filter":"raw"}]},"aioseo_notices":[],"_links":{"self":[{"href":"https:\/\/www.claret.cat\/es\/wp-json\/wp\/v2\/product\/1060867","targetHints":{"allow":["GET"]}}],"collection":[{"href":"https:\/\/www.claret.cat\/es\/wp-json\/wp\/v2\/product"}],"about":[{"href":"https:\/\/www.claret.cat\/es\/wp-json\/wp\/v2\/types\/product"}],"wp:featuredmedia":[{"embeddable":true,"href":"https:\/\/www.claret.cat\/es\/wp-json\/wp\/v2\/media\/1061148"}],"wp:attachment":[{"href":"https:\/\/www.claret.cat\/es\/wp-json\/wp\/v2\/media?parent=1060867"}],"wp:term":[{"taxonomy":"product_brand","embeddable":true,"href":"https:\/\/www.claret.cat\/es\/wp-json\/wp\/v2\/product_brand?post=1060867"},{"taxonomy":"product_cat","embeddable":true,"href":"https:\/\/www.claret.cat\/es\/wp-json\/wp\/v2\/product_cat?post=1060867"},{"taxonomy":"product_tag","embeddable":true,"href":"https:\/\/www.claret.cat\/es\/wp-json\/wp\/v2\/product_tag?post=1060867"}],"curies":[{"name":"wp","href":"https:\/\/api.w.org\/{rel}","templated":true}]}}