{"id":1060940,"date":"2025-10-21T17:55:28","date_gmt":"2025-10-21T15:55:28","guid":{"rendered":"https:\/\/www.claret.cat\/llibre\/magic-animals-missions-especials-1-la-senda-dels-volcans-9791387782665\/"},"modified":"2026-02-11T19:00:30","modified_gmt":"2026-02-11T18:00:30","slug":"magic-animals-missions-especials-1-la-senda-dels-volcans-9791387782665","status":"publish","type":"product","link":"https:\/\/www.claret.cat\/es\/libro\/magic-animals-missions-especials-1-la-senda-dels-volcans-9791387782665\/","title":{"rendered":"MAGIC ANIMALS. MISSIONS ESPECIALS 1. LA SENDA DELS VOLCANS"},"content":{"rendered":"<p>Una nit, l&#8221;Abi, l&#8221;\u00c8ric, la Cloe, la Yuna i el Nico tenen el mateix malson estrany: somien amb una ac\u00e0cia daurada a la qual se li desprenen les fulles&#8230; Vetusta, l&#8221;anciana sequoia de la vall, els explica que lluny d&#8221;all\u00ed hi ha un m\u00f3n m\u00e0gic anomenat Karib\u00fa que es troba en perill. Els Magic Animals emprendran la missi\u00f3 m\u00e9s dif\u00edcil fins ara: deixar enrere la vall de Blim per endinsar-se en un lloc nou del qual no en saben res. Qui s\u00f3n el lle\u00f3, la serp i l&#8221;elefant que els acompanyen per la senda dels volcans? Els ajudaran a derrotar la malvada maga que vol acabar amb Karib\u00fa?<br \/> *<br \/> Arriba la s\u00e8rie Missions especials: un format m\u00e9s gran, en tapa dura, amb m\u00e9s aventures, m\u00e9s p\u00e0gines&#8230; i amb MAGIC ANIMALS nous!<br \/> La s\u00e8rie reuneix tots els ingredients per triomfar i il\u00b7lusionar els petits lectors en un m\u00f3n ple de nens i nenes, m\u00e0gia, aventures, \u00e9ssers fant\u00e0stics&#8230; i animals.<br \/> Ara els Magic Animals deixen enrere la vall de Blim i s&#8221;endinsen en mons nous<br \/> *<br \/> Una col\u00b7lecci\u00f3 per a primers lectors, amb cap\u00edtols breus, lletra gran i llenguatge adaptat al nivell del lector.<br \/> Una s\u00e8rie de llibres ideal per aprendre a llegir, amb part narrativa i part de c\u00f2mic i perfecta per passar hores de diversi\u00f3 i entreteniment.<br \/> Il\u00b7lustracions a tot color i amb p\u00e0gines en format c\u00f2mic, que faciliten la lectura i la comprensi\u00f3 del lector, creades per Carles Dalmau i Nil L\u00f3pez.<br \/> Una col\u00b7lecci\u00f3 plena de m\u00e0gia, poders, animals, nens i nenes, i misteris recomanada per a nens de 6 a 8 anys. Perfecta per a nens i nenes lectors d&#8221;Anna Kadabra i Marcus Pocus.\u00a0<br \/> G\u00c8NERE<br \/> &#8211; Acci\u00f3 i aventura<br \/> &#8211; Misteris i m\u00e0gia<br \/> &#8211; Animals i poders<br \/> &#8211; Humor i diversi\u00f3<\/p>\n<p> L&#8221;AUTORA<br \/> Susanna Isern\u00a0\u00e9s una de les autores m\u00e9s importants del panorama de la literatura infantil. Ha publicat m\u00e9s de 90 t\u00edtols que s&#8221;han tradu\u00eft a m\u00e9s de 30 idiomes i porta m\u00e9s d&#8221;1.000.000 d&#8221;exemplars venuts a tot el m\u00f3n.<\/p>\n","protected":false},"excerpt":{"rendered":"<p>ISERN, SUSANNA \/ DALMAU, CARLES<\/p>\n","protected":false},"featured_media":1061160,"template":"","meta":{"_acf_changed":false,"om_disable_all_campaigns":false,"rs_blank_template":"","rs_page_bg_color":"","slide_template_v7":"","inline_featured_image":false,"_monsterinsights_skip_tracking":false,"_monsterinsights_sitenote_active":false,"_monsterinsights_sitenote_note":"","_monsterinsights_sitenote_category":0},"product_brand":[],"product_cat":[133,363],"product_tag":[],"class_list":{"0":"post-1060940","1":"product","2":"type-product","3":"status-publish","4":"has-post-thumbnail","6":"product_cat-lectures-per-adolescents-12-18-anys","7":"product_cat-lecturas-por-adolescentes-12-18-anos","9":"first","10":"instock","11":"taxable","12":"shipping-taxable","13":"purchasable","14":"product-type-simple"},"acf":{"autor":"ISERN, SUSANNA \/ DALMAU, CARLES","codart":"138778266","libros-coleccion":"Primers lectors","ediciones":"1","encuadernacion":"Carton\u00e9","fecha_de_publicacion":"01\/10\/2025","novedad":"1","paginas":"183","subtitulo":"","orden":"0","portada":"0","idioma":"cat","booktrailer":"","resenas":"","editorial":[{"ID":6249,"post_author":"3","post_date":"2022-07-28 17:48:09","post_date_gmt":"2022-07-28 15:48:09","post_content":"","post_title":"Estrella Polar","post_excerpt":"","post_status":"publish","comment_status":"closed","ping_status":"closed","post_password":"","post_name":"estrella-polar","to_ping":"","pinged":"","post_modified":"2022-07-28 17:48:09","post_modified_gmt":"2022-07-28 15:48:09","post_content_filtered":"","post_parent":0,"guid":"http:\/\/dev.claret.cat\/editorial\/estrella-polar\/","menu_order":0,"post_type":"editorial","post_mime_type":"","comment_count":"0","filter":"raw"}]},"aioseo_notices":[],"_links":{"self":[{"href":"https:\/\/www.claret.cat\/es\/wp-json\/wp\/v2\/product\/1060940","targetHints":{"allow":["GET"]}}],"collection":[{"href":"https:\/\/www.claret.cat\/es\/wp-json\/wp\/v2\/product"}],"about":[{"href":"https:\/\/www.claret.cat\/es\/wp-json\/wp\/v2\/types\/product"}],"wp:featuredmedia":[{"embeddable":true,"href":"https:\/\/www.claret.cat\/es\/wp-json\/wp\/v2\/media\/1061160"}],"wp:attachment":[{"href":"https:\/\/www.claret.cat\/es\/wp-json\/wp\/v2\/media?parent=1060940"}],"wp:term":[{"taxonomy":"product_brand","embeddable":true,"href":"https:\/\/www.claret.cat\/es\/wp-json\/wp\/v2\/product_brand?post=1060940"},{"taxonomy":"product_cat","embeddable":true,"href":"https:\/\/www.claret.cat\/es\/wp-json\/wp\/v2\/product_cat?post=1060940"},{"taxonomy":"product_tag","embeddable":true,"href":"https:\/\/www.claret.cat\/es\/wp-json\/wp\/v2\/product_tag?post=1060940"}],"curies":[{"name":"wp","href":"https:\/\/api.w.org\/{rel}","templated":true}]}}