{"id":1061037,"date":"2025-10-22T11:15:28","date_gmt":"2025-10-22T09:15:28","guid":{"rendered":"https:\/\/www.claret.cat\/llibre\/los-grupos-sanguineos-y-la-alimentacion-9788498721874\/"},"modified":"2025-10-24T13:45:08","modified_gmt":"2025-10-24T11:45:08","slug":"los-grupos-sanguineos-y-la-alimentacion-9788498721874","status":"publish","type":"product","link":"https:\/\/www.claret.cat\/es\/libro\/los-grupos-sanguineos-y-la-alimentacion-9788498721874\/","title":{"rendered":"LOS GRUPOS SANGU\u00cdNEOS Y LA ALIMENTACI\u00d3N"},"content":{"rendered":"<p>El doctor nos ayudar\u00e1 a identificar las necesidades biol\u00f3gicas de nuestro cuerpo, seguir la dieta que m\u00e1s nos conviene y realizar los ejercicios que mejor se adapten a nuestra estructura f\u00edsica. Si alguna vez se ha preguntado por qu\u00e9 una dieta funciona para algunas personas y no para usted, quiz\u00e1s se le ha ocurrido la respuesta correcta: porque no se adapta a su organismo. El doctor Peter J. D&#8221;Adamo descubri\u00f3 el papel que desempe\u00f1a el grupo sangu\u00edneo en relaci\u00f3n con los alimentos. Nuestro grupo determina qu\u00e9 tipo de alimentaci\u00f3n es la mejor, as\u00ed como el tipo de actividad f\u00edsica m\u00e1s apropiado y el estilo de vida que m\u00e1s nos beneficia.<\/p>\n","protected":false},"excerpt":{"rendered":"<p>WHITNEY, CATHERINE \/ J. D&#8221;ADAMO, DR. PETER<\/p>\n","protected":false},"featured_media":1061038,"template":"","meta":{"_acf_changed":false,"om_disable_all_campaigns":false,"rs_blank_template":"","rs_page_bg_color":"","slide_template_v7":"","inline_featured_image":false,"_monsterinsights_skip_tracking":false,"_monsterinsights_sitenote_active":false,"_monsterinsights_sitenote_note":"","_monsterinsights_sitenote_category":0},"product_brand":[],"product_cat":[90,540],"product_tag":[],"class_list":{"0":"post-1061037","1":"product","2":"type-product","3":"status-publish","4":"has-post-thumbnail","6":"product_cat-altres","7":"product_cat-otros","9":"first","10":"instock","11":"taxable","12":"shipping-taxable","13":"purchasable","14":"product-type-simple"},"acf":{"autor":"WHITNEY, CATHERINE \/ J. D''ADAMO, DR. PETER","codart":"849872187","libros-coleccion":"NO FICCION","ediciones":"1","encuadernacion":"R\u00fastica","fecha_de_publicacion":"01\/02\/2009","novedad":"1","paginas":"0","subtitulo":"","orden":"0","portada":"0","idioma":"spa","booktrailer":"","resenas":"","editorial":[{"ID":6137,"post_author":"3","post_date":"2022-07-28 17:45:41","post_date_gmt":"2022-07-28 15:45:41","post_content":"","post_title":"B de Bolsillo","post_excerpt":"","post_status":"publish","comment_status":"closed","ping_status":"closed","post_password":"","post_name":"b-de-bolsillo","to_ping":"","pinged":"","post_modified":"2022-07-28 17:45:41","post_modified_gmt":"2022-07-28 15:45:41","post_content_filtered":"","post_parent":0,"guid":"http:\/\/dev.claret.cat\/editorial\/b-de-bolsillo\/","menu_order":0,"post_type":"editorial","post_mime_type":"","comment_count":"0","filter":"raw"}]},"aioseo_notices":[],"_links":{"self":[{"href":"https:\/\/www.claret.cat\/es\/wp-json\/wp\/v2\/product\/1061037","targetHints":{"allow":["GET"]}}],"collection":[{"href":"https:\/\/www.claret.cat\/es\/wp-json\/wp\/v2\/product"}],"about":[{"href":"https:\/\/www.claret.cat\/es\/wp-json\/wp\/v2\/types\/product"}],"wp:featuredmedia":[{"embeddable":true,"href":"https:\/\/www.claret.cat\/es\/wp-json\/wp\/v2\/media\/1061038"}],"wp:attachment":[{"href":"https:\/\/www.claret.cat\/es\/wp-json\/wp\/v2\/media?parent=1061037"}],"wp:term":[{"taxonomy":"product_brand","embeddable":true,"href":"https:\/\/www.claret.cat\/es\/wp-json\/wp\/v2\/product_brand?post=1061037"},{"taxonomy":"product_cat","embeddable":true,"href":"https:\/\/www.claret.cat\/es\/wp-json\/wp\/v2\/product_cat?post=1061037"},{"taxonomy":"product_tag","embeddable":true,"href":"https:\/\/www.claret.cat\/es\/wp-json\/wp\/v2\/product_tag?post=1061037"}],"curies":[{"name":"wp","href":"https:\/\/api.w.org\/{rel}","templated":true}]}}