{"id":1061360,"date":"2025-10-23T10:20:35","date_gmt":"2025-10-23T08:20:35","guid":{"rendered":"https:\/\/www.claret.cat\/llibre\/belleza-y-misericordia-una-estetica-del-espiritu-9788413684963\/"},"modified":"2025-10-23T10:50:20","modified_gmt":"2025-10-23T08:50:20","slug":"belleza-y-misericordia-una-estetica-del-espiritu-9788413684963","status":"publish","type":"product","link":"https:\/\/www.claret.cat\/es\/libro\/belleza-y-misericordia-una-estetica-del-espiritu-9788413684963\/","title":{"rendered":"BELLEZA Y MISERICORDIA, UNA EST\u00c9TICA DEL ESP\u00cdRITU"},"content":{"rendered":"<p>Los seres humanos somos cuerpo, alma y esp\u00edritu, y la belleza impacta en nuestros sentidos externos, ilumina las potencias del alma y desvela una serie de capacidades de discernimiento a trav\u00e9s de los sentidos espirituales. <br \/> El o\u00eddo espiritual, la escucha, nos lleva a percibir en las cosas m\u00e1s cotidianas la voz de Dios. El tacto espiritual nos permite algo \u00fanico, impensable: tocar la presencia de Dios, a\u00fan m\u00e1s, sentir que somos tocados por \u00c9l, que estamos siempre en sus manos. Gracias a la vista espiritual comenzamos a ver la voluntad de Dios con claridad, porque, de alg\u00fan modo, comprendemos las realidades terrenales a la luz de una perspectiva de eternidad. El gusto espiritual nos lleva a disfrutar de ese man\u00e1 que nos mantiene bien alimentados: el \u00fanico sustento que impide que perdamos la esperanza. El olfato espiritual es quien nos ayuda a discernir lo que est\u00e1 bien de lo que est\u00e1 mal, y a captar el aroma del bonus odor Christi.<br \/> La est\u00e9tica del esp\u00edritu, en el fondo, es una est\u00e9tica de la esperanza.<\/p>\n","protected":false},"excerpt":{"rendered":"<p>PI\u00d1ERO MORAL, RICARDO<\/p>\n","protected":false},"featured_media":1061384,"template":"","meta":{"_acf_changed":false,"om_disable_all_campaigns":false,"rs_blank_template":"","rs_page_bg_color":"","slide_template_v7":"","inline_featured_image":false,"_monsterinsights_skip_tracking":false,"_monsterinsights_sitenote_active":false,"_monsterinsights_sitenote_note":"","_monsterinsights_sitenote_category":0},"product_brand":[],"product_cat":[485,232,275,413],"product_tag":[],"class_list":{"0":"post-1061360","1":"product","2":"type-product","3":"status-publish","4":"has-post-thumbnail","6":"product_cat-autores-espiritualidad-1_espiritualidad","7":"product_cat-autors-espiritualitat","8":"product_cat-fonamental","9":"product_cat-fundamental","11":"first","12":"instock","13":"taxable","14":"shipping-taxable","15":"purchasable","16":"product-type-simple"},"acf":{"autor":"PI\u00d1ERO MORAL, RICARDO","codart":"841368496","libros-coleccion":"Dbolsillo","ediciones":"1","encuadernacion":"R\u00fastica","fecha_de_publicacion":"01\/10\/2025","novedad":"1","paginas":"142","subtitulo":"","orden":"0","portada":"1","idioma":"spa","booktrailer":"","resenas":"","editorial":[{"ID":148624,"post_author":"3","post_date":"2022-10-14 11:59:42","post_date_gmt":"2022-10-14 09:59:42","post_content":"","post_title":"PALABRA S.A., EDICIONES","post_excerpt":"","post_status":"publish","comment_status":"closed","ping_status":"closed","post_password":"","post_name":"palabra-s-a-ediciones","to_ping":"","pinged":"","post_modified":"2022-10-14 11:59:42","post_modified_gmt":"2022-10-14 09:59:42","post_content_filtered":"","post_parent":0,"guid":"http:\/\/dev.claret.cat\/editorial\/palabra-s-a-ediciones\/","menu_order":0,"post_type":"editorial","post_mime_type":"","comment_count":"0","filter":"raw"}]},"aioseo_notices":[],"_links":{"self":[{"href":"https:\/\/www.claret.cat\/es\/wp-json\/wp\/v2\/product\/1061360","targetHints":{"allow":["GET"]}}],"collection":[{"href":"https:\/\/www.claret.cat\/es\/wp-json\/wp\/v2\/product"}],"about":[{"href":"https:\/\/www.claret.cat\/es\/wp-json\/wp\/v2\/types\/product"}],"wp:featuredmedia":[{"embeddable":true,"href":"https:\/\/www.claret.cat\/es\/wp-json\/wp\/v2\/media\/1061384"}],"wp:attachment":[{"href":"https:\/\/www.claret.cat\/es\/wp-json\/wp\/v2\/media?parent=1061360"}],"wp:term":[{"taxonomy":"product_brand","embeddable":true,"href":"https:\/\/www.claret.cat\/es\/wp-json\/wp\/v2\/product_brand?post=1061360"},{"taxonomy":"product_cat","embeddable":true,"href":"https:\/\/www.claret.cat\/es\/wp-json\/wp\/v2\/product_cat?post=1061360"},{"taxonomy":"product_tag","embeddable":true,"href":"https:\/\/www.claret.cat\/es\/wp-json\/wp\/v2\/product_tag?post=1061360"}],"curies":[{"name":"wp","href":"https:\/\/api.w.org\/{rel}","templated":true}]}}