{"id":1061469,"date":"2025-10-23T12:35:02","date_gmt":"2025-10-23T10:35:02","guid":{"rendered":"https:\/\/www.claret.cat\/llibre\/fisica-cuantica-y-teologia-9788430122790\/"},"modified":"2025-12-22T17:40:33","modified_gmt":"2025-12-22T16:40:33","slug":"fisica-cuantica-y-teologia-9788430122790","status":"publish","type":"product","link":"https:\/\/www.claret.cat\/es\/libro\/fisica-cuantica-y-teologia-9788430122790\/","title":{"rendered":"F\u00cdSICA CU\u00c1NTICA Y TEOLOGIA"},"content":{"rendered":"<p>A simple vista, <strong>no hay nada<\/strong> <strong>tan separado como el mundo de la ciencia te\u00f3rica y el de la teolog\u00eda<\/strong>. No obstante, estos dos \u00e1mbitos del saber tienen como pretensi\u00f3n <strong>acercarse lo m\u00e1s posible a la verdad<\/strong>, aunque para muchos los resultados logrados se excluyen mutuamente.<\/p>\n<p> Este libro busca tender puentes que favorezcan <strong>un di\u00e1logo enriquecedor entre la teolog\u00eda cristiana y la f\u00edsica cu\u00e1ntica<\/strong>. Basta poner en paralelo ambos m\u00e9todos para comprobar que no se encuentran tan alejados entre s\u00ed. Adem\u00e1s, el fin perseguido por te\u00f3logos y cient\u00edficos es id\u00e9ntico: <strong>entender el mundo a trav\u00e9s de la realidad experimentada<\/strong>.<\/p>\n<p> Si en el \u00e1mbito de la f\u00edsica el sorprendente comportamiento de la materia a escalas muy peque\u00f1as dio origen a las contraintuitivas formulaciones de la teor\u00eda cu\u00e1ntica, en el \u00e1mbito de la teolog\u00eda los encuentros de <strong>Jesucristo<\/strong> con sus disc\u00edpulos, tanto durante su existencia terrena como despu\u00e9s de su resurrecci\u00f3n, constituyen el <strong>origen y la base de la doctrina cristiana<\/strong>. El asombro que interroga nuestras preconcepciones est\u00e1 en el origen de ambas b\u00fasquedas del <strong>sentido de lo real<\/strong>.<\/p>\n<p class='ql-align-justify'><\/p>\n","protected":false},"excerpt":{"rendered":"<p>POLKINGHORNE, JOHN<\/p>\n","protected":false},"featured_media":1061723,"template":"","meta":{"_acf_changed":false,"om_disable_all_campaigns":false,"rs_blank_template":"","rs_page_bg_color":"","slide_template_v7":"","inline_featured_image":false,"_monsterinsights_skip_tracking":false,"_monsterinsights_sitenote_active":false,"_monsterinsights_sitenote_note":"","_monsterinsights_sitenote_category":0},"product_brand":[],"product_cat":[278,508],"product_tag":[],"class_list":{"0":"post-1061469","1":"product","2":"type-product","3":"status-publish","4":"has-post-thumbnail","6":"product_cat-misteri-de-deu","7":"product_cat-misterio-de-dios","9":"first","10":"instock","11":"taxable","12":"shipping-taxable","13":"purchasable","14":"product-type-simple"},"acf":{"autor":"POLKINGHORNE, JOHN","codart":"843012279","libros-coleccion":"Verdad e Imagen","ediciones":"1","encuadernacion":"R\u00fastica","fecha_de_publicacion":"22\/10\/2025","novedad":"1","paginas":"144","subtitulo":"UN DI\u00c1LOGO POSIBLE","orden":"0","portada":"1","idioma":"spa","booktrailer":"","resenas":"","editorial":[{"ID":6364,"post_author":"3","post_date":"2022-07-28 17:50:36","post_date_gmt":"2022-07-28 15:50:36","post_content":"","post_title":"S\u00edgueme","post_excerpt":"","post_status":"publish","comment_status":"closed","ping_status":"closed","post_password":"","post_name":"sigueme","to_ping":"","pinged":"","post_modified":"2022-07-28 17:50:36","post_modified_gmt":"2022-07-28 15:50:36","post_content_filtered":"","post_parent":0,"guid":"http:\/\/dev.claret.cat\/editorial\/sigueme\/","menu_order":0,"post_type":"editorial","post_mime_type":"","comment_count":"0","filter":"raw"}]},"aioseo_notices":[],"_links":{"self":[{"href":"https:\/\/www.claret.cat\/es\/wp-json\/wp\/v2\/product\/1061469","targetHints":{"allow":["GET"]}}],"collection":[{"href":"https:\/\/www.claret.cat\/es\/wp-json\/wp\/v2\/product"}],"about":[{"href":"https:\/\/www.claret.cat\/es\/wp-json\/wp\/v2\/types\/product"}],"wp:featuredmedia":[{"embeddable":true,"href":"https:\/\/www.claret.cat\/es\/wp-json\/wp\/v2\/media\/1061723"}],"wp:attachment":[{"href":"https:\/\/www.claret.cat\/es\/wp-json\/wp\/v2\/media?parent=1061469"}],"wp:term":[{"taxonomy":"product_brand","embeddable":true,"href":"https:\/\/www.claret.cat\/es\/wp-json\/wp\/v2\/product_brand?post=1061469"},{"taxonomy":"product_cat","embeddable":true,"href":"https:\/\/www.claret.cat\/es\/wp-json\/wp\/v2\/product_cat?post=1061469"},{"taxonomy":"product_tag","embeddable":true,"href":"https:\/\/www.claret.cat\/es\/wp-json\/wp\/v2\/product_tag?post=1061469"}],"curies":[{"name":"wp","href":"https:\/\/api.w.org\/{rel}","templated":true}]}}