{"id":1061528,"date":"2025-10-23T13:35:35","date_gmt":"2025-10-23T11:35:35","guid":{"rendered":"https:\/\/www.claret.cat\/llibre\/como-nacio-el-cristianismo-9788413613307\/"},"modified":"2026-02-11T18:20:05","modified_gmt":"2026-02-11T17:20:05","slug":"como-nacio-el-cristianismo-9788413613307","status":"publish","type":"product","link":"https:\/\/www.claret.cat\/es\/libro\/como-nacio-el-cristianismo-9788413613307\/","title":{"rendered":"C\u00d3MO NACI\u00d3 EL CRISTIANISMO"},"content":{"rendered":"<p><strong>El relato de la aut\u00e9ntica (y desconocida) historia del nacimiento del cristianismo<\/strong>, narrada por dos de los m\u00e1s reconocidos <strong>especialistas en la materia<\/strong>.<\/p>\n<p>Seg\u00fan la versi\u00f3n transmitida hist\u00f3ricamente, el cristianismo <strong>surgi\u00f3 en su manera ya acabada a partir de la predicaci\u00f3n de Jesucristo<\/strong>, cuyo mensaje inalterado cristaliz\u00f3 unos siglos m\u00e1s tarde en la instituci\u00f3n de la <strong>Iglesia<\/strong>, tal y como todav\u00eda la conocemos en la actualidad. Una historia lineal, sin saltos, desv\u00edos, ni discontinuidades.<\/p>\n<p> <strong>Sin embargo, la evidencia hist\u00f3rica muestra una realidad diferente<\/strong>. En los a\u00f1os siguientes a la desaparici\u00f3n terrenal de Jes\u00fas, proliferaron variadas y <strong>m\u00faltiples comunidades de creyentes a lo largo y ancho del Mediterr\u00e1neo oriental<\/strong>, con enfoques, objetivos, creencias y filiaciones muy distintos entre s\u00ed. Un abigarrado mosaico de grupos como los helenistas, los gn\u00f3sticos, los judeocristianos y otros tantos que hacen que, m\u00e1s que de cristianismo, <strong>durante estos primeros momentos se deber\u00eda hablar de cristianismos<\/strong>. Har\u00e1n falta m\u00e1s de dos siglos para que uno de estos grupos logre imponerse los dem\u00e1s, institucionalizando as\u00ed su cristianismo como el \u00fanico que pervivir\u00e1. <\/p>\n<p> <strong>El prop\u00f3sito del libro es ofrecer una visi\u00f3n panor\u00e1mica de los primeros a\u00f1os de existencia del cristianismo<\/strong>, en la que surgir\u00e1n personajes como <strong>Pablo de Tarso<\/strong> o <strong>Sim\u00f3n Pedro<\/strong>, pero tambi\u00e9n otros m\u00e1s desconocidos como <strong>Esteban<\/strong> o <strong>Santiago, el hermano del Se\u00f1or<\/strong>.<\/p>\n<p> Una obra que ayuda a comprender mejor nuestras ra\u00edces culturales, de la mano de <strong>dos de los mayores especialistas del Nuevo Testamento en lengua espa\u00f1ola: Antonio Pi\u00f1ero y Javier Alonso<\/strong>.<\/p>\n<p><\/p>\n","protected":false},"excerpt":{"rendered":"<p>PI\u00d1ERO, ANTONIO \/ ALONSO L\u00d3PEZ, JAVIER<\/p>\n","protected":false},"featured_media":1061716,"template":"","meta":{"_acf_changed":false,"om_disable_all_campaigns":false,"rs_blank_template":"","rs_page_bg_color":"","slide_template_v7":"","inline_featured_image":false,"_monsterinsights_skip_tracking":false,"_monsterinsights_sitenote_active":false,"_monsterinsights_sitenote_note":"","_monsterinsights_sitenote_category":0},"product_brand":[],"product_cat":[91,541,93,543],"product_tag":[],"class_list":{"0":"post-1061528","1":"product","2":"type-product","3":"status-publish","4":"has-post-thumbnail","6":"product_cat-cristologia","7":"product_cat-cristologia-1_espiritualidad-spa","8":"product_cat-eclesiologia","9":"product_cat-eclesiologia-es","11":"first","12":"instock","13":"taxable","14":"shipping-taxable","15":"purchasable","16":"product-type-simple"},"acf":{"autor":"PI\u00d1ERO, ANTONIO \/ ALONSO L\u00d3PEZ, JAVIER","codart":"841361330","libros-coleccion":"FORA DE COL.LECCI\u00d3","ediciones":"1","encuadernacion":"R\u00fastica","fecha_de_publicacion":"01\/10\/2025","novedad":"1","paginas":"288","subtitulo":"DE JES\u00daS DE NAZARET A LA IGLESIA","orden":"0","portada":"1","idioma":"spa","booktrailer":"","resenas":"","editorial":[{"ID":148810,"post_author":"3","post_date":"2022-10-14 12:01:10","post_date_gmt":"2022-10-14 10:01:10","post_content":"","post_title":"SHACKLETON BOOKS","post_excerpt":"","post_status":"publish","comment_status":"closed","ping_status":"closed","post_password":"","post_name":"shackleton-books","to_ping":"","pinged":"","post_modified":"2022-10-14 12:01:10","post_modified_gmt":"2022-10-14 10:01:10","post_content_filtered":"","post_parent":0,"guid":"http:\/\/dev.claret.cat\/editorial\/shackleton-books\/","menu_order":0,"post_type":"editorial","post_mime_type":"","comment_count":"0","filter":"raw"}]},"aioseo_notices":[],"_links":{"self":[{"href":"https:\/\/www.claret.cat\/es\/wp-json\/wp\/v2\/product\/1061528","targetHints":{"allow":["GET"]}}],"collection":[{"href":"https:\/\/www.claret.cat\/es\/wp-json\/wp\/v2\/product"}],"about":[{"href":"https:\/\/www.claret.cat\/es\/wp-json\/wp\/v2\/types\/product"}],"wp:featuredmedia":[{"embeddable":true,"href":"https:\/\/www.claret.cat\/es\/wp-json\/wp\/v2\/media\/1061716"}],"wp:attachment":[{"href":"https:\/\/www.claret.cat\/es\/wp-json\/wp\/v2\/media?parent=1061528"}],"wp:term":[{"taxonomy":"product_brand","embeddable":true,"href":"https:\/\/www.claret.cat\/es\/wp-json\/wp\/v2\/product_brand?post=1061528"},{"taxonomy":"product_cat","embeddable":true,"href":"https:\/\/www.claret.cat\/es\/wp-json\/wp\/v2\/product_cat?post=1061528"},{"taxonomy":"product_tag","embeddable":true,"href":"https:\/\/www.claret.cat\/es\/wp-json\/wp\/v2\/product_tag?post=1061528"}],"curies":[{"name":"wp","href":"https:\/\/api.w.org\/{rel}","templated":true}]}}