{"id":106165,"date":"2022-10-12T09:13:37","date_gmt":"2022-10-12T07:13:37","guid":{"rendered":"http:\/\/dev.claret.cat\/producte\/digueu-me-ju\/"},"modified":"2025-01-31T16:44:34","modified_gmt":"2025-01-31T15:44:34","slug":"digueume-ju-9788424667436","status":"publish","type":"product","link":"https:\/\/www.claret.cat\/es\/libro\/digueume-ju-9788424667436\/","title":{"rendered":"DIGUEU-ME JU"},"content":{"rendered":"<p>El bullying vist des d&#8221;una part nova: la de l&#8221;abusadora.<\/p>\n<p>El mateix dia que la Ju \u00e9s expulsada temporalment de l&#8221;institut per haver perpetrat una situaci\u00f3 de bullying greu, els seus pares li confessen que \u00e9s adoptada. La Ju decidir\u00e0 emprendre un viatge a la recerca dels seus or\u00edgens i, de pas, descobrir qui \u00e9s ella mateixa. <\/p>\n<p>Muriel Villanueva, autora d&#8221;una vintena de llibres, ha estat reconeguda amb premis com la Llan\u00e7a de Sant Jordi, d&#8221;\u00d2mnium Cultural; el Premi de la Cr\u00edtica dels Escriptors Valencians, i el Premi Carlemany per al foment de la lectura.<\/p>\n","protected":false},"excerpt":{"rendered":"<p>VILLANUEVA I PERARNAU, MURIEL<\/p>\n","protected":false},"featured_media":106166,"template":"","meta":{"_acf_changed":false,"om_disable_all_campaigns":false,"rs_blank_template":"","rs_page_bg_color":"","slide_template_v7":"","inline_featured_image":false,"_monsterinsights_skip_tracking":false,"_monsterinsights_sitenote_active":false,"_monsterinsights_sitenote_note":"","_monsterinsights_sitenote_category":0},"product_brand":[],"product_cat":[127,357],"product_tag":[],"class_list":{"0":"post-106165","1":"product","2":"type-product","3":"status-publish","4":"has-post-thumbnail","6":"product_cat-novella-contemporania","7":"product_cat-novela-contemporanea","9":"first","10":"instock","11":"taxable","12":"shipping-taxable","13":"purchasable","14":"product-type-simple"},"acf":{"autor":"VILLANUEVA I PERARNAU, MURIEL","codart":"842466743","libros-coleccion":"Lluna roja","ediciones":"1","encuadernacion":"R\u00fastica","fecha_de_publicacion":"01\/09\/2020","novedad":"1","paginas":"209","subtitulo":"","orden":"0","portada":"0","idioma":"cat","editorial":[{"ID":148189,"post_author":"3","post_date":"2022-10-14 11:56:19","post_date_gmt":"2022-10-14 09:56:19","post_content":"","post_title":"GALERA, EDITORIAL","post_excerpt":"","post_status":"publish","comment_status":"closed","ping_status":"closed","post_password":"","post_name":"galera-editorial","to_ping":"","pinged":"","post_modified":"2022-10-14 11:56:19","post_modified_gmt":"2022-10-14 09:56:19","post_content_filtered":"","post_parent":0,"guid":"http:\/\/dev.claret.cat\/editorial\/galera-editorial\/","menu_order":0,"post_type":"editorial","post_mime_type":"","comment_count":"0","filter":"raw"}],"autores-libros":[{"ID":165508,"post_author":"3","post_date":"2022-10-14 17:55:44","post_date_gmt":"2022-10-14 15:55:44","post_content":"","post_title":"MURIEL VILLANUEVA I PERARNAU","post_excerpt":"","post_status":"publish","comment_status":"closed","ping_status":"closed","post_password":"","post_name":"muriel-villanueva-i-perarnau","to_ping":"","pinged":"","post_modified":"2022-10-14 17:55:44","post_modified_gmt":"2022-10-14 15:55:44","post_content_filtered":"","post_parent":0,"guid":"http:\/\/dev.claret.cat\/autor\/muriel-villanueva-i-perarnau\/","menu_order":0,"post_type":"autor","post_mime_type":"","comment_count":"0","filter":"raw"}]},"aioseo_notices":[],"_links":{"self":[{"href":"https:\/\/www.claret.cat\/es\/wp-json\/wp\/v2\/product\/106165","targetHints":{"allow":["GET"]}}],"collection":[{"href":"https:\/\/www.claret.cat\/es\/wp-json\/wp\/v2\/product"}],"about":[{"href":"https:\/\/www.claret.cat\/es\/wp-json\/wp\/v2\/types\/product"}],"wp:featuredmedia":[{"embeddable":true,"href":"https:\/\/www.claret.cat\/es\/wp-json\/wp\/v2\/media\/106166"}],"wp:attachment":[{"href":"https:\/\/www.claret.cat\/es\/wp-json\/wp\/v2\/media?parent=106165"}],"wp:term":[{"taxonomy":"product_brand","embeddable":true,"href":"https:\/\/www.claret.cat\/es\/wp-json\/wp\/v2\/product_brand?post=106165"},{"taxonomy":"product_cat","embeddable":true,"href":"https:\/\/www.claret.cat\/es\/wp-json\/wp\/v2\/product_cat?post=106165"},{"taxonomy":"product_tag","embeddable":true,"href":"https:\/\/www.claret.cat\/es\/wp-json\/wp\/v2\/product_tag?post=106165"}],"curies":[{"name":"wp","href":"https:\/\/api.w.org\/{rel}","templated":true}]}}