{"id":1061864,"date":"2025-10-27T10:40:02","date_gmt":"2025-10-27T09:40:02","guid":{"rendered":"https:\/\/www.claret.cat\/llibre\/apostar-per-lesperanca-9788491657125\/"},"modified":"2025-10-27T10:45:23","modified_gmt":"2025-10-27T09:45:23","slug":"apostar-per-lesperanca-9788491657125","status":"publish","type":"product","link":"https:\/\/www.claret.cat\/es\/libro\/apostar-per-lesperanca-9788491657125\/","title":{"rendered":"APOSTAR PER L&#8217;ESPERAN\u00c7A"},"content":{"rendered":"<p><span>Bernab\u00e9 Dalmau i Ribalta ens ofereix un tercer i \u00faltim dietari per reflexionar m\u00e9s a fons sobre l\u2019any jubilar, posat sota el signe de l\u2019esperan\u00e7a, la virtut que ens manca tant, l\u2019\u00e0ncora de la salvaci\u00f3. Des d\u2019aquesta perspectiva, fa una relectura dels principals esdeveniments eclesials i mundials, per\u00f2 tamb\u00e9 del seu ministeri com a \u00abmissioner de la miseric\u00f2rdia\u00bb.<\/span><\/p>\n","protected":false},"excerpt":{"rendered":"<p>DALMAU, BERNAB\u00c9<\/p>\n","protected":false},"featured_media":1061871,"template":"","meta":{"_acf_changed":false,"om_disable_all_campaigns":false,"rs_blank_template":"","rs_page_bg_color":"","slide_template_v7":"","inline_featured_image":false,"_monsterinsights_skip_tracking":false,"_monsterinsights_sitenote_active":false,"_monsterinsights_sitenote_note":"","_monsterinsights_sitenote_category":0},"product_brand":[],"product_cat":[491,241,240,395],"product_tag":[],"class_list":{"0":"post-1061864","1":"product","2":"type-product","3":"status-publish","4":"has-post-thumbnail","6":"product_cat-testimonios","7":"product_cat-testimonis","8":"product_cat-vida-religiosa-espiritualitat","9":"product_cat-vida-religiosa-espiritualidad-1_espiritualidad","11":"first","12":"instock","13":"taxable","14":"shipping-taxable","15":"purchasable","16":"product-type-simple"},"acf":{"autor":"DALMAU, BERNAB\u00c9","codart":"849165712","libros-coleccion":"Ema\u00fas","ediciones":"1","encuadernacion":"R\u00fastica","fecha_de_publicacion":"27\/10\/2025","novedad":"1","paginas":"100","subtitulo":"TERCER DIETARI D'UN MISSIONER DE LA MISERIC\u00d2RDIA","orden":"0","portada":"1","idioma":"cat","booktrailer":"","resenas":"","editorial":[{"ID":6172,"post_author":"3","post_date":"2022-07-28 17:46:27","post_date_gmt":"2022-07-28 15:46:27","post_content":"","post_title":"CPL","post_excerpt":"","post_status":"publish","comment_status":"closed","ping_status":"closed","post_password":"","post_name":"cpl","to_ping":"","pinged":"","post_modified":"2022-07-28 17:46:27","post_modified_gmt":"2022-07-28 15:46:27","post_content_filtered":"","post_parent":0,"guid":"http:\/\/dev.claret.cat\/editorial\/cpl\/","menu_order":0,"post_type":"editorial","post_mime_type":"","comment_count":"0","filter":"raw"}]},"aioseo_notices":[],"_links":{"self":[{"href":"https:\/\/www.claret.cat\/es\/wp-json\/wp\/v2\/product\/1061864","targetHints":{"allow":["GET"]}}],"collection":[{"href":"https:\/\/www.claret.cat\/es\/wp-json\/wp\/v2\/product"}],"about":[{"href":"https:\/\/www.claret.cat\/es\/wp-json\/wp\/v2\/types\/product"}],"wp:featuredmedia":[{"embeddable":true,"href":"https:\/\/www.claret.cat\/es\/wp-json\/wp\/v2\/media\/1061871"}],"wp:attachment":[{"href":"https:\/\/www.claret.cat\/es\/wp-json\/wp\/v2\/media?parent=1061864"}],"wp:term":[{"taxonomy":"product_brand","embeddable":true,"href":"https:\/\/www.claret.cat\/es\/wp-json\/wp\/v2\/product_brand?post=1061864"},{"taxonomy":"product_cat","embeddable":true,"href":"https:\/\/www.claret.cat\/es\/wp-json\/wp\/v2\/product_cat?post=1061864"},{"taxonomy":"product_tag","embeddable":true,"href":"https:\/\/www.claret.cat\/es\/wp-json\/wp\/v2\/product_tag?post=1061864"}],"curies":[{"name":"wp","href":"https:\/\/api.w.org\/{rel}","templated":true}]}}