{"id":1062042,"date":"2025-10-28T13:10:02","date_gmt":"2025-10-28T12:10:02","guid":{"rendered":"https:\/\/www.claret.cat\/llibre\/45-jocs-dunicorns-9791039563260\/"},"modified":"2026-01-05T09:15:31","modified_gmt":"2026-01-05T08:15:31","slug":"45-jocs-dunicorns-9791039563260","status":"publish","type":"product","link":"https:\/\/www.claret.cat\/es\/libro\/45-jocs-dunicorns-9791039563260\/","title":{"rendered":"45 JOCS D\u2019UNICORNS"},"content":{"rendered":"<p>\u00a1Un bloc con 45 pasatiempos, un rotulador borrable y un formato peque\u00f1o y pr\u00e1ctico para llevar a todas partes! \u00a1Un bloc con 45 juegos, un rotulador borrable y un formato peque\u00f1o y pr\u00e1ctico para llevar a todas partes!<\/p>\n<p> Vete de viaje con este pr\u00e1ctico bloc de formato peque\u00f1o con 45 entretenidos pasatiempos y un rotulador borrable. \u00a1No olvides meterlo en la maleta para divertirte a cualquier hora y por todas partes! 45 juegos es una colecci\u00f3n de libro-juegos en un pr\u00e1ctico formato peque\u00f1o con un rotulador borrable \u00a1para divertirse por todas partes y todo el tiempo!<\/p>\n","protected":false},"excerpt":{"rendered":"<p>AAVV<\/p>\n","protected":false},"featured_media":1072643,"template":"","meta":{"_acf_changed":false,"om_disable_all_campaigns":false,"rs_blank_template":"","rs_page_bg_color":"","slide_template_v7":"","inline_featured_image":false,"_monsterinsights_skip_tracking":false,"_monsterinsights_sitenote_active":false,"_monsterinsights_sitenote_note":"","_monsterinsights_sitenote_category":0},"product_brand":[],"product_cat":[132,136,366,362],"product_tag":[],"class_list":{"0":"post-1062042","1":"product","2":"type-product","3":"status-publish","4":"has-post-thumbnail","6":"product_cat-lectures-per-preadolescents-6-12-anys","7":"product_cat-jocs-destimulacio","8":"product_cat-juegos-de-estimulacion","9":"product_cat-libros-preadolescentes-6-12-anos","11":"first","12":"instock","13":"taxable","14":"shipping-taxable","15":"purchasable","16":"product-type-simple"},"acf":{"autor":"AAVV","codart":"103956326","libros-coleccion":"FORA DE COL.LECCI\u00d3","ediciones":"1","encuadernacion":"R\u00fastica","fecha_de_publicacion":"01\/09\/2025","novedad":"1","paginas":"0","subtitulo":"","orden":"0","portada":"0","idioma":"cat","booktrailer":"","resenas":"","editorial":[{"ID":1056500,"post_author":"3","post_date":"2025-10-01 13:20:59","post_date_gmt":"2025-10-01 11:20:59","post_content":"","post_title":"Planeta-De Agostini","post_excerpt":"","post_status":"publish","comment_status":"closed","ping_status":"closed","post_password":"","post_name":"planeta-de-agostini","to_ping":"","pinged":"","post_modified":"2025-10-01 13:20:59","post_modified_gmt":"2025-10-01 11:20:59","post_content_filtered":"","post_parent":0,"guid":"https:\/\/www.claret.cat\/editorial\/planeta-de-agostini\/","menu_order":0,"post_type":"editorial","post_mime_type":"","comment_count":"0","filter":"raw"}]},"aioseo_notices":[],"_links":{"self":[{"href":"https:\/\/www.claret.cat\/es\/wp-json\/wp\/v2\/product\/1062042","targetHints":{"allow":["GET"]}}],"collection":[{"href":"https:\/\/www.claret.cat\/es\/wp-json\/wp\/v2\/product"}],"about":[{"href":"https:\/\/www.claret.cat\/es\/wp-json\/wp\/v2\/types\/product"}],"wp:featuredmedia":[{"embeddable":true,"href":"https:\/\/www.claret.cat\/es\/wp-json\/wp\/v2\/media\/1072643"}],"wp:attachment":[{"href":"https:\/\/www.claret.cat\/es\/wp-json\/wp\/v2\/media?parent=1062042"}],"wp:term":[{"taxonomy":"product_brand","embeddable":true,"href":"https:\/\/www.claret.cat\/es\/wp-json\/wp\/v2\/product_brand?post=1062042"},{"taxonomy":"product_cat","embeddable":true,"href":"https:\/\/www.claret.cat\/es\/wp-json\/wp\/v2\/product_cat?post=1062042"},{"taxonomy":"product_tag","embeddable":true,"href":"https:\/\/www.claret.cat\/es\/wp-json\/wp\/v2\/product_tag?post=1062042"}],"curies":[{"name":"wp","href":"https:\/\/api.w.org\/{rel}","templated":true}]}}