{"id":1062057,"date":"2025-10-28T13:25:42","date_gmt":"2025-10-28T12:25:42","guid":{"rendered":"https:\/\/www.claret.cat\/llibre\/the-hidden-society-anillos-y-estrellas-9788414065396\/"},"modified":"2026-01-13T13:50:05","modified_gmt":"2026-01-13T12:50:05","slug":"the-hidden-society-anillos-y-estrellas-9788414065396","status":"publish","type":"product","link":"https:\/\/www.claret.cat\/es\/libro\/the-hidden-society-anillos-y-estrellas-9788414065396\/","title":{"rendered":"THE HIDDEN SOCIETY : ANILLOS Y ESTRELLAS"},"content":{"rendered":"<p>\u00c1mbar Valmori tiene dos preocupaciones en la vida: un examen de Arqueolog\u00eda Persa y su rivalidad con el insoportable e irresistible Ismael Sagredo. Las estrellas, sin embargo, le tienen preparada una sorpresa. Aparece siete d\u00edas despu\u00e9s de ser secuestrada, sin el menor recuerdo de lo sucedido. Solo sabe que le falta un dedo me\u00f1ique. El suceso le abre las puertas de la Hidden Society y de Seledia, una antiqu\u00edsima academia de artes m\u00e1gicas. Ahora sabe que la magia existe, pero\u2026 \u00bfes acaso \u00c1mbar una maga? Para descubrirlo, cuenta con la ayuda inesperada de Ismael, descendiente de un linaje de poderosos hechiceros. La tensi\u00f3n entre los dos es evidente y amenaza con convertirse en fuego. Con la grandiosidad de Venecia de fondo, la pareja emprende un viaje al pasado oculto de \u00c1mbar. Indagar tal vez los conduzca a lugares prohibidos, y las estrellas, cuando se lo proponen, pueden ser muy crueles.<\/p>\n","protected":false},"excerpt":{"rendered":"<p>ARCHER, JUDE<\/p>\n","protected":false},"featured_media":1062058,"template":"","meta":{"_acf_changed":false,"om_disable_all_campaigns":false,"rs_blank_template":"","rs_page_bg_color":"","slide_template_v7":"","inline_featured_image":false,"_monsterinsights_skip_tracking":false,"_monsterinsights_sitenote_active":false,"_monsterinsights_sitenote_note":"","_monsterinsights_sitenote_category":0},"product_brand":[],"product_cat":[133,566,117,363],"product_tag":[],"class_list":{"0":"post-1062057","1":"product","2":"type-product","3":"status-publish","4":"has-post-thumbnail","6":"product_cat-lectures-per-adolescents-12-18-anys","7":"product_cat-juvenil-3_infantil-juvenil-spa-spa","8":"product_cat-juvenil","9":"product_cat-lecturas-por-adolescentes-12-18-anos","11":"first","12":"instock","13":"taxable","14":"shipping-taxable","15":"purchasable","16":"product-type-simple"},"acf":{"autor":"ARCHER, JUDE","codart":"841406539","libros-coleccion":"FORA DE COL.LECCI\u00d3","ediciones":"1","encuadernacion":"Carton\u00e9","fecha_de_publicacion":"01\/10\/2025","novedad":"1","paginas":"483","subtitulo":"","orden":"0","portada":"0","idioma":"spa","booktrailer":"","resenas":"","editorial":[{"ID":6229,"post_author":"3","post_date":"2022-07-28 17:47:40","post_date_gmt":"2022-07-28 15:47:40","post_content":"","post_title":"Editorial Luis Vives (Edelvives)","post_excerpt":"","post_status":"publish","comment_status":"closed","ping_status":"closed","post_password":"","post_name":"editorial-luis-vives-edelvives","to_ping":"","pinged":"","post_modified":"2022-07-28 17:47:40","post_modified_gmt":"2022-07-28 15:47:40","post_content_filtered":"","post_parent":0,"guid":"http:\/\/dev.claret.cat\/editorial\/editorial-luis-vives-edelvives\/","menu_order":0,"post_type":"editorial","post_mime_type":"","comment_count":"0","filter":"raw"}]},"aioseo_notices":[],"_links":{"self":[{"href":"https:\/\/www.claret.cat\/es\/wp-json\/wp\/v2\/product\/1062057","targetHints":{"allow":["GET"]}}],"collection":[{"href":"https:\/\/www.claret.cat\/es\/wp-json\/wp\/v2\/product"}],"about":[{"href":"https:\/\/www.claret.cat\/es\/wp-json\/wp\/v2\/types\/product"}],"wp:featuredmedia":[{"embeddable":true,"href":"https:\/\/www.claret.cat\/es\/wp-json\/wp\/v2\/media\/1062058"}],"wp:attachment":[{"href":"https:\/\/www.claret.cat\/es\/wp-json\/wp\/v2\/media?parent=1062057"}],"wp:term":[{"taxonomy":"product_brand","embeddable":true,"href":"https:\/\/www.claret.cat\/es\/wp-json\/wp\/v2\/product_brand?post=1062057"},{"taxonomy":"product_cat","embeddable":true,"href":"https:\/\/www.claret.cat\/es\/wp-json\/wp\/v2\/product_cat?post=1062057"},{"taxonomy":"product_tag","embeddable":true,"href":"https:\/\/www.claret.cat\/es\/wp-json\/wp\/v2\/product_tag?post=1062057"}],"curies":[{"name":"wp","href":"https:\/\/api.w.org\/{rel}","templated":true}]}}