{"id":1062357,"date":"2025-10-29T13:05:41","date_gmt":"2025-10-29T12:05:41","guid":{"rendered":"https:\/\/www.claret.cat\/llibre\/calendari-de-lermita-2026-9788412798586\/"},"modified":"2026-01-16T14:01:50","modified_gmt":"2026-01-16T13:01:50","slug":"calendari-de-lermita-2026-9788412798586","status":"publish","type":"product","link":"https:\/\/www.claret.cat\/es\/libro\/calendari-de-lermita-2026-9788412798586\/","title":{"rendered":"CALENDARI DE L&#8217;ERMIT\u00c0 2026"},"content":{"rendered":"<p>Calendari tradicional amb m\u00e9s de 150 anys d&#8221;hist\u00f2ria on trobarem les cl\u00e0ssiques informacions de caire pr\u00e0ctic, com ara: Informacions astron\u00f2miques (calendari diari de les sortides i postes del sol i la lluna, inici de les estacions, fases de la lluna, eclipsis i visibilitat dels planetes&#8230;). Festivitats i principals diades de l&#8221;any. Santoral catal\u00e0, revisat i actualitzat.<\/p>\n","protected":false},"excerpt":{"rendered":"<p>AA.VV.<\/p>\n","protected":false},"featured_media":1071923,"template":"","meta":{"_acf_changed":false,"om_disable_all_campaigns":false,"rs_blank_template":"","rs_page_bg_color":"","slide_template_v7":"","inline_featured_image":false,"_monsterinsights_skip_tracking":false,"_monsterinsights_sitenote_active":false,"_monsterinsights_sitenote_note":"","_monsterinsights_sitenote_category":0},"product_brand":[],"product_cat":[552,102],"product_tag":[],"class_list":{"0":"post-1062357","1":"product","2":"type-product","3":"status-publish","4":"has-post-thumbnail","6":"product_cat-calendarios-y-agendas","7":"product_cat-calendaris-i-agendes","9":"first","10":"instock","11":"taxable","12":"shipping-taxable","13":"purchasable","14":"product-type-simple"},"acf":{"autor":"AA.VV.","codart":"841279858","libros-coleccion":"FORA DE COL.LECCI\u00d3","ediciones":"1","encuadernacion":"R\u00fastica","fecha_de_publicacion":"01\/10\/2025","novedad":"1","paginas":"0","subtitulo":"","orden":"0","portada":"0","idioma":"cat","booktrailer":"","resenas":"","editorial":[{"ID":147889,"post_author":"3","post_date":"2022-10-14 11:54:00","post_date_gmt":"2022-10-14 09:54:00","post_content":"","post_title":"Edicions Morera","post_excerpt":"","post_status":"publish","comment_status":"closed","ping_status":"closed","post_password":"","post_name":"edicions-morera","to_ping":"","pinged":"","post_modified":"2022-10-14 11:54:00","post_modified_gmt":"2022-10-14 09:54:00","post_content_filtered":"","post_parent":0,"guid":"http:\/\/dev.claret.cat\/editorial\/edicions-morera\/","menu_order":0,"post_type":"editorial","post_mime_type":"","comment_count":"0","filter":"raw"}]},"aioseo_notices":[],"_links":{"self":[{"href":"https:\/\/www.claret.cat\/es\/wp-json\/wp\/v2\/product\/1062357","targetHints":{"allow":["GET"]}}],"collection":[{"href":"https:\/\/www.claret.cat\/es\/wp-json\/wp\/v2\/product"}],"about":[{"href":"https:\/\/www.claret.cat\/es\/wp-json\/wp\/v2\/types\/product"}],"wp:featuredmedia":[{"embeddable":true,"href":"https:\/\/www.claret.cat\/es\/wp-json\/wp\/v2\/media\/1071923"}],"wp:attachment":[{"href":"https:\/\/www.claret.cat\/es\/wp-json\/wp\/v2\/media?parent=1062357"}],"wp:term":[{"taxonomy":"product_brand","embeddable":true,"href":"https:\/\/www.claret.cat\/es\/wp-json\/wp\/v2\/product_brand?post=1062357"},{"taxonomy":"product_cat","embeddable":true,"href":"https:\/\/www.claret.cat\/es\/wp-json\/wp\/v2\/product_cat?post=1062357"},{"taxonomy":"product_tag","embeddable":true,"href":"https:\/\/www.claret.cat\/es\/wp-json\/wp\/v2\/product_tag?post=1062357"}],"curies":[{"name":"wp","href":"https:\/\/api.w.org\/{rel}","templated":true}]}}