{"id":1062404,"date":"2025-10-29T13:30:47","date_gmt":"2025-10-29T12:30:47","guid":{"rendered":"https:\/\/www.claret.cat\/llibre\/les-histories-mes-boniques-de-la-mitologia-grega-9791399073041\/"},"modified":"2025-12-24T13:40:33","modified_gmt":"2025-12-24T12:40:33","slug":"les-histories-mes-boniques-de-la-mitologia-grega-9791399073041","status":"publish","type":"product","link":"https:\/\/www.claret.cat\/es\/libro\/les-histories-mes-boniques-de-la-mitologia-grega-9791399073041\/","title":{"rendered":"LES HIST\u00d2RIES M\u00c9S BONIQUES DE LA MITOLOGIA GREGA"},"content":{"rendered":"<p>Una gran col\u00b7lecci\u00f3 dels mites grecs m\u00e9s importants presentats com a contes i extraordin\u00e0riament il\u00b7lustrats. Zeus, Hades, Afrodita, D\u00e8dal i \u00cdcar, Medusa, Orfeu i Eur\u00eddice, Minos, Odisseu o H\u00e8racles s\u00f3n els protagonistes d&#8221;aquests relats atemporals que agradaran a tota la fam\u00edlia.<\/p>\n","protected":false},"excerpt":{"rendered":"<p>MATTIA, LUISA<\/p>\n","protected":false},"featured_media":1062643,"template":"","meta":{"_acf_changed":false,"om_disable_all_campaigns":false,"rs_blank_template":"","rs_page_bg_color":"","slide_template_v7":"","inline_featured_image":false,"_monsterinsights_skip_tracking":false,"_monsterinsights_sitenote_active":false,"_monsterinsights_sitenote_note":"","_monsterinsights_sitenote_category":0},"product_brand":[],"product_cat":[133,132,362,363],"product_tag":[],"class_list":{"0":"post-1062404","1":"product","2":"type-product","3":"status-publish","4":"has-post-thumbnail","6":"product_cat-lectures-per-adolescents-12-18-anys","7":"product_cat-lectures-per-preadolescents-6-12-anys","8":"product_cat-libros-preadolescentes-6-12-anos","9":"product_cat-lecturas-por-adolescentes-12-18-anos","11":"first","12":"instock","13":"taxable","14":"shipping-taxable","15":"purchasable","16":"product-type-simple"},"acf":{"autor":"MATTIA, LUISA","codart":"139907304","libros-coleccion":"FORA DE COL.LECCI\u00d3","ediciones":"1","encuadernacion":"Carton\u00e9","fecha_de_publicacion":"01\/10\/2025","novedad":"1","paginas":"189","subtitulo":"","orden":"0","portada":"0","idioma":"spa","booktrailer":"","resenas":"","editorial":[{"ID":6262,"post_author":"3","post_date":"2022-07-28 17:48:26","post_date_gmt":"2022-07-28 15:48:26","post_content":"","post_title":"Gribaudo","post_excerpt":"","post_status":"publish","comment_status":"closed","ping_status":"closed","post_password":"","post_name":"gribaudo","to_ping":"","pinged":"","post_modified":"2022-07-28 17:48:26","post_modified_gmt":"2022-07-28 15:48:26","post_content_filtered":"","post_parent":0,"guid":"http:\/\/dev.claret.cat\/editorial\/gribaudo\/","menu_order":0,"post_type":"editorial","post_mime_type":"","comment_count":"0","filter":"raw"}]},"aioseo_notices":[],"_links":{"self":[{"href":"https:\/\/www.claret.cat\/es\/wp-json\/wp\/v2\/product\/1062404","targetHints":{"allow":["GET"]}}],"collection":[{"href":"https:\/\/www.claret.cat\/es\/wp-json\/wp\/v2\/product"}],"about":[{"href":"https:\/\/www.claret.cat\/es\/wp-json\/wp\/v2\/types\/product"}],"wp:featuredmedia":[{"embeddable":true,"href":"https:\/\/www.claret.cat\/es\/wp-json\/wp\/v2\/media\/1062643"}],"wp:attachment":[{"href":"https:\/\/www.claret.cat\/es\/wp-json\/wp\/v2\/media?parent=1062404"}],"wp:term":[{"taxonomy":"product_brand","embeddable":true,"href":"https:\/\/www.claret.cat\/es\/wp-json\/wp\/v2\/product_brand?post=1062404"},{"taxonomy":"product_cat","embeddable":true,"href":"https:\/\/www.claret.cat\/es\/wp-json\/wp\/v2\/product_cat?post=1062404"},{"taxonomy":"product_tag","embeddable":true,"href":"https:\/\/www.claret.cat\/es\/wp-json\/wp\/v2\/product_tag?post=1062404"}],"curies":[{"name":"wp","href":"https:\/\/api.w.org\/{rel}","templated":true}]}}