{"id":1062425,"date":"2025-10-29T13:40:56","date_gmt":"2025-10-29T12:40:56","guid":{"rendered":"https:\/\/www.claret.cat\/llibre\/series-boja-si-no-ho-fessis-9791399014648\/"},"modified":"2026-03-24T14:36:10","modified_gmt":"2026-03-24T13:36:10","slug":"series-boja-si-no-ho-fessis-9791399014648","status":"publish","type":"product","link":"https:\/\/www.claret.cat\/es\/libro\/series-boja-si-no-ho-fessis-9791399014648\/","title":{"rendered":"SERIES BOJA SI NO HO FESSIS"},"content":{"rendered":"<p>La Barbara est\u00e0 embarassada. Segon fill, marit idiota, entorn suburb\u00e0. La Barbara est\u00e0 estressada. Escola bressol, classes pre-part, festes infantils. La Barbara observa amb recel les mares perfectes del parc, les que vetllen pels seus petits amb pulcritud i solv\u00e8ncia, les que sempre saben qu\u00e8 \u00e9s el millor per a les criatures i quina \u00e9s la millor manera d\u2019educar-los. Les que sempre van guapes, arreglades, estupendes. La Barbara sent un odi que creix dins seu juntament amb l\u2019embri\u00f3, i l\u2019\u00fanica manera que troba d\u2019esbravar-lo \u00e9s dirigint-lo cap a les altres mares. Series boja si no ho fessis \u00e9s una s\u00e0tira salvatge que se\u2019n riu dels t\u00f2pics sobre la maternitat contempor\u00e0nia, una c\u00f2media corrosiva, violenta, suburbial i festiva, plena d\u2019escenes hilarants i ganes de matar.<\/p>\n<p> \u201cI si la maternitat despert\u00e9s el teu instint assass\u00ed? Com? No \u00e9s aix\u00f2, justament, el que fa? Coneix la Barbara, la teva nova millor amiga. El debut de la Mara Faye Lethem \u00e9s un petit diamant en brut. Addictiu, el\u00e8ctric, desinhibit i salvatge.\u201d<\/p>\n<p> Laura Fern\u00e1ndez<\/p>\n","protected":false},"excerpt":{"rendered":"<p>FAYE LETHEM, MARA<\/p>\n","protected":false},"featured_media":1092188,"template":"","meta":{"_acf_changed":false,"om_disable_all_campaigns":false,"rs_blank_template":"","rs_page_bg_color":"","slide_template_v7":"","inline_featured_image":false,"_monsterinsights_skip_tracking":false,"_monsterinsights_sitenote_active":false,"_monsterinsights_sitenote_note":"","_monsterinsights_sitenote_category":0},"product_brand":[],"product_cat":[127,357],"product_tag":[],"class_list":{"0":"post-1062425","1":"product","2":"type-product","3":"status-publish","4":"has-post-thumbnail","6":"product_cat-novella-contemporania","7":"product_cat-novela-contemporanea","9":"first","10":"instock","11":"taxable","12":"shipping-taxable","13":"purchasable","14":"product-type-simple"},"acf":{"autor":"FAYE LETHEM, MARA","codart":"139901464","libros-coleccion":"Distorsions","ediciones":"1","encuadernacion":"R\u00fastica","fecha_de_publicacion":"01\/10\/2025","novedad":"1","paginas":"180","subtitulo":"","orden":"0","portada":"0","idioma":"cat","booktrailer":"","resenas":"","editorial":[{"ID":148497,"post_author":"3","post_date":"2022-10-14 11:58:42","post_date_gmt":"2022-10-14 09:58:42","post_content":"","post_title":"MALES HERBES, EDICIONS","post_excerpt":"","post_status":"publish","comment_status":"closed","ping_status":"closed","post_password":"","post_name":"males-herbes-edicions","to_ping":"","pinged":"","post_modified":"2022-10-14 11:58:42","post_modified_gmt":"2022-10-14 09:58:42","post_content_filtered":"","post_parent":0,"guid":"http:\/\/dev.claret.cat\/editorial\/males-herbes-edicions\/","menu_order":0,"post_type":"editorial","post_mime_type":"","comment_count":"0","filter":"raw"}]},"aioseo_notices":[],"_links":{"self":[{"href":"https:\/\/www.claret.cat\/es\/wp-json\/wp\/v2\/product\/1062425","targetHints":{"allow":["GET"]}}],"collection":[{"href":"https:\/\/www.claret.cat\/es\/wp-json\/wp\/v2\/product"}],"about":[{"href":"https:\/\/www.claret.cat\/es\/wp-json\/wp\/v2\/types\/product"}],"wp:featuredmedia":[{"embeddable":true,"href":"https:\/\/www.claret.cat\/es\/wp-json\/wp\/v2\/media\/1092188"}],"wp:attachment":[{"href":"https:\/\/www.claret.cat\/es\/wp-json\/wp\/v2\/media?parent=1062425"}],"wp:term":[{"taxonomy":"product_brand","embeddable":true,"href":"https:\/\/www.claret.cat\/es\/wp-json\/wp\/v2\/product_brand?post=1062425"},{"taxonomy":"product_cat","embeddable":true,"href":"https:\/\/www.claret.cat\/es\/wp-json\/wp\/v2\/product_cat?post=1062425"},{"taxonomy":"product_tag","embeddable":true,"href":"https:\/\/www.claret.cat\/es\/wp-json\/wp\/v2\/product_tag?post=1062425"}],"curies":[{"name":"wp","href":"https:\/\/api.w.org\/{rel}","templated":true}]}}