{"id":1062446,"date":"2025-10-29T14:10:52","date_gmt":"2025-10-29T13:10:52","guid":{"rendered":"https:\/\/www.claret.cat\/llibre\/brownies-galetes-i-altres-delicies-9788413565149\/"},"modified":"2025-10-30T14:35:19","modified_gmt":"2025-10-30T13:35:19","slug":"brownies-galetes-i-altres-delicies-9788413565149","status":"publish","type":"product","link":"https:\/\/www.claret.cat\/es\/libro\/brownies-galetes-i-altres-delicies-9788413565149\/","title":{"rendered":"BROWNIES, GALETES I ALTRES DEL\u00cdCIES"},"content":{"rendered":"<p>UN LLIBRE A TOT COLOR, AMB UNA SETANTENA DE RECEPTES Si nom\u00e9s es pogu\u00e9s fer servir una paraula per descriure les receptes d&#8221;aquest llibre, aquesta paraula seria _reconfortant_. Es tracta d&#8221;un llibre amb receptes molt temptadores i ll\u00e9poles, d&#8221;aquestes que alegren el dia i l&#8221;\u00e0nima. Receptes que desborden sabor i aroma, que quan les cuines, tota la casa fa olor de llar, i la fam\u00edlia sencera treu el cap a la cuina per gaudir-ne. Dol\u00e7os que es fornegen per compartir, i sobretot per brindar amor. En aquest llibre hi trobar\u00e0s 70 receptes senzilles per elaborar diverses varietats de brownies, galetes, cocs i altres dol\u00e7os, des de les VERSIONS M\u00c9S CL\u00c0SSIQUES FINS A ALTRES M\u00c9S CREATIVES I GURMET. Tamb\u00e9 hi trobar\u00e0s explicacions detallades de t\u00e8cniques d&#8221;elaboraci\u00f3, aix\u00ed com consells i trucs per aconseguir que surtin perfectes.<\/p>\n","protected":false},"excerpt":{"rendered":"<p>CALCAGNO, ELISA<\/p>\n","protected":false},"featured_media":1062862,"template":"","meta":{"_acf_changed":false,"om_disable_all_campaigns":false,"rs_blank_template":"","rs_page_bg_color":"","slide_template_v7":"","inline_featured_image":false,"_monsterinsights_skip_tracking":false,"_monsterinsights_sitenote_active":false,"_monsterinsights_sitenote_note":"","_monsterinsights_sitenote_category":0},"product_brand":[],"product_cat":[553,103],"product_tag":[],"class_list":{"0":"post-1062446","1":"product","2":"type-product","3":"status-publish","4":"has-post-thumbnail","6":"product_cat-cocina","7":"product_cat-cuina","9":"first","10":"instock","11":"taxable","12":"shipping-taxable","13":"purchasable","14":"product-type-simple"},"acf":{"autor":"CALCAGNO, ELISA","codart":"841356514","libros-coleccion":"Sensacions","ediciones":"1","encuadernacion":"R\u00fastica","fecha_de_publicacion":"01\/10\/2025","novedad":"1","paginas":"173","subtitulo":"RECEPTES SENZILLES PER GAUDIR EN COMPANYIA","orden":"0","portada":"0","idioma":"cat","booktrailer":"","resenas":"","editorial":[{"ID":6171,"post_author":"3","post_date":"2022-07-28 17:46:25","post_date_gmt":"2022-07-28 15:46:25","post_content":"","post_title":"COSSETANIA EDICIONS","post_excerpt":"","post_status":"publish","comment_status":"closed","ping_status":"closed","post_password":"","post_name":"cossetania-edicions","to_ping":"","pinged":"","post_modified":"2022-07-28 17:46:25","post_modified_gmt":"2022-07-28 15:46:25","post_content_filtered":"","post_parent":0,"guid":"http:\/\/dev.claret.cat\/editorial\/cossetania-edicions\/","menu_order":0,"post_type":"editorial","post_mime_type":"","comment_count":"0","filter":"raw"}]},"aioseo_notices":[],"_links":{"self":[{"href":"https:\/\/www.claret.cat\/es\/wp-json\/wp\/v2\/product\/1062446","targetHints":{"allow":["GET"]}}],"collection":[{"href":"https:\/\/www.claret.cat\/es\/wp-json\/wp\/v2\/product"}],"about":[{"href":"https:\/\/www.claret.cat\/es\/wp-json\/wp\/v2\/types\/product"}],"wp:featuredmedia":[{"embeddable":true,"href":"https:\/\/www.claret.cat\/es\/wp-json\/wp\/v2\/media\/1062862"}],"wp:attachment":[{"href":"https:\/\/www.claret.cat\/es\/wp-json\/wp\/v2\/media?parent=1062446"}],"wp:term":[{"taxonomy":"product_brand","embeddable":true,"href":"https:\/\/www.claret.cat\/es\/wp-json\/wp\/v2\/product_brand?post=1062446"},{"taxonomy":"product_cat","embeddable":true,"href":"https:\/\/www.claret.cat\/es\/wp-json\/wp\/v2\/product_cat?post=1062446"},{"taxonomy":"product_tag","embeddable":true,"href":"https:\/\/www.claret.cat\/es\/wp-json\/wp\/v2\/product_tag?post=1062446"}],"curies":[{"name":"wp","href":"https:\/\/api.w.org\/{rel}","templated":true}]}}