{"id":106249,"date":"2022-10-12T09:14:47","date_gmt":"2022-10-12T07:14:47","guid":{"rendered":"http:\/\/dev.claret.cat\/producte\/les-tenebres-i-lalba-2\/"},"modified":"2023-12-13T13:53:27","modified_gmt":"2023-12-13T12:53:27","slug":"les-tenebres-i-lalba-9788417909505","status":"publish","type":"product","link":"https:\/\/www.claret.cat\/es\/libro\/les-tenebres-i-lalba-9788417909505\/","title":{"rendered":"LES TENEBRES I L&#8217;ALBA"},"content":{"rendered":"<p>LA PREQ\u00dcELA DE L&#8217;\u00c8XIT MUNDIAL ELS PILARS DE LA TERRA. Trenta anys despr\u00e9s de la publicaci\u00f3 de la seva obra mestra, Ken  Follett embarca el lector en un viatge \u00e8pic que acabar\u00e0 on comencen Els pilars de la Terra. Any 997, finals de l&#8217;edat fosca. Anglaterra s&#8217;enfronta als atacs dels  gal\u00b7lesos per l&#8217;oest i dels vikings per l&#8217;est. Aquells qui ostenten una  mica de poder l&#8217;exerceixen amb contund\u00e8ncia i, sovint, entren en conflicte amb el rei mateix. En aquests temps turbulents, tres vides s&#8217;entrecreuen: el jove  constructor de vaixells, l&#8217;Edgar, a punt d&#8217;escapolir-se amb la dona que  estima, descobreix que el seu futur ser\u00e0 molt diferent del que havia  imaginat quan la seva llar \u00e9s atacada pels vikings; la Ragna, la filla  rebel d&#8217;un noble normand, acompanya el seu marit a una nova terra a  l&#8217;altre costat del mar, i l&#8217;Aldred, un monjo idealista, somia  transformar la seva humil abadia en un centre de saviesa que tota Europa  admiri. Tots tres es veuran abocats a un perill\u00f3s enfrontament amb el  despietat bisbe Wynstan, decidit a augmentar el seu poder costi el que costi. El gran mestre de la narrativa d&#8217;acci\u00f3 i suspens ens transporta a  l&#8217;oc\u00e0s d&#8217;una \u00e8poca violenta i brutal i al comen\u00e7ament d&#8217;una nova era en  un monumental i emocionant relat d&#8217;ambici\u00f3 i rivalitat, naixement i mort, amor i odi. Sobre la saga Els pilars de la Terra han dit:<br \/>\u00abFollett \u00e9s un mestre.\u00bb<br \/>The Washington Post \u00abFant\u00e0stic des de tots els punts de vista.\u00bb<br \/>El Mundo \u00abUna obra que destaca com un triomf de l&#8217;esfor\u00e7 i de la professionalitat.\u00bb<br \/>The Guardian \u00abNo hi ha rac\u00f3 sense sorpresa ni p\u00e0gina tediosa.\u00bb<br \/>Qu\u00e8 llegir \u00abContinuo envejant com el primer dia la capacitat de Follett per  entretenir. Les seves trames funcionen sempre i et mant\u00e9 enganxat a cada p\u00e0gina.\u00bb<br \/>Juan G\u00f3mez Jurado, ABC<\/p>\n","protected":false},"excerpt":{"rendered":"<p>FOLLETT, KEN<\/p>\n","protected":false},"featured_media":106250,"template":"","meta":{"_acf_changed":false,"om_disable_all_campaigns":false,"rs_blank_template":"","rs_page_bg_color":"","slide_template_v7":"","inline_featured_image":false,"_monsterinsights_skip_tracking":false,"_monsterinsights_sitenote_active":false,"_monsterinsights_sitenote_note":"","_monsterinsights_sitenote_category":0},"product_brand":[],"product_cat":[130,360],"product_tag":[],"class_list":{"0":"post-106249","1":"product","2":"type-product","3":"status-publish","4":"has-post-thumbnail","6":"product_cat-novella-historica-i-ficcio","7":"product_cat-novela-historica-y-ficcion","9":"first","10":"instock","11":"taxable","12":"shipping-taxable","13":"purchasable","14":"product-type-simple"},"acf":{"editorial":[{"ID":6350,"post_author":"3","post_date":"2022-07-28 17:50:18","post_date_gmt":"2022-07-28 15:50:18","post_content":"","post_title":"ROSA DELS VENTS","post_excerpt":"","post_status":"publish","comment_status":"closed","ping_status":"closed","post_password":"","post_name":"rosa-dels-vents","to_ping":"","pinged":"","post_modified":"2022-07-28 17:50:18","post_modified_gmt":"2022-07-28 15:50:18","post_content_filtered":"","post_parent":0,"guid":"http:\/\/dev.claret.cat\/editorial\/rosa-dels-vents\/","menu_order":0,"post_type":"editorial","post_mime_type":"","comment_count":"0","filter":"raw"}],"autores-libros":[{"ID":5703,"post_author":"3","post_date":"2022-07-28 17:29:40","post_date_gmt":"2022-07-28 15:29:40","post_content":"","post_title":"KEN FOLLETT","post_excerpt":"","post_status":"publish","comment_status":"closed","ping_status":"closed","post_password":"","post_name":"ken-follett","to_ping":"","pinged":"","post_modified":"2022-07-28 17:29:40","post_modified_gmt":"2022-07-28 15:29:40","post_content_filtered":"","post_parent":0,"guid":"http:\/\/dev.claret.cat\/autor\/ken-follett\/","menu_order":0,"post_type":"autor","post_mime_type":"","comment_count":"0","filter":"raw"}],"autor":"FOLLETT, KEN","codart":"841790950","libros-coleccion":"Narrativa","ediciones":"1","encuadernacion":"Carton\u00e9","fecha_de_publicacion":"15\/09\/2020","novedad":"1","paginas":"910","subtitulo":"","orden":"0","portada":"0","idioma":"cat"},"aioseo_notices":[],"_links":{"self":[{"href":"https:\/\/www.claret.cat\/es\/wp-json\/wp\/v2\/product\/106249","targetHints":{"allow":["GET"]}}],"collection":[{"href":"https:\/\/www.claret.cat\/es\/wp-json\/wp\/v2\/product"}],"about":[{"href":"https:\/\/www.claret.cat\/es\/wp-json\/wp\/v2\/types\/product"}],"wp:featuredmedia":[{"embeddable":true,"href":"https:\/\/www.claret.cat\/es\/wp-json\/wp\/v2\/media\/106250"}],"wp:attachment":[{"href":"https:\/\/www.claret.cat\/es\/wp-json\/wp\/v2\/media?parent=106249"}],"wp:term":[{"taxonomy":"product_brand","embeddable":true,"href":"https:\/\/www.claret.cat\/es\/wp-json\/wp\/v2\/product_brand?post=106249"},{"taxonomy":"product_cat","embeddable":true,"href":"https:\/\/www.claret.cat\/es\/wp-json\/wp\/v2\/product_cat?post=106249"},{"taxonomy":"product_tag","embeddable":true,"href":"https:\/\/www.claret.cat\/es\/wp-json\/wp\/v2\/product_tag?post=106249"}],"curies":[{"name":"wp","href":"https:\/\/api.w.org\/{rel}","templated":true}]}}