{"id":106255,"date":"2022-10-12T09:14:52","date_gmt":"2022-10-12T07:14:52","guid":{"rendered":"http:\/\/dev.claret.cat\/producte\/100-musicales-que-deberias-ver\/"},"modified":"2023-01-28T06:25:37","modified_gmt":"2023-01-28T05:25:37","slug":"100-musicales-que-deberias-ver-9788418114267","status":"publish","type":"product","link":"https:\/\/www.claret.cat\/es\/libro\/100-musicales-que-deberias-ver-9788418114267\/","title":{"rendered":"100 MUSICALES QUE DEBER\u00cdAS VER"},"content":{"rendered":"<p>\u00bfQu\u00e9 es un musical y cu\u00e1les son los aspectos clave que se deben conocer sobre el teatro musical? En este libro se explican algunos aspectos que pueden ayudar a entender mejor en qu\u00e9 consiste este mundo: Broadway y West End \u2014la cuna de los musicales\u2014, Tony Awards y Laurence Olivier Awards \u2014los \u00d3scar del teatro musical\u2014 y algunos apuntes sobre los personajes m\u00e1s significativos en el \u00e1mbito de los musicales.<\/p>\n<p> Los musicales que se recogen en esta obra se han clasificado seg\u00fan las siguientes categor\u00edas:<br \/> 1. Los imprescindibles. Los grandes musicales modernos (20)<br \/> 2. Musicales y pel\u00edculas imprescindibles que han ido de la mano (25)<br \/> 3. \u00bfQu\u00e9 fue primero: el musical o la pel\u00edcula? (22)<br \/> 4. Musicales que no debemos olvidar (39)<br \/> 5. Apuestas locales de \u00e9xito (5)<\/p>\n<p> Con una amplia documentaci\u00f3n gr\u00e1fica, se detallan una serie de caracter\u00edsticas en torno a cada musical: creadores, fecha de estreno, datos b\u00e1sicos, sinopsis, principales personajes, n\u00fameros musicales del espect\u00e1culo, cinta cinematogr\u00e1fica relacionada, curiosidades, etc.<\/p>\n<p> Si eres amante de este g\u00e9nero teatral, este libro te permitir\u00e1 conocer toda la informaci\u00f3n sobre los principales musicales que se han producido a lo largo de la historia.<\/p>\n","protected":false},"excerpt":{"rendered":"<p>C\u00c1NOVAS TOMAS, JOAN FRANCESC<\/p>\n","protected":false},"featured_media":318195,"template":"","meta":{"_acf_changed":false,"om_disable_all_campaigns":false,"rs_blank_template":"","rs_page_bg_color":"","slide_template_v7":"","inline_featured_image":false,"_monsterinsights_skip_tracking":false,"_monsterinsights_sitenote_active":false,"_monsterinsights_sitenote_note":"","_monsterinsights_sitenote_category":0},"product_brand":[],"product_cat":[111,332,105,555],"product_tag":[],"class_list":{"0":"post-106255","1":"product","2":"type-product","3":"status-publish","4":"has-post-thumbnail","6":"product_cat-musica","7":"product_cat-musica-4_escolar-spa","8":"product_cat-regal","9":"product_cat-regalo","11":"first","12":"instock","13":"taxable","14":"shipping-taxable","15":"purchasable","16":"product-type-simple"},"acf":{"autor":"C\u00c1NOVAS TOMAS, JOAN FRANCESC","codart":"841811426","libros-coleccion":"","ediciones":"1","encuadernacion":"R\u00fastica","fecha_de_publicacion":"01\/09\/2020","novedad":"1","paginas":"279","subtitulo":"","orden":"0","portada":"0","idioma":"spa","editorial":[{"ID":147420,"post_author":"3","post_date":"2022-10-14 11:50:26","post_date_gmt":"2022-10-14 09:50:26","post_content":"","post_title":"AMAT EDITORIAL","post_excerpt":"","post_status":"publish","comment_status":"closed","ping_status":"closed","post_password":"","post_name":"amat-editorial","to_ping":"","pinged":"","post_modified":"2022-10-14 11:50:26","post_modified_gmt":"2022-10-14 09:50:26","post_content_filtered":"","post_parent":0,"guid":"http:\/\/dev.claret.cat\/editorial\/amat-editorial\/","menu_order":0,"post_type":"editorial","post_mime_type":"","comment_count":"0","filter":"raw"}],"autores-libros":[{"ID":159313,"post_author":"3","post_date":"2022-10-14 15:43:49","post_date_gmt":"2022-10-14 13:43:49","post_content":"","post_title":"JOAN FRANCESC C\u00c1NOVAS TOMAS","post_excerpt":"","post_status":"publish","comment_status":"closed","ping_status":"closed","post_password":"","post_name":"joan-francesc-canovas-tomas","to_ping":"","pinged":"","post_modified":"2022-10-14 15:43:49","post_modified_gmt":"2022-10-14 13:43:49","post_content_filtered":"","post_parent":0,"guid":"http:\/\/dev.claret.cat\/autor\/joan-francesc-canovas-tomas\/","menu_order":0,"post_type":"autor","post_mime_type":"","comment_count":"0","filter":"raw"}]},"aioseo_notices":[],"_links":{"self":[{"href":"https:\/\/www.claret.cat\/es\/wp-json\/wp\/v2\/product\/106255","targetHints":{"allow":["GET"]}}],"collection":[{"href":"https:\/\/www.claret.cat\/es\/wp-json\/wp\/v2\/product"}],"about":[{"href":"https:\/\/www.claret.cat\/es\/wp-json\/wp\/v2\/types\/product"}],"wp:featuredmedia":[{"embeddable":true,"href":"https:\/\/www.claret.cat\/es\/wp-json\/wp\/v2\/media\/318195"}],"wp:attachment":[{"href":"https:\/\/www.claret.cat\/es\/wp-json\/wp\/v2\/media?parent=106255"}],"wp:term":[{"taxonomy":"product_brand","embeddable":true,"href":"https:\/\/www.claret.cat\/es\/wp-json\/wp\/v2\/product_brand?post=106255"},{"taxonomy":"product_cat","embeddable":true,"href":"https:\/\/www.claret.cat\/es\/wp-json\/wp\/v2\/product_cat?post=106255"},{"taxonomy":"product_tag","embeddable":true,"href":"https:\/\/www.claret.cat\/es\/wp-json\/wp\/v2\/product_tag?post=106255"}],"curies":[{"name":"wp","href":"https:\/\/api.w.org\/{rel}","templated":true}]}}