{"id":1062630,"date":"2025-10-29T17:45:02","date_gmt":"2025-10-29T16:45:02","guid":{"rendered":"https:\/\/www.claret.cat\/llibre\/alzheimer-doce-anos-arrasando-el-cerebro-de-auvenqui-9791387958077\/"},"modified":"2026-01-26T19:10:48","modified_gmt":"2026-01-26T18:10:48","slug":"alzheimer-doce-anos-arrasando-el-cerebro-de-auvenqui-9791387958077","status":"publish","type":"product","link":"https:\/\/www.claret.cat\/es\/libro\/alzheimer-doce-anos-arrasando-el-cerebro-de-auvenqui-9791387958077\/","title":{"rendered":"ALZHEIMER. DOCE A\u00d1OS ARRASANDO EL CEREBRO DE AUVENQUI"},"content":{"rendered":"<p><span>El presente libro ha sido escrito con alma y coraz\u00f3n por el esposo y principal cuidador de Aurora Isabel Vences Quintela, alias AUVENQUI, casados durante 58 a\u00f1os, tras cruzarse nuestras vidas en los a\u00f1os 60 del siglo pasado, cuando ambos recalamos en el Hospital de San Pablo de Barcelona, como M\u00e9dicos Residentes.<\/span><\/p>\n<p><span>El contenido del texto tiene dos apartados fundamentales. En el primero, se relata el casi medio siglo vivido felizmente, concentrados en nuestro trabajo profesional y en el cuidado de la familia. En el segundo, se dedica a la descripci\u00f3n evolutiva de su enfermedad, con total protagonismo para Auvenqui, y en el que se rese\u00f1an los signos y s\u00edntomas presentados por una mujer resolutiva de su tiempo, describiendo los principales cambios cognitivos ocurridos en su persona tras conseguir el Alzheimer desertizar su cerebro.<\/span><\/p>\n<p><span>Terminamos el manual discrepando del llamado EDADISMO-gerontol\u00f3gico y discriminatorio imperante, que tantos estragos provoca en no pocos de estos pacientes, que terminan siendo alejados de su entorno familiar, por no ser considerados por sus allegados, un fin primordial entre sus obligaciones.<\/span><\/p>\n","protected":false},"excerpt":{"rendered":"<p>MU\u00d1OZ D\u00cdAZ, LUIS<\/p>\n","protected":false},"featured_media":1078233,"template":"","meta":{"_acf_changed":false,"om_disable_all_campaigns":false,"rs_blank_template":"","rs_page_bg_color":"","slide_template_v7":"","inline_featured_image":false,"_monsterinsights_skip_tracking":false,"_monsterinsights_sitenote_active":false,"_monsterinsights_sitenote_note":"","_monsterinsights_sitenote_category":0},"product_brand":[],"product_cat":[491,241],"product_tag":[],"class_list":{"0":"post-1062630","1":"product","2":"type-product","3":"status-publish","4":"has-post-thumbnail","6":"product_cat-testimonios","7":"product_cat-testimonis","9":"first","10":"instock","11":"taxable","12":"shipping-taxable","13":"purchasable","14":"product-type-simple"},"acf":{"autor":"MU\u00d1OZ D\u00cdAZ, LUIS","codart":"138795807","libros-coleccion":"La otra mirada","ediciones":"1","encuadernacion":"R\u00fastica","fecha_de_publicacion":"15\/10\/2025","novedad":"1","paginas":"134","subtitulo":"","orden":"0","portada":"0","idioma":"spa","booktrailer":"","resenas":"","editorial":[{"ID":6309,"post_author":"3","post_date":"2022-07-28 17:49:25","post_date_gmt":"2022-07-28 15:49:25","post_content":"","post_title":"Monte Carmelo","post_excerpt":"","post_status":"publish","comment_status":"closed","ping_status":"closed","post_password":"","post_name":"monte-carmelo","to_ping":"","pinged":"","post_modified":"2022-07-28 17:49:25","post_modified_gmt":"2022-07-28 15:49:25","post_content_filtered":"","post_parent":0,"guid":"http:\/\/dev.claret.cat\/editorial\/monte-carmelo\/","menu_order":0,"post_type":"editorial","post_mime_type":"","comment_count":"0","filter":"raw"}]},"aioseo_notices":[],"_links":{"self":[{"href":"https:\/\/www.claret.cat\/es\/wp-json\/wp\/v2\/product\/1062630","targetHints":{"allow":["GET"]}}],"collection":[{"href":"https:\/\/www.claret.cat\/es\/wp-json\/wp\/v2\/product"}],"about":[{"href":"https:\/\/www.claret.cat\/es\/wp-json\/wp\/v2\/types\/product"}],"wp:featuredmedia":[{"embeddable":true,"href":"https:\/\/www.claret.cat\/es\/wp-json\/wp\/v2\/media\/1078233"}],"wp:attachment":[{"href":"https:\/\/www.claret.cat\/es\/wp-json\/wp\/v2\/media?parent=1062630"}],"wp:term":[{"taxonomy":"product_brand","embeddable":true,"href":"https:\/\/www.claret.cat\/es\/wp-json\/wp\/v2\/product_brand?post=1062630"},{"taxonomy":"product_cat","embeddable":true,"href":"https:\/\/www.claret.cat\/es\/wp-json\/wp\/v2\/product_cat?post=1062630"},{"taxonomy":"product_tag","embeddable":true,"href":"https:\/\/www.claret.cat\/es\/wp-json\/wp\/v2\/product_tag?post=1062630"}],"curies":[{"name":"wp","href":"https:\/\/api.w.org\/{rel}","templated":true}]}}