{"id":1062691,"date":"2025-10-29T18:55:44","date_gmt":"2025-10-29T17:55:44","guid":{"rendered":"https:\/\/www.claret.cat\/llibre\/altisima-pobrezareglas-monasticas-y-formas-de-vida-9789871923168\/"},"modified":"2025-10-29T19:30:35","modified_gmt":"2025-10-29T18:30:35","slug":"altisima-pobrezareglas-monasticas-y-formas-de-vida-9789871923168","status":"publish","type":"product","link":"https:\/\/www.claret.cat\/es\/libro\/altisima-pobrezareglas-monasticas-y-formas-de-vida-9789871923168\/","title":{"rendered":"ALTISIMA POBREZA.REGLAS MONASTICAS Y FORMAS DE VIDA"},"content":{"rendered":"<p>\u00bfQu\u00e9 es una regla, si esta parece confundirse sin restos con la vida? \u00bfY qu\u00e9 es una vida humana, si en cada uno de sus gestos, de sus palabras y de sus silencios ya no puede ser distinta de la regla? El nuevo libro de Giorgio Agamben busca dar respuesta a estas preguntas a trav\u00e9s de una apasionada relectura de aquel fen\u00f3meno fascinante, y ya extinto, que ha sido el monaquismo occidental, desde Pacomio hasta San Francisco. El libro reconstruye en particular la vida de los monjes en su obsesiva atenci\u00f3n a la escansi\u00f3n temporal y la regla, a las t\u00e9cnicas asc\u00e9ticas y la liturgia. La tesis de Agamben, sin embargo, es que la verdadera novedad del monaquismo no est\u00e1 en la confusi\u00f3n entre la vida y la norma, sino en el descubrimiento de una nueva dimensi\u00f3n, en la cual quiz\u00e1 por primera vez la \u00abvida\u00bb como tal se afirma en su autonom\u00eda; y donde la reivindicaci\u00f3n de la \u00abalt\u00edsima pobreza\u00bb y del \u00abuso\u00bb lanza un desaf\u00edo al derecho, con el cual nuestro tiempo debe todav\u00eda hacer cuentas. \u00ab\u00bfC\u00f3mo pensar una forma-de-vida, es decir, una vida humana que se sustraiga por completo a ser capturada por el derecho, y un uso de los cuerpos y del mundo que no se sustancie jam\u00e1s en una apropiaci\u00f3n? \u00bfC\u00f3mo pensar la vida como aquello de lo cual nunca se da propiedad, sino solamente uso com\u00fan?\u00bb<\/p>\n","protected":false},"excerpt":{"rendered":"<p>AGAMBEN,GIORGIO<\/p>\n","protected":false},"featured_media":1062733,"template":"","meta":{"_acf_changed":false,"om_disable_all_campaigns":false,"rs_blank_template":"","rs_page_bg_color":"","slide_template_v7":"","inline_featured_image":false,"_monsterinsights_skip_tracking":false,"_monsterinsights_sitenote_active":false,"_monsterinsights_sitenote_note":"","_monsterinsights_sitenote_category":0},"product_brand":[],"product_cat":[373,166,490,239],"product_tag":[],"class_list":{"0":"post-1062691","1":"product","2":"type-product","3":"status-publish","4":"has-post-thumbnail","6":"product_cat-autores","7":"product_cat-autors-filosofia","8":"product_cat-monastica-espiritualidad-1_espiritualidad","9":"product_cat-monastica","11":"first","12":"instock","13":"taxable","14":"shipping-taxable","15":"purchasable","16":"product-type-simple"},"acf":{"autor":"AGAMBEN,GIORGIO","codart":"987192316","libros-coleccion":"Filosof\u00eda e Historia","ediciones":"1","encuadernacion":"R\u00fastica","fecha_de_publicacion":"01\/10\/2025","novedad":"1","paginas":"220","subtitulo":"","orden":"0","portada":"0","idioma":"spa","booktrailer":"","resenas":"","editorial":[{"ID":147377,"post_author":"3","post_date":"2022-10-14 11:50:06","post_date_gmt":"2022-10-14 09:50:06","post_content":"","post_title":"ADRIANA HIDALGO EDITORA","post_excerpt":"","post_status":"publish","comment_status":"closed","ping_status":"closed","post_password":"","post_name":"adriana-hidalgo-editora","to_ping":"","pinged":"","post_modified":"2022-10-14 11:50:06","post_modified_gmt":"2022-10-14 09:50:06","post_content_filtered":"","post_parent":0,"guid":"http:\/\/dev.claret.cat\/editorial\/adriana-hidalgo-editora\/","menu_order":0,"post_type":"editorial","post_mime_type":"","comment_count":"0","filter":"raw"}]},"aioseo_notices":[],"_links":{"self":[{"href":"https:\/\/www.claret.cat\/es\/wp-json\/wp\/v2\/product\/1062691","targetHints":{"allow":["GET"]}}],"collection":[{"href":"https:\/\/www.claret.cat\/es\/wp-json\/wp\/v2\/product"}],"about":[{"href":"https:\/\/www.claret.cat\/es\/wp-json\/wp\/v2\/types\/product"}],"wp:featuredmedia":[{"embeddable":true,"href":"https:\/\/www.claret.cat\/es\/wp-json\/wp\/v2\/media\/1062733"}],"wp:attachment":[{"href":"https:\/\/www.claret.cat\/es\/wp-json\/wp\/v2\/media?parent=1062691"}],"wp:term":[{"taxonomy":"product_brand","embeddable":true,"href":"https:\/\/www.claret.cat\/es\/wp-json\/wp\/v2\/product_brand?post=1062691"},{"taxonomy":"product_cat","embeddable":true,"href":"https:\/\/www.claret.cat\/es\/wp-json\/wp\/v2\/product_cat?post=1062691"},{"taxonomy":"product_tag","embeddable":true,"href":"https:\/\/www.claret.cat\/es\/wp-json\/wp\/v2\/product_tag?post=1062691"}],"curies":[{"name":"wp","href":"https:\/\/api.w.org\/{rel}","templated":true}]}}