{"id":1062816,"date":"2025-10-30T13:35:25","date_gmt":"2025-10-30T12:35:25","guid":{"rendered":"https:\/\/www.claret.cat\/llibre\/truco-o-trato-en-la-calle-del-espanto-9788491458791\/"},"modified":"2025-10-30T13:40:41","modified_gmt":"2025-10-30T12:40:41","slug":"truco-o-trato-en-la-calle-del-espanto-9788491458791","status":"publish","type":"product","link":"https:\/\/www.claret.cat\/es\/libro\/truco-o-trato-en-la-calle-del-espanto-9788491458791\/","title":{"rendered":"TRUCO O TRATO EN LA CALLE DEL ESPANTO"},"content":{"rendered":"<p>VENID. VENID TODOS. VENID Y SEGUID A TRECE TRUCOTRATEROS A LA CALLE ESPANTO. <\/p>\n<p>  \u00bfOs atrev\u00e9is a parar en la guarida del vampiro? \u00bfOs gustar\u00eda probar el manjar de la bruja? \u00bfQu\u00e9 tal echar un vistazo al interior de una casa encantada? \u00bfQui\u00e9n llegar\u00e1 hasta el final&#8230; y qu\u00e9 \u00faltimo truco (o trato) le espera?<\/p>\n<p>  \u00a1Celebrad la emoci\u00f3n y los escalofr\u00edos de esta \u00e9poca con este inolvidable viaje por la calle Espanto!<\/p>\n","protected":false},"excerpt":{"rendered":"<p>BASS, LANCE<\/p>\n","protected":false},"featured_media":1062817,"template":"","meta":{"_acf_changed":false,"om_disable_all_campaigns":false,"rs_blank_template":"","rs_page_bg_color":"","slide_template_v7":"","inline_featured_image":false,"_monsterinsights_skip_tracking":false,"_monsterinsights_sitenote_active":false,"_monsterinsights_sitenote_note":"","_monsterinsights_sitenote_category":0},"product_brand":[],"product_cat":[131,361],"product_tag":[],"class_list":{"0":"post-1062816","1":"product","2":"type-product","3":"status-publish","4":"has-post-thumbnail","6":"product_cat-contes-per-infants-0-6-anys","7":"product_cat-cuentos-para-ninos-0-6-anos","9":"first","10":"instock","11":"taxable","12":"shipping-taxable","13":"purchasable","14":"product-type-simple"},"acf":{"autor":"BASS, LANCE","codart":"849145879","libros-coleccion":"PICARONA","ediciones":"1","encuadernacion":"Carton\u00e9","fecha_de_publicacion":"01\/10\/2025","novedad":"1","paginas":"45","subtitulo":"","orden":"0","portada":"0","idioma":"spa","booktrailer":"","resenas":"","editorial":[{"ID":6329,"post_author":"3","post_date":"2022-07-28 17:49:51","post_date_gmt":"2022-07-28 15:49:51","post_content":"","post_title":"PICARONA","post_excerpt":"","post_status":"publish","comment_status":"closed","ping_status":"closed","post_password":"","post_name":"picarona","to_ping":"","pinged":"","post_modified":"2022-07-28 17:49:51","post_modified_gmt":"2022-07-28 15:49:51","post_content_filtered":"","post_parent":0,"guid":"http:\/\/dev.claret.cat\/editorial\/picarona\/","menu_order":0,"post_type":"editorial","post_mime_type":"","comment_count":"0","filter":"raw"}]},"aioseo_notices":[],"_links":{"self":[{"href":"https:\/\/www.claret.cat\/es\/wp-json\/wp\/v2\/product\/1062816","targetHints":{"allow":["GET"]}}],"collection":[{"href":"https:\/\/www.claret.cat\/es\/wp-json\/wp\/v2\/product"}],"about":[{"href":"https:\/\/www.claret.cat\/es\/wp-json\/wp\/v2\/types\/product"}],"wp:featuredmedia":[{"embeddable":true,"href":"https:\/\/www.claret.cat\/es\/wp-json\/wp\/v2\/media\/1062817"}],"wp:attachment":[{"href":"https:\/\/www.claret.cat\/es\/wp-json\/wp\/v2\/media?parent=1062816"}],"wp:term":[{"taxonomy":"product_brand","embeddable":true,"href":"https:\/\/www.claret.cat\/es\/wp-json\/wp\/v2\/product_brand?post=1062816"},{"taxonomy":"product_cat","embeddable":true,"href":"https:\/\/www.claret.cat\/es\/wp-json\/wp\/v2\/product_cat?post=1062816"},{"taxonomy":"product_tag","embeddable":true,"href":"https:\/\/www.claret.cat\/es\/wp-json\/wp\/v2\/product_tag?post=1062816"}],"curies":[{"name":"wp","href":"https:\/\/api.w.org\/{rel}","templated":true}]}}